{"id":103774,"date":"2026-03-23T17:07:16","date_gmt":"2026-03-23T21:07:16","guid":{"rendered":"https:\/\/www.tourisme-monteregie.qc.ca\/inspirations\/gourmands-de-nature\/"},"modified":"2026-04-27T14:12:12","modified_gmt":"2026-04-27T18:12:12","slug":"gourmands-de-nature","status":"publish","type":"page","link":"https:\/\/www.tourisme-monteregie.qc.ca\/en\/inspirations\/gourmands-de-nature\/","title":{"rendered":"Gourmet by nature"},"content":{"rendered":"","protected":false},"excerpt":{"rendered":"","protected":false},"author":23,"featured_media":103368,"parent":47275,"menu_order":0,"comment_status":"closed","ping_status":"closed","template":"templates\/tpl_landing.php","meta":{"_acf_changed":false,"inline_featured_image":false,"footnotes":""},"class_list":["post-103774","page","type-page","status-publish","has-post-thumbnail","hentry"],"acf":{"couleurs":{"couleur_principal":"#faebdc"},"type_dentete":"head4","en-tete_4":{"titre":"Gourmet by nature","image_gauche":"https:\/\/www.tourisme-monteregie.qc.ca\/wp-content\/uploads\/2026\/04\/TM_LANDING_POMME_485x360.jpg","image_droite":"https:\/\/www.tourisme-monteregie.qc.ca\/wp-content\/uploads\/2026\/04\/TM_LANDING_VIN_485x360.jpg","lien_1":"","lien_2":"","couleur_du_texte":"#183324"},"active_ga4_event":false,"google_ads_key":"","bloc_dimages":[{"acf_fc_layout":"bloc_10","ancre":"","texte_centre":false,"niveau_du_titre":"h2","titre":"Immerse yourself in wonderful experiences as you discover the local flavors, nature, and culture","texte":"","decalage":"left","appel_a_laction":[{"lien":{"title":"Discover regional flavors","url":"https:\/\/www.tourisme-monteregie.qc.ca\/en\/member\/category\/things-to-do\/regional-delights\/","target":"_blank"},"couleur_du_fond":"#d75535","image":"https:\/\/www.tourisme-monteregie.qc.ca\/wp-content\/uploads\/2026\/03\/Autocueillette_750x560.jpg"},{"lien":{"title":"Visit a historic site","url":"https:\/\/www.tourisme-monteregie.qc.ca\/en\/member\/category\/things-to-do\/culture-and-heritage\/","target":"_blank"},"couleur_du_fond":"#553a29","image":"https:\/\/www.tourisme-monteregie.qc.ca\/wp-content\/uploads\/2025\/09\/Lieu-historique-national-du-Fort-Chambly-350x260-1.png"},{"lien":{"title":"Visit a vineyard","url":"https:\/\/www.tourisme-monteregie.qc.ca\/en\/member\/category\/things-to-do\/regional-delights\/vineyards\/","target":"_blank"},"couleur_du_fond":"#83244e","image":"https:\/\/www.tourisme-monteregie.qc.ca\/wp-content\/uploads\/2025\/06\/Vignoble_coteau_des_artisans_350x260.jpg"}]},{"acf_fc_layout":"bloc_10","ancre":"","texte_centre":false,"niveau_du_titre":"h2","titre":"3 ways to enjoy the region","texte":"<p>Here, stopping to savor local products means taking the time to enjoy an authentic experience. Meet the people who grow and craft our regional delicacies as they share their passion in a warm and welcoming setting.<\/p>\n","decalage":"right","appel_a_laction":[{"lien":{"title":"Stop for a tasty treat","url":"https:\/\/www.tourisme-monteregie.qc.ca\/en\/member\/category\/things-to-do\/regional-delights\/","target":"_blank"},"couleur_du_fond":"#ce9d33","image":"https:\/\/www.tourisme-monteregie.qc.ca\/wp-content\/uploads\/2019\/06\/vignobles.jpg"},{"lien":{"title":"Mix things up","url":"https:\/\/www.tourisme-monteregie.qc.ca\/en\/member\/category\/things-to-do\/regional-delights\/","target":"_blank"},"couleur_du_fond":"#183324","image":"https:\/\/www.tourisme-monteregie.qc.ca\/wp-content\/uploads\/2025\/04\/Gite-des-oies-750x562-1.png"},{"lien":{"title":"Meet producers","url":"https:\/\/www.tourisme-monteregie.qc.ca\/en\/member\/category\/things-to-do\/regional-delights\/","target":"_blank"},"couleur_du_fond":"#667d41","image":"https:\/\/www.tourisme-monteregie.qc.ca\/wp-content\/uploads\/2025\/04\/La-Belle-de-Coteau-du-Lac-750x562-1.png"}]},{"acf_fc_layout":"bloc_10","ancre":"","texte_centre":true,"niveau_du_titre":"h2","titre":"Our roads are dotted with discoveries that add a touch of authenticity to your visit","texte":"","decalage":"no","appel_a_laction":[{"lien":{"title":"Discover a microbrewery","url":"https:\/\/www.tourisme-monteregie.qc.ca\/en\/member\/category\/things-to-do\/regional-delights\/micro-breweries-distilleries\/","target":"_blank"},"couleur_du_fond":"#83244e","image":"https:\/\/www.tourisme-monteregie.qc.ca\/wp-content\/uploads\/2025\/04\/Kahnawake-micro_750x562.jpg"},{"lien":{"title":"Visit a cider mills","url":"https:\/\/www.tourisme-monteregie.qc.ca\/en\/member\/category\/things-to-do\/regional-delights\/orchards-and-cider-mills\/","target":"_blank"},"couleur_du_fond":"#553a29","image":"https:\/\/www.tourisme-monteregie.qc.ca\/wp-content\/uploads\/2026\/03\/Coteau-St-Paul.jpg"},{"lien":{"title":"Reserve a country table ","url":"https:\/\/www.tourisme-monteregie.qc.ca\/en\/member\/category\/places-to-eat\/country-tables\/","target":"_blank"},"couleur_du_fond":"#d75535","image":"https:\/\/www.tourisme-monteregie.qc.ca\/wp-content\/uploads\/2025\/04\/Le-mangeoir-750x562-1.jpg"}]},{"acf_fc_layout":"bloc_10","ancre":"","texte_centre":true,"niveau_du_titre":"h2","titre":"Taking in the scenery during outdoor excursions\u2014an authentic experience to savor in good company.","texte":"","decalage":"left","appel_a_laction":[{"lien":{"title":"Cycling at your own pace","url":"https:\/\/www.tourisme-monteregie.qc.ca\/en\/member\/category\/things-to-do\/cyclo-tourism\/","target":"_blank"},"couleur_du_fond":"#667d41","image":"https:\/\/www.tourisme-monteregie.qc.ca\/wp-content\/uploads\/2019\/07\/Terre-a-Boire-axe-cyclable-vallee-des-forts_750x562.jpg"},{"lien":{"title":"Enjoy nature","url":"https:\/\/www.tourisme-monteregie.qc.ca\/en\/member\/category\/things-to-do\/nature-and-outdoor-activities\/","target":"_blank"},"couleur_du_fond":"#183324","image":"https:\/\/www.tourisme-monteregie.qc.ca\/wp-content\/uploads\/2025\/05\/Vignoble_cortellino750x562.jpg"},{"lien":{"title":"Get out in the fresh air","url":"https:\/\/www.tourisme-monteregie.qc.ca\/en\/member\/category\/things-to-do\/nature-and-outdoor-activities\/","target":"_blank"},"couleur_du_fond":"#ce9d33","image":"https:\/\/www.tourisme-monteregie.qc.ca\/wp-content\/uploads\/2025\/04\/Parc-national-des-Iles-de-Boucherville-kayak_750x562.jpg"}]},{"acf_fc_layout":"bloc_10","ancre":"","texte_centre":false,"niveau_du_titre":"h2","titre":"Extend your stay and savor the happy moments","texte":"","decalage":"right","appel_a_laction":[{"lien":{"title":"Attend an event","url":"https:\/\/www.tourisme-monteregie.qc.ca\/en\/member\/category\/things-to-do\/events\/festivals-and-events\/","target":"_blank"},"couleur_du_fond":"#d75535","image":"https:\/\/www.tourisme-monteregie.qc.ca\/wp-content\/uploads\/2025\/04\/Envolee-de-montgolfieres-750x562-1-e1774897085403.jpg"},{"lien":{"title":"Take a getaway","url":"https:\/\/www.tourisme-monteregie.qc.ca\/membre\/categorie\/ou-dormir\/","target":"_blank"},"couleur_du_fond":"#83244e","image":"https:\/\/www.tourisme-monteregie.qc.ca\/wp-content\/uploads\/2025\/04\/La-Belle_du_coteau_du_lac_750x562-e1774896826226.jpg"}]},{"acf_fc_layout":"bloc_6","ancre":"","couleur_du_texte":"#183324","gros_titre":"Gourmet Mont\u00e9r\u00e9gie ","button_1":{"title":"Read the tourism magazine","url":"https:\/\/www.tourisme-monteregie.qc.ca\/en\/member\/category\/magazine-touristique-en\/","target":"_blank"},"button_2":{"title":"Order the tourism magazine","url":"https:\/\/www.tourisme-monteregie.qc.ca\/en\/member\/category\/magazine-touristique-en\/","target":"_blank"},"buttons_colors_1":{"couleur_texte":"#ffffff","couleur_fond":"#667d41"},"buttons_colors_2":{"couleur_texte":"#ffffff","couleur_fond":"#183324"},"image":"https:\/\/www.tourisme-monteregie.qc.ca\/wp-content\/uploads\/2026\/04\/Carte-Monteregie-Gourmande-anglais-Web.png","titre_bas":"Enjoy the moment","texte_bas":"<p>It\u2019s easy to fall in love with the splendid farm-to-table restaurants, creative microbreweries, orchards,<br \/>\nparks, rivers, and more. Treat yourself to a muchdeserved break, just a hop and a skip from Montr\u00e9al.<\/p>\n","button_bas":{"title":"See map","url":"https:\/\/www.tourisme-monteregie.qc.ca\/wp-content\/uploads\/2026\/04\/TM_Carte_GourmetMonteregie_17x11_2026_V01-AN-WEB.pdf","target":"_blank"},"buttons_colors_3":{"couleur_texte":"#ffffff","couleur_fond":"#553a29"}},{"acf_fc_layout":"bloc_5","ancre":"","nouveau_visuel":false,"titre":"Get inspired","couleur_du_titre":"","images":[{"couleur":"","image":"https:\/\/www.tourisme-monteregie.qc.ca\/wp-content\/uploads\/2025\/05\/slider-velo-370x315-1.jpg","texte":"Cycletouring","lien":"https:\/\/www.tourisme-monteregie.qc.ca\/en\/inspirations\/cyclo-tourism\/"},{"couleur":"","image":"https:\/\/www.tourisme-monteregie.qc.ca\/wp-content\/uploads\/2026\/03\/Le_Mangeoir_table_fermiere_376x282_slider.jpg","texte":"Local flavors","lien":"https:\/\/www.tourisme-monteregie.qc.ca\/en\/inspirations\/saveurs-locales\/"},{"couleur":"","image":"https:\/\/www.tourisme-monteregie.qc.ca\/wp-content\/uploads\/2026\/03\/Mihouli_hebergement_376x282_slider.jpg","texte":"Gateway","lien":"https:\/\/www.tourisme-monteregie.qc.ca\/inspirations\/escapades\/"},{"couleur":"","image":"https:\/\/www.tourisme-monteregie.qc.ca\/wp-content\/uploads\/2026\/03\/Parc_iles_Boucherville_sepaq_jogging_376x282_slider.jpg","texte":"Outdoor activities","lien":"https:\/\/www.tourisme-monteregie.qc.ca\/en\/inspirations\/outdoor-activities-summer\/"},{"couleur":"","image":"https:\/\/www.tourisme-monteregie.qc.ca\/wp-content\/uploads\/2025\/05\/traditions-autochtones-370x315-1.jpg","texte":"Indigenous traditions","lien":"https:\/\/www.tourisme-monteregie.qc.ca\/en\/inspirations\/traditions-autochtones\/"}]}],"title_banner":false,"title_banner_bg_bleed":false,"fullwidth_page":false},"featured_image_urls_v2":{"full":["https:\/\/www.tourisme-monteregie.qc.ca\/wp-content\/uploads\/2026\/03\/pomme.png",485,315,false],"thumbnail":["https:\/\/www.tourisme-monteregie.qc.ca\/wp-content\/uploads\/2026\/03\/pomme-150x150.png",150,150,true],"medium":["https:\/\/www.tourisme-monteregie.qc.ca\/wp-content\/uploads\/2026\/03\/pomme-300x195.png",300,195,true],"medium_large":["https:\/\/www.tourisme-monteregie.qc.ca\/wp-content\/uploads\/2026\/03\/pomme.png",485,315,false],"large":["https:\/\/www.tourisme-monteregie.qc.ca\/wp-content\/uploads\/2026\/03\/pomme.png",485,315,false],"1536x1536":["https:\/\/www.tourisme-monteregie.qc.ca\/wp-content\/uploads\/2026\/03\/pomme.png",485,315,false],"2048x2048":["https:\/\/www.tourisme-monteregie.qc.ca\/wp-content\/uploads\/2026\/03\/pomme.png",485,315,false],"post-thumb":["https:\/\/www.tourisme-monteregie.qc.ca\/wp-content\/uploads\/2026\/03\/pomme-275x179.png",275,179,true],"imgBannerPopup":["https:\/\/www.tourisme-monteregie.qc.ca\/wp-content\/uploads\/2026\/03\/pomme.png",485,315,false],"imgBanner":["https:\/\/www.tourisme-monteregie.qc.ca\/wp-content\/uploads\/2026\/03\/pomme.png",485,315,false],"imgBannerFull":["https:\/\/www.tourisme-monteregie.qc.ca\/wp-content\/uploads\/2026\/03\/pomme.png",485,315,false],"imgBannerMobile":["https:\/\/www.tourisme-monteregie.qc.ca\/wp-content\/uploads\/2026\/03\/pomme.png",485,315,false],"imgBannerMobileSmall":["https:\/\/www.tourisme-monteregie.qc.ca\/wp-content\/uploads\/2026\/03\/pomme-400x315.png",400,315,true],"imgMember":["https:\/\/www.tourisme-monteregie.qc.ca\/wp-content\/uploads\/2026\/03\/pomme.png",485,315,false],"imgMemberSmall":["https:\/\/www.tourisme-monteregie.qc.ca\/wp-content\/uploads\/2026\/03\/pomme-400x260.png",400,260,true],"imgTeam":["https:\/\/www.tourisme-monteregie.qc.ca\/wp-content\/uploads\/2026\/03\/pomme.png",485,315,false],"imgTeamSmall":["https:\/\/www.tourisme-monteregie.qc.ca\/wp-content\/uploads\/2026\/03\/pomme-270x175.png",270,175,true],"gform-image-choice-sm":["https:\/\/www.tourisme-monteregie.qc.ca\/wp-content\/uploads\/2026\/03\/pomme.png",300,195,false],"gform-image-choice-md":["https:\/\/www.tourisme-monteregie.qc.ca\/wp-content\/uploads\/2026\/03\/pomme.png",400,260,false],"gform-image-choice-lg":["https:\/\/www.tourisme-monteregie.qc.ca\/wp-content\/uploads\/2026\/03\/pomme.png",485,315,false]},"post_excerpt_stackable_v2":"","category_list_v2":"","author_info_v2":{"name":"Marie-Eve Fontaine","url":"https:\/\/www.tourisme-monteregie.qc.ca\/en\/author\/mefontaine\/"},"comments_num_v2":"0 comments","yoast_head":"<!-- This site is optimized with the Yoast SEO plugin v27.4 - https:\/\/yoast.com\/product\/yoast-seo-wordpress\/ -->\n<title>Foodie Getaways in Mont\u00e9r\u00e9gie: Nature, Local Flavours and Unique Experiences<\/title>\n<meta name=\"description\" content=\"Discover Mont\u00e9r\u00e9gie\u2019s foodie side with local farms, vineyards, microbreweries and outdoor activities\u2014perfect for a delicious weekend getaway near Montreal.\" \/>\n<meta name=\"robots\" content=\"index, follow, max-snippet:-1, max-image-preview:large, max-video-preview:-1\" \/>\n<link rel=\"canonical\" href=\"https:\/\/www.tourisme-monteregie.qc.ca\/en\/inspirations\/gourmands-de-nature\/\" \/>\n<meta property=\"og:locale\" content=\"en_US\" \/>\n<meta property=\"og:type\" content=\"article\" \/>\n<meta property=\"og:title\" content=\"Foodie Getaways in Mont\u00e9r\u00e9gie: Nature, Local Flavours and Unique Experiences\" \/>\n<meta property=\"og:description\" content=\"Discover Mont\u00e9r\u00e9gie\u2019s foodie side with local farms, vineyards, microbreweries and outdoor activities\u2014perfect for a delicious weekend getaway near Montreal.\" \/>\n<meta property=\"og:url\" content=\"https:\/\/www.tourisme-monteregie.qc.ca\/en\/inspirations\/gourmands-de-nature\/\" \/>\n<meta property=\"og:site_name\" content=\"Tourisme Mont\u00e9r\u00e9gie\" \/>\n<meta property=\"article:publisher\" content=\"https:\/\/www.facebook.com\/tourisme.monteregie\" \/>\n<meta property=\"article:modified_time\" content=\"2026-04-27T18:12:12+00:00\" \/>\n<meta property=\"og:image\" content=\"https:\/\/www.tourisme-monteregie.qc.ca\/wp-content\/uploads\/2026\/03\/pomme.png\" \/>\n\t<meta property=\"og:image:width\" content=\"485\" \/>\n\t<meta property=\"og:image:height\" content=\"315\" \/>\n\t<meta property=\"og:image:type\" content=\"image\/png\" \/>\n<meta name=\"twitter:card\" content=\"summary_large_image\" \/>\n<meta name=\"twitter:site\" content=\"@tourmonteregie\" \/>\n<meta name=\"twitter:label1\" content=\"Est. reading time\" \/>\n\t<meta name=\"twitter:data1\" content=\"6 minutes\" \/>\n<script type=\"application\/ld+json\" class=\"yoast-schema-graph\">{\"@context\":\"https:\\\/\\\/schema.org\",\"@graph\":[{\"@type\":\"WebPage\",\"@id\":\"https:\\\/\\\/www.tourisme-monteregie.qc.ca\\\/en\\\/inspirations\\\/gourmands-de-nature\\\/\",\"url\":\"https:\\\/\\\/www.tourisme-monteregie.qc.ca\\\/en\\\/inspirations\\\/gourmands-de-nature\\\/\",\"name\":\"Foodie Getaways in Mont\u00e9r\u00e9gie: Nature, Local Flavours and Unique Experiences\",\"isPartOf\":{\"@id\":\"https:\\\/\\\/www.tourisme-monteregie.qc.ca\\\/en\\\/#website\"},\"primaryImageOfPage\":{\"@id\":\"https:\\\/\\\/www.tourisme-monteregie.qc.ca\\\/en\\\/inspirations\\\/gourmands-de-nature\\\/#primaryimage\"},\"image\":{\"@id\":\"https:\\\/\\\/www.tourisme-monteregie.qc.ca\\\/en\\\/inspirations\\\/gourmands-de-nature\\\/#primaryimage\"},\"thumbnailUrl\":\"https:\\\/\\\/www.tourisme-monteregie.qc.ca\\\/wp-content\\\/uploads\\\/2026\\\/03\\\/pomme.png\",\"datePublished\":\"2026-03-23T21:07:16+00:00\",\"dateModified\":\"2026-04-27T18:12:12+00:00\",\"description\":\"Discover Mont\u00e9r\u00e9gie\u2019s foodie side with local farms, vineyards, microbreweries and outdoor activities\u2014perfect for a delicious weekend getaway near Montreal.\",\"breadcrumb\":{\"@id\":\"https:\\\/\\\/www.tourisme-monteregie.qc.ca\\\/en\\\/inspirations\\\/gourmands-de-nature\\\/#breadcrumb\"},\"inLanguage\":\"en-CA\",\"potentialAction\":[{\"@type\":\"ReadAction\",\"target\":[\"https:\\\/\\\/www.tourisme-monteregie.qc.ca\\\/en\\\/inspirations\\\/gourmands-de-nature\\\/\"]}]},{\"@type\":\"ImageObject\",\"inLanguage\":\"en-CA\",\"@id\":\"https:\\\/\\\/www.tourisme-monteregie.qc.ca\\\/en\\\/inspirations\\\/gourmands-de-nature\\\/#primaryimage\",\"url\":\"https:\\\/\\\/www.tourisme-monteregie.qc.ca\\\/wp-content\\\/uploads\\\/2026\\\/03\\\/pomme.png\",\"contentUrl\":\"https:\\\/\\\/www.tourisme-monteregie.qc.ca\\\/wp-content\\\/uploads\\\/2026\\\/03\\\/pomme.png\",\"width\":485,\"height\":315},{\"@type\":\"BreadcrumbList\",\"@id\":\"https:\\\/\\\/www.tourisme-monteregie.qc.ca\\\/en\\\/inspirations\\\/gourmands-de-nature\\\/#breadcrumb\",\"itemListElement\":[{\"@type\":\"ListItem\",\"position\":1,\"name\":\"Accueil\",\"item\":\"https:\\\/\\\/www.tourisme-monteregie.qc.ca\\\/en\\\/accueil\\\/\"},{\"@type\":\"ListItem\",\"position\":2,\"name\":\"Inspirations\",\"item\":\"https:\\\/\\\/www.tourisme-monteregie.qc.ca\\\/en\\\/inspirations\\\/?season=fall\"},{\"@type\":\"ListItem\",\"position\":3,\"name\":\"Gourmet by nature\"}]},{\"@type\":\"WebSite\",\"@id\":\"https:\\\/\\\/www.tourisme-monteregie.qc.ca\\\/en\\\/#website\",\"url\":\"https:\\\/\\\/www.tourisme-monteregie.qc.ca\\\/en\\\/\",\"name\":\"Tourisme Mont\u00e9r\u00e9gie\",\"description\":\"\",\"publisher\":{\"@id\":\"https:\\\/\\\/www.tourisme-monteregie.qc.ca\\\/en\\\/#organization\"},\"potentialAction\":[{\"@type\":\"SearchAction\",\"target\":{\"@type\":\"EntryPoint\",\"urlTemplate\":\"https:\\\/\\\/www.tourisme-monteregie.qc.ca\\\/en\\\/?s={search_term_string}\"},\"query-input\":{\"@type\":\"PropertyValueSpecification\",\"valueRequired\":true,\"valueName\":\"search_term_string\"}}],\"inLanguage\":\"en-CA\"},{\"@type\":\"Organization\",\"@id\":\"https:\\\/\\\/www.tourisme-monteregie.qc.ca\\\/en\\\/#organization\",\"name\":\"Tourisme Mont\u00e9r\u00e9gie\",\"url\":\"https:\\\/\\\/www.tourisme-monteregie.qc.ca\\\/en\\\/\",\"logo\":{\"@type\":\"ImageObject\",\"inLanguage\":\"en-CA\",\"@id\":\"https:\\\/\\\/www.tourisme-monteregie.qc.ca\\\/en\\\/#\\\/schema\\\/logo\\\/image\\\/\",\"url\":\"https:\\\/\\\/www.tourisme-monteregie.qc.ca\\\/wp-content\\\/uploads\\\/2025\\\/02\\\/cropped-android-chrome-256x256-1.png\",\"contentUrl\":\"https:\\\/\\\/www.tourisme-monteregie.qc.ca\\\/wp-content\\\/uploads\\\/2025\\\/02\\\/cropped-android-chrome-256x256-1.png\",\"width\":512,\"height\":512,\"caption\":\"Tourisme Mont\u00e9r\u00e9gie\"},\"image\":{\"@id\":\"https:\\\/\\\/www.tourisme-monteregie.qc.ca\\\/en\\\/#\\\/schema\\\/logo\\\/image\\\/\"},\"sameAs\":[\"https:\\\/\\\/www.facebook.com\\\/tourisme.monteregie\",\"https:\\\/\\\/x.com\\\/tourmonteregie\",\"https:\\\/\\\/www.instagram.com\\\/tourismemonteregie\\\/\",\"https:\\\/\\\/www.pinterest.ca\\\/tourmonteregie\",\"https:\\\/\\\/www.youtube.com\\\/user\\\/tourismemonteregie\",\"https:\\\/\\\/www.linkedin.com\\\/company\\\/tourisme-monteregie\\\/\"]}]}<\/script>\n<!-- \/ Yoast SEO plugin. -->","yoast_head_json":{"title":"Foodie Getaways in Mont\u00e9r\u00e9gie: Nature, Local Flavours and Unique Experiences","description":"Discover Mont\u00e9r\u00e9gie\u2019s foodie side with local farms, vineyards, microbreweries and outdoor activities\u2014perfect for a delicious weekend getaway near Montreal.","robots":{"index":"index","follow":"follow","max-snippet":"max-snippet:-1","max-image-preview":"max-image-preview:large","max-video-preview":"max-video-preview:-1"},"canonical":"https:\/\/www.tourisme-monteregie.qc.ca\/en\/inspirations\/gourmands-de-nature\/","og_locale":"en_US","og_type":"article","og_title":"Foodie Getaways in Mont\u00e9r\u00e9gie: Nature, Local Flavours and Unique Experiences","og_description":"Discover Mont\u00e9r\u00e9gie\u2019s foodie side with local farms, vineyards, microbreweries and outdoor activities\u2014perfect for a delicious weekend getaway near Montreal.","og_url":"https:\/\/www.tourisme-monteregie.qc.ca\/en\/inspirations\/gourmands-de-nature\/","og_site_name":"Tourisme Mont\u00e9r\u00e9gie","article_publisher":"https:\/\/www.facebook.com\/tourisme.monteregie","article_modified_time":"2026-04-27T18:12:12+00:00","og_image":[{"width":485,"height":315,"url":"https:\/\/www.tourisme-monteregie.qc.ca\/wp-content\/uploads\/2026\/03\/pomme.png","type":"image\/png"}],"twitter_card":"summary_large_image","twitter_site":"@tourmonteregie","twitter_misc":{"Est. reading time":"6 minutes"},"schema":{"@context":"https:\/\/schema.org","@graph":[{"@type":"WebPage","@id":"https:\/\/www.tourisme-monteregie.qc.ca\/en\/inspirations\/gourmands-de-nature\/","url":"https:\/\/www.tourisme-monteregie.qc.ca\/en\/inspirations\/gourmands-de-nature\/","name":"Foodie Getaways in Mont\u00e9r\u00e9gie: Nature, Local Flavours and Unique Experiences","isPartOf":{"@id":"https:\/\/www.tourisme-monteregie.qc.ca\/en\/#website"},"primaryImageOfPage":{"@id":"https:\/\/www.tourisme-monteregie.qc.ca\/en\/inspirations\/gourmands-de-nature\/#primaryimage"},"image":{"@id":"https:\/\/www.tourisme-monteregie.qc.ca\/en\/inspirations\/gourmands-de-nature\/#primaryimage"},"thumbnailUrl":"https:\/\/www.tourisme-monteregie.qc.ca\/wp-content\/uploads\/2026\/03\/pomme.png","datePublished":"2026-03-23T21:07:16+00:00","dateModified":"2026-04-27T18:12:12+00:00","description":"Discover Mont\u00e9r\u00e9gie\u2019s foodie side with local farms, vineyards, microbreweries and outdoor activities\u2014perfect for a delicious weekend getaway near Montreal.","breadcrumb":{"@id":"https:\/\/www.tourisme-monteregie.qc.ca\/en\/inspirations\/gourmands-de-nature\/#breadcrumb"},"inLanguage":"en-CA","potentialAction":[{"@type":"ReadAction","target":["https:\/\/www.tourisme-monteregie.qc.ca\/en\/inspirations\/gourmands-de-nature\/"]}]},{"@type":"ImageObject","inLanguage":"en-CA","@id":"https:\/\/www.tourisme-monteregie.qc.ca\/en\/inspirations\/gourmands-de-nature\/#primaryimage","url":"https:\/\/www.tourisme-monteregie.qc.ca\/wp-content\/uploads\/2026\/03\/pomme.png","contentUrl":"https:\/\/www.tourisme-monteregie.qc.ca\/wp-content\/uploads\/2026\/03\/pomme.png","width":485,"height":315},{"@type":"BreadcrumbList","@id":"https:\/\/www.tourisme-monteregie.qc.ca\/en\/inspirations\/gourmands-de-nature\/#breadcrumb","itemListElement":[{"@type":"ListItem","position":1,"name":"Accueil","item":"https:\/\/www.tourisme-monteregie.qc.ca\/en\/accueil\/"},{"@type":"ListItem","position":2,"name":"Inspirations","item":"https:\/\/www.tourisme-monteregie.qc.ca\/en\/inspirations\/?season=fall"},{"@type":"ListItem","position":3,"name":"Gourmet by nature"}]},{"@type":"WebSite","@id":"https:\/\/www.tourisme-monteregie.qc.ca\/en\/#website","url":"https:\/\/www.tourisme-monteregie.qc.ca\/en\/","name":"Tourisme Mont\u00e9r\u00e9gie","description":"","publisher":{"@id":"https:\/\/www.tourisme-monteregie.qc.ca\/en\/#organization"},"potentialAction":[{"@type":"SearchAction","target":{"@type":"EntryPoint","urlTemplate":"https:\/\/www.tourisme-monteregie.qc.ca\/en\/?s={search_term_string}"},"query-input":{"@type":"PropertyValueSpecification","valueRequired":true,"valueName":"search_term_string"}}],"inLanguage":"en-CA"},{"@type":"Organization","@id":"https:\/\/www.tourisme-monteregie.qc.ca\/en\/#organization","name":"Tourisme Mont\u00e9r\u00e9gie","url":"https:\/\/www.tourisme-monteregie.qc.ca\/en\/","logo":{"@type":"ImageObject","inLanguage":"en-CA","@id":"https:\/\/www.tourisme-monteregie.qc.ca\/en\/#\/schema\/logo\/image\/","url":"https:\/\/www.tourisme-monteregie.qc.ca\/wp-content\/uploads\/2025\/02\/cropped-android-chrome-256x256-1.png","contentUrl":"https:\/\/www.tourisme-monteregie.qc.ca\/wp-content\/uploads\/2025\/02\/cropped-android-chrome-256x256-1.png","width":512,"height":512,"caption":"Tourisme Mont\u00e9r\u00e9gie"},"image":{"@id":"https:\/\/www.tourisme-monteregie.qc.ca\/en\/#\/schema\/logo\/image\/"},"sameAs":["https:\/\/www.facebook.com\/tourisme.monteregie","https:\/\/x.com\/tourmonteregie","https:\/\/www.instagram.com\/tourismemonteregie\/","https:\/\/www.pinterest.ca\/tourmonteregie","https:\/\/www.youtube.com\/user\/tourismemonteregie","https:\/\/www.linkedin.com\/company\/tourisme-monteregie\/"]}]}},"_links":{"self":[{"href":"https:\/\/www.tourisme-monteregie.qc.ca\/en\/wp-json\/wp\/v2\/pages\/103774","targetHints":{"allow":["GET"]}}],"collection":[{"href":"https:\/\/www.tourisme-monteregie.qc.ca\/en\/wp-json\/wp\/v2\/pages"}],"about":[{"href":"https:\/\/www.tourisme-monteregie.qc.ca\/en\/wp-json\/wp\/v2\/types\/page"}],"author":[{"embeddable":true,"href":"https:\/\/www.tourisme-monteregie.qc.ca\/en\/wp-json\/wp\/v2\/users\/23"}],"replies":[{"embeddable":true,"href":"https:\/\/www.tourisme-monteregie.qc.ca\/en\/wp-json\/wp\/v2\/comments?post=103774"}],"version-history":[{"count":5,"href":"https:\/\/www.tourisme-monteregie.qc.ca\/en\/wp-json\/wp\/v2\/pages\/103774\/revisions"}],"predecessor-version":[{"id":104545,"href":"https:\/\/www.tourisme-monteregie.qc.ca\/en\/wp-json\/wp\/v2\/pages\/103774\/revisions\/104545"}],"up":[{"embeddable":true,"href":"https:\/\/www.tourisme-monteregie.qc.ca\/en\/wp-json\/wp\/v2\/pages\/47275"}],"wp:featuredmedia":[{"embeddable":true,"href":"https:\/\/www.tourisme-monteregie.qc.ca\/en\/wp-json\/wp\/v2\/media\/103368"}],"wp:attachment":[{"href":"https:\/\/www.tourisme-monteregie.qc.ca\/en\/wp-json\/wp\/v2\/media?parent=103774"}],"curies":[{"name":"wp","href":"https:\/\/api.w.org\/{rel}","templated":true}]}}