{"id":2490,"date":"2019-03-21T11:28:44","date_gmt":"2019-03-21T15:28:44","guid":{"rendered":"https:\/\/www.tourisme-monteregie.qc.ca\/contact-us\/"},"modified":"2026-03-31T14:40:06","modified_gmt":"2026-03-31T18:40:06","slug":"contact-us","status":"publish","type":"page","link":"https:\/\/www.tourisme-monteregie.qc.ca\/en\/contact-us\/","title":{"rendered":"Contact us"},"content":{"rendered":"\n<h4 class=\"wp-block-heading\"><\/h4>\n","protected":false},"excerpt":{"rendered":"","protected":false},"author":2,"featured_media":0,"parent":0,"menu_order":36,"comment_status":"closed","ping_status":"closed","template":"templates\/tpl_contact.php","meta":{"_acf_changed":false,"inline_featured_image":false,"footnotes":""},"class_list":["post-2490","page","type-page","status-publish","hentry"],"acf":{"title_banner":false,"title_banner_bg_bleed":false,"title_open_hours":"","schema_format":"\"Mo-Su 09:00-16:30\"","business_name":"Administrative office","business_sub_name":"","business_description":"","business_adresse":{"stree_address":"2340 Boulevard Lapini\u00e8re, local 200","address_locality":"Brossard","address_region":"(Qu\u00e9bec)","postal_code":"J4Z 4K7"},"coords":{"lat":"45.471792116599296","long":"-73.46627143137455"},"business_phones":false,"business_email":"","marker":{"ID":26715,"id":26715,"title":"small-marker","filename":"small-marker.png","filesize":743,"url":"https:\/\/www.tourisme-monteregie.qc.ca\/wp-content\/uploads\/2019\/06\/small-marker.png","link":"https:\/\/www.tourisme-monteregie.qc.ca\/en\/contact-us\/attachment\/small-marker-2\/","alt":"","author":"2","description":"","caption":"","name":"small-marker-2","status":"inherit","uploaded_to":2490,"date":"2019-06-20 14:18:11","modified":"2019-06-20 14:22:53","menu_order":0,"mime_type":"image\/png","type":"image","subtype":"png","icon":"https:\/\/www.tourisme-monteregie.qc.ca\/wp-includes\/images\/media\/default.png","width":27,"height":37,"sizes":{"thumbnail":"https:\/\/www.tourisme-monteregie.qc.ca\/wp-content\/uploads\/2019\/06\/small-marker.png","thumbnail-width":27,"thumbnail-height":37,"medium":"https:\/\/www.tourisme-monteregie.qc.ca\/wp-content\/uploads\/2019\/06\/small-marker.png","medium-width":27,"medium-height":37,"medium_large":"https:\/\/www.tourisme-monteregie.qc.ca\/wp-content\/uploads\/2019\/06\/small-marker.png","medium_large-width":27,"medium_large-height":37,"large":"https:\/\/www.tourisme-monteregie.qc.ca\/wp-content\/uploads\/2019\/06\/small-marker.png","large-width":27,"large-height":37,"1536x1536":"https:\/\/www.tourisme-monteregie.qc.ca\/wp-content\/uploads\/2019\/06\/small-marker.png","1536x1536-width":27,"1536x1536-height":37,"2048x2048":"https:\/\/www.tourisme-monteregie.qc.ca\/wp-content\/uploads\/2019\/06\/small-marker.png","2048x2048-width":27,"2048x2048-height":37,"post-thumb":"https:\/\/www.tourisme-monteregie.qc.ca\/wp-content\/uploads\/2019\/06\/small-marker.png","post-thumb-width":27,"post-thumb-height":37,"imgBannerPopup":"https:\/\/www.tourisme-monteregie.qc.ca\/wp-content\/uploads\/2019\/06\/small-marker.png","imgBannerPopup-width":27,"imgBannerPopup-height":37,"imgBanner":"https:\/\/www.tourisme-monteregie.qc.ca\/wp-content\/uploads\/2019\/06\/small-marker.png","imgBanner-width":27,"imgBanner-height":37,"imgBannerFull":"https:\/\/www.tourisme-monteregie.qc.ca\/wp-content\/uploads\/2019\/06\/small-marker.png","imgBannerFull-width":27,"imgBannerFull-height":37,"imgBannerMobile":"https:\/\/www.tourisme-monteregie.qc.ca\/wp-content\/uploads\/2019\/06\/small-marker.png","imgBannerMobile-width":27,"imgBannerMobile-height":37,"imgBannerMobileSmall":"https:\/\/www.tourisme-monteregie.qc.ca\/wp-content\/uploads\/2019\/06\/small-marker.png","imgBannerMobileSmall-width":27,"imgBannerMobileSmall-height":37,"imgMember":"https:\/\/www.tourisme-monteregie.qc.ca\/wp-content\/uploads\/2019\/06\/small-marker.png","imgMember-width":27,"imgMember-height":37,"imgMemberSmall":"https:\/\/www.tourisme-monteregie.qc.ca\/wp-content\/uploads\/2019\/06\/small-marker.png","imgMemberSmall-width":27,"imgMemberSmall-height":37,"imgTeam":"https:\/\/www.tourisme-monteregie.qc.ca\/wp-content\/uploads\/2019\/06\/small-marker.png","imgTeam-width":27,"imgTeam-height":37,"imgTeamSmall":"https:\/\/www.tourisme-monteregie.qc.ca\/wp-content\/uploads\/2019\/06\/small-marker.png","imgTeamSmall-width":27,"imgTeamSmall-height":37,"gform-image-choice-sm":"https:\/\/www.tourisme-monteregie.qc.ca\/wp-content\/uploads\/2019\/06\/small-marker.png","gform-image-choice-sm-width":27,"gform-image-choice-sm-height":37,"gform-image-choice-md":"https:\/\/www.tourisme-monteregie.qc.ca\/wp-content\/uploads\/2019\/06\/small-marker.png","gform-image-choice-md-width":27,"gform-image-choice-md-height":37,"gform-image-choice-lg":"https:\/\/www.tourisme-monteregie.qc.ca\/wp-content\/uploads\/2019\/06\/small-marker.png","gform-image-choice-lg-width":27,"gform-image-choice-lg-height":37}},"fullwidth_page":false,"open_hours_meeting":"<p>Every day between 9 a.m. and 5 p.m.<br \/>\nYou can also contact us by email at <a href=\"mailto:info@monteregie.ca\">info@monteregie.ca<\/a><\/p>\n","open_hours":"<h3><strong>Contact Us<\/strong><\/h3>\n<p>By phone at 450-466-4666, Monday through Friday, 8:30 AM to 4:30 PM, or by email at\u00a0 <span style=\"color: #faebdc;\"><a href=\"mailto:info@monteregie.ca\">info@monteregie.ca<\/a><br \/>\n<\/span><\/p>\n<hr \/>\n<p><a href=\"https:\/\/www.tourisme-monteregie.qc.ca\/en\/bureaux-informations-touristiques\/\" target=\"_blank\" rel=\"noopener\">Find our tourist information offices<\/a><\/p>\n<hr \/>\n<p>For all media inquiries : <a href=\"mailto:media@monteregie.ca\" target=\"_blank\" rel=\"noopener\">media@monteregie.ca<\/a><\/p>\n","google_ads_key":"","active_ga4_event":false},"featured_image_urls_v2":{"full":"","thumbnail":"","medium":"","medium_large":"","large":"","1536x1536":"","2048x2048":"","post-thumb":"","imgBannerPopup":"","imgBanner":"","imgBannerFull":"","imgBannerMobile":"","imgBannerMobileSmall":"","imgMember":"","imgMemberSmall":"","imgTeam":"","imgTeamSmall":"","gform-image-choice-sm":"","gform-image-choice-md":"","gform-image-choice-lg":""},"post_excerpt_stackable_v2":"","category_list_v2":"","author_info_v2":{"name":"mxo","url":"https:\/\/www.tourisme-monteregie.qc.ca\/en\/author\/mxo\/"},"comments_num_v2":"0 comments","yoast_head":"<!-- This site is optimized with the Yoast SEO plugin v27.5 - https:\/\/yoast.com\/product\/yoast-seo-wordpress\/ -->\n<title>Contact Us - Contact Information and Hours of Operation | Tourisme Mont\u00e9r\u00e9gie<\/title>\n<meta name=\"description\" content=\"For questions or advice, contact us! Our team will be happy to help you make your stay in Mont\u00e9r\u00e9gie just perfect.\" \/>\n<meta name=\"robots\" content=\"index, follow, max-snippet:-1, max-image-preview:large, max-video-preview:-1\" \/>\n<link rel=\"canonical\" href=\"https:\/\/www.tourisme-monteregie.qc.ca\/en\/contact-us\/\" \/>\n<meta property=\"og:locale\" content=\"en_US\" \/>\n<meta property=\"og:type\" content=\"article\" \/>\n<meta property=\"og:title\" content=\"Contact Us - Contact Information and Hours of Operation | Tourisme Mont\u00e9r\u00e9gie\" \/>\n<meta property=\"og:description\" content=\"For questions or advice, contact us! Our team will be happy to help you make your stay in Mont\u00e9r\u00e9gie just perfect.\" \/>\n<meta property=\"og:url\" content=\"https:\/\/www.tourisme-monteregie.qc.ca\/en\/contact-us\/\" \/>\n<meta property=\"og:site_name\" content=\"Tourisme Mont\u00e9r\u00e9gie\" \/>\n<meta property=\"article:publisher\" content=\"https:\/\/www.facebook.com\/tourisme.monteregie\" \/>\n<meta property=\"article:modified_time\" content=\"2026-03-31T18:40:06+00:00\" \/>\n<meta property=\"og:image\" content=\"https:\/\/www.tourisme-monteregie.qc.ca\/wp-content\/uploads\/2025\/02\/share-facebook.png\" \/>\n\t<meta property=\"og:image:width\" content=\"1200\" \/>\n\t<meta property=\"og:image:height\" content=\"630\" \/>\n\t<meta property=\"og:image:type\" content=\"image\/png\" \/>\n<meta name=\"twitter:card\" content=\"summary_large_image\" \/>\n<meta name=\"twitter:site\" content=\"@tourmonteregie\" \/>\n<meta name=\"twitter:label1\" content=\"Est. reading time\" \/>\n\t<meta name=\"twitter:data1\" content=\"1 minute\" \/>\n<script type=\"application\/ld+json\" class=\"yoast-schema-graph\">{\"@context\":\"https:\\\/\\\/schema.org\",\"@graph\":[{\"@type\":\"WebPage\",\"@id\":\"https:\\\/\\\/www.tourisme-monteregie.qc.ca\\\/en\\\/contact-us\\\/\",\"url\":\"https:\\\/\\\/www.tourisme-monteregie.qc.ca\\\/en\\\/contact-us\\\/\",\"name\":\"Contact Us - Contact Information and Hours of Operation | Tourisme Mont\u00e9r\u00e9gie\",\"isPartOf\":{\"@id\":\"https:\\\/\\\/www.tourisme-monteregie.qc.ca\\\/en\\\/#website\"},\"datePublished\":\"2019-03-21T15:28:44+00:00\",\"dateModified\":\"2026-03-31T18:40:06+00:00\",\"description\":\"For questions or advice, contact us! Our team will be happy to help you make your stay in Mont\u00e9r\u00e9gie just perfect.\",\"breadcrumb\":{\"@id\":\"https:\\\/\\\/www.tourisme-monteregie.qc.ca\\\/en\\\/contact-us\\\/#breadcrumb\"},\"inLanguage\":\"en-CA\",\"potentialAction\":[{\"@type\":\"ReadAction\",\"target\":[\"https:\\\/\\\/www.tourisme-monteregie.qc.ca\\\/en\\\/contact-us\\\/\"]}]},{\"@type\":\"BreadcrumbList\",\"@id\":\"https:\\\/\\\/www.tourisme-monteregie.qc.ca\\\/en\\\/contact-us\\\/#breadcrumb\",\"itemListElement\":[{\"@type\":\"ListItem\",\"position\":1,\"name\":\"Accueil\",\"item\":\"https:\\\/\\\/www.tourisme-monteregie.qc.ca\\\/en\\\/accueil\\\/\"},{\"@type\":\"ListItem\",\"position\":2,\"name\":\"Contact us\"}]},{\"@type\":\"WebSite\",\"@id\":\"https:\\\/\\\/www.tourisme-monteregie.qc.ca\\\/en\\\/#website\",\"url\":\"https:\\\/\\\/www.tourisme-monteregie.qc.ca\\\/en\\\/\",\"name\":\"Tourisme Mont\u00e9r\u00e9gie\",\"description\":\"\",\"publisher\":{\"@id\":\"https:\\\/\\\/www.tourisme-monteregie.qc.ca\\\/en\\\/#organization\"},\"potentialAction\":[{\"@type\":\"SearchAction\",\"target\":{\"@type\":\"EntryPoint\",\"urlTemplate\":\"https:\\\/\\\/www.tourisme-monteregie.qc.ca\\\/en\\\/?s={search_term_string}\"},\"query-input\":{\"@type\":\"PropertyValueSpecification\",\"valueRequired\":true,\"valueName\":\"search_term_string\"}}],\"inLanguage\":\"en-CA\"},{\"@type\":\"Organization\",\"@id\":\"https:\\\/\\\/www.tourisme-monteregie.qc.ca\\\/en\\\/#organization\",\"name\":\"Tourisme Mont\u00e9r\u00e9gie\",\"url\":\"https:\\\/\\\/www.tourisme-monteregie.qc.ca\\\/en\\\/\",\"logo\":{\"@type\":\"ImageObject\",\"inLanguage\":\"en-CA\",\"@id\":\"https:\\\/\\\/www.tourisme-monteregie.qc.ca\\\/en\\\/#\\\/schema\\\/logo\\\/image\\\/\",\"url\":\"https:\\\/\\\/www.tourisme-monteregie.qc.ca\\\/wp-content\\\/uploads\\\/2025\\\/02\\\/cropped-android-chrome-256x256-1.png\",\"contentUrl\":\"https:\\\/\\\/www.tourisme-monteregie.qc.ca\\\/wp-content\\\/uploads\\\/2025\\\/02\\\/cropped-android-chrome-256x256-1.png\",\"width\":512,\"height\":512,\"caption\":\"Tourisme Mont\u00e9r\u00e9gie\"},\"image\":{\"@id\":\"https:\\\/\\\/www.tourisme-monteregie.qc.ca\\\/en\\\/#\\\/schema\\\/logo\\\/image\\\/\"},\"sameAs\":[\"https:\\\/\\\/www.facebook.com\\\/tourisme.monteregie\",\"https:\\\/\\\/x.com\\\/tourmonteregie\",\"https:\\\/\\\/www.instagram.com\\\/tourismemonteregie\\\/\",\"https:\\\/\\\/www.pinterest.ca\\\/tourmonteregie\",\"https:\\\/\\\/www.youtube.com\\\/user\\\/tourismemonteregie\",\"https:\\\/\\\/www.linkedin.com\\\/company\\\/tourisme-monteregie\\\/\"]}]}<\/script>\n<!-- \/ Yoast SEO plugin. -->","yoast_head_json":{"title":"Contact Us - Contact Information and Hours of Operation | Tourisme Mont\u00e9r\u00e9gie","description":"For questions or advice, contact us! Our team will be happy to help you make your stay in Mont\u00e9r\u00e9gie just perfect.","robots":{"index":"index","follow":"follow","max-snippet":"max-snippet:-1","max-image-preview":"max-image-preview:large","max-video-preview":"max-video-preview:-1"},"canonical":"https:\/\/www.tourisme-monteregie.qc.ca\/en\/contact-us\/","og_locale":"en_US","og_type":"article","og_title":"Contact Us - Contact Information and Hours of Operation | Tourisme Mont\u00e9r\u00e9gie","og_description":"For questions or advice, contact us! Our team will be happy to help you make your stay in Mont\u00e9r\u00e9gie just perfect.","og_url":"https:\/\/www.tourisme-monteregie.qc.ca\/en\/contact-us\/","og_site_name":"Tourisme Mont\u00e9r\u00e9gie","article_publisher":"https:\/\/www.facebook.com\/tourisme.monteregie","article_modified_time":"2026-03-31T18:40:06+00:00","og_image":[{"width":1200,"height":630,"url":"https:\/\/www.tourisme-monteregie.qc.ca\/wp-content\/uploads\/2025\/02\/share-facebook.png","type":"image\/png"}],"twitter_card":"summary_large_image","twitter_site":"@tourmonteregie","twitter_misc":{"Est. reading time":"1 minute"},"schema":{"@context":"https:\/\/schema.org","@graph":[{"@type":"WebPage","@id":"https:\/\/www.tourisme-monteregie.qc.ca\/en\/contact-us\/","url":"https:\/\/www.tourisme-monteregie.qc.ca\/en\/contact-us\/","name":"Contact Us - Contact Information and Hours of Operation | Tourisme Mont\u00e9r\u00e9gie","isPartOf":{"@id":"https:\/\/www.tourisme-monteregie.qc.ca\/en\/#website"},"datePublished":"2019-03-21T15:28:44+00:00","dateModified":"2026-03-31T18:40:06+00:00","description":"For questions or advice, contact us! Our team will be happy to help you make your stay in Mont\u00e9r\u00e9gie just perfect.","breadcrumb":{"@id":"https:\/\/www.tourisme-monteregie.qc.ca\/en\/contact-us\/#breadcrumb"},"inLanguage":"en-CA","potentialAction":[{"@type":"ReadAction","target":["https:\/\/www.tourisme-monteregie.qc.ca\/en\/contact-us\/"]}]},{"@type":"BreadcrumbList","@id":"https:\/\/www.tourisme-monteregie.qc.ca\/en\/contact-us\/#breadcrumb","itemListElement":[{"@type":"ListItem","position":1,"name":"Accueil","item":"https:\/\/www.tourisme-monteregie.qc.ca\/en\/accueil\/"},{"@type":"ListItem","position":2,"name":"Contact us"}]},{"@type":"WebSite","@id":"https:\/\/www.tourisme-monteregie.qc.ca\/en\/#website","url":"https:\/\/www.tourisme-monteregie.qc.ca\/en\/","name":"Tourisme Mont\u00e9r\u00e9gie","description":"","publisher":{"@id":"https:\/\/www.tourisme-monteregie.qc.ca\/en\/#organization"},"potentialAction":[{"@type":"SearchAction","target":{"@type":"EntryPoint","urlTemplate":"https:\/\/www.tourisme-monteregie.qc.ca\/en\/?s={search_term_string}"},"query-input":{"@type":"PropertyValueSpecification","valueRequired":true,"valueName":"search_term_string"}}],"inLanguage":"en-CA"},{"@type":"Organization","@id":"https:\/\/www.tourisme-monteregie.qc.ca\/en\/#organization","name":"Tourisme Mont\u00e9r\u00e9gie","url":"https:\/\/www.tourisme-monteregie.qc.ca\/en\/","logo":{"@type":"ImageObject","inLanguage":"en-CA","@id":"https:\/\/www.tourisme-monteregie.qc.ca\/en\/#\/schema\/logo\/image\/","url":"https:\/\/www.tourisme-monteregie.qc.ca\/wp-content\/uploads\/2025\/02\/cropped-android-chrome-256x256-1.png","contentUrl":"https:\/\/www.tourisme-monteregie.qc.ca\/wp-content\/uploads\/2025\/02\/cropped-android-chrome-256x256-1.png","width":512,"height":512,"caption":"Tourisme Mont\u00e9r\u00e9gie"},"image":{"@id":"https:\/\/www.tourisme-monteregie.qc.ca\/en\/#\/schema\/logo\/image\/"},"sameAs":["https:\/\/www.facebook.com\/tourisme.monteregie","https:\/\/x.com\/tourmonteregie","https:\/\/www.instagram.com\/tourismemonteregie\/","https:\/\/www.pinterest.ca\/tourmonteregie","https:\/\/www.youtube.com\/user\/tourismemonteregie","https:\/\/www.linkedin.com\/company\/tourisme-monteregie\/"]}]}},"_links":{"self":[{"href":"https:\/\/www.tourisme-monteregie.qc.ca\/en\/wp-json\/wp\/v2\/pages\/2490","targetHints":{"allow":["GET"]}}],"collection":[{"href":"https:\/\/www.tourisme-monteregie.qc.ca\/en\/wp-json\/wp\/v2\/pages"}],"about":[{"href":"https:\/\/www.tourisme-monteregie.qc.ca\/en\/wp-json\/wp\/v2\/types\/page"}],"author":[{"embeddable":true,"href":"https:\/\/www.tourisme-monteregie.qc.ca\/en\/wp-json\/wp\/v2\/users\/2"}],"replies":[{"embeddable":true,"href":"https:\/\/www.tourisme-monteregie.qc.ca\/en\/wp-json\/wp\/v2\/comments?post=2490"}],"version-history":[{"count":4,"href":"https:\/\/www.tourisme-monteregie.qc.ca\/en\/wp-json\/wp\/v2\/pages\/2490\/revisions"}],"predecessor-version":[{"id":103694,"href":"https:\/\/www.tourisme-monteregie.qc.ca\/en\/wp-json\/wp\/v2\/pages\/2490\/revisions\/103694"}],"wp:attachment":[{"href":"https:\/\/www.tourisme-monteregie.qc.ca\/en\/wp-json\/wp\/v2\/media?parent=2490"}],"curies":[{"name":"wp","href":"https:\/\/api.w.org\/{rel}","templated":true}]}}