{"id":26266,"date":"2019-02-15T21:06:31","date_gmt":"2019-02-16T02:06:31","guid":{"rendered":"https:\/\/www.tourisme-monteregie.qc.ca\/politique-de-confidentialite\/"},"modified":"2019-06-18T10:15:51","modified_gmt":"2019-06-18T14:15:51","slug":"politique-de-confidentialite","status":"publish","type":"page","link":"https:\/\/www.tourisme-monteregie.qc.ca\/en\/politique-de-confidentialite\/","title":{"rendered":"Terms of use"},"content":{"rendered":"\n<p>Tourisme Mont\u00e9r\u00e9gie maintains strict security, privacy and personal information standards. Nonetheless, users are asked to read these Conditions of Use carefully.<\/p>\n\n\n\n<p>By using this Web site, users acknowledge that they have read, understood and accepted the conditions and limitations of liability described herein.<\/p>\n\n\n\n<p><strong>ACCEPTANCE OF CONDITIONS OF SERVICE<\/strong><br>Tourisme Mont\u00e9r\u00e9gie give users access to information available on the Internet upon connection. These general conditions apply to all products and services provided by Tourisme Mont\u00e9r\u00e9gie. By using the services provided, the customer agrees to use the services provided by Tourisme Mont\u00e9r\u00e9gie on the site in compliance with applicable law and the following general conditions.<\/p>\n\n\n\n<p><strong>COPYRIGHT AND TRADEMARKS<\/strong><br>All content published on this site is protected by copyright. Both content and copyright are owned or controlled by Tourisme Mont\u00e9r\u00e9gie. Any use, reproduction, dissemination, publication, or retransmission of content, in whole or in part, is strictly prohibited without the prior written authorization from Tourisme Mont\u00e9r\u00e9gie, or the holder of the copyright.<\/p>\n\n\n\n<p>The names of products, services, companies, and logos mentioned on the tourisme-monteregie.qc.ca site of Tourisme Mont\u00e9r\u00e9gie may be registered or unregistered trademarks and are protected accordingly. It is therefore forbidden to use any trademark appearing on this site without the prior written authorization from Tourisme Mont\u00e9r\u00e9gie, or the holder of the trademark rights.<\/p>\n\n\n\n<p>For information or authorization concerning copyright, please contact info@tourisme-monteregie.qc.ca.<\/p>\n\n\n\n<p>The photos illustrating this site may not be reproduced or used without the authorization from Tourisme Mont\u00e9r\u00e9gie.<\/p>\n\n\n\n<p>The videos may not be used for any purpose other than viewing and may not be reproduced, in whole or in part, without written authorization from Tourisme Mont\u00e9r\u00e9gie.<\/p>\n\n\n\n<p><strong>USE OF ON-LINE COMMUNICATIONS SERVICES<\/strong><br>You alone are responsible for the content you make available via our services (e-mails, weblogs, RSS feeds, etc.) as well as for any consequences arising from said content. You may not use Tourisme Mont\u00e9r\u00e9gie\u2019s services to conduct any study, contest or pyramid scheme, send chain letters, or engage in spamming, hacking or any other unlawful act. You are also prohibited from engaging in any action that may prejudice the rights of others or prevent others from using the service. Although Tourisme Mont\u00e9r\u00e9gie reserves the right to delete data at its discretion, this is an option, not an obligation. Tourisme Mont\u00e9r\u00e9gie makes no representations regarding the control of content available on the site, given the volume and speed of data transmission on the service.<\/p>\n\n\n\n<p><strong>COOKIES<\/strong><br>Tourisme Mont\u00e9r\u00e9gie reserves the right to use cookies, including to facilitate the navigation of the user and to establish statistics. To refuse cookies, the user can change its browser\u2019s settings.<\/p>\n\n\n\n<p><strong>EXTERNAL LINKS<\/strong><br>Tourisme Mont\u00e9r\u00e9gie or third parties may establish links to other sites or sources. Tourisme Mont\u00e9r\u00e9gie has no way of controlling such sites and sources and is not responsible for and cannot guarantee their availability. Tourisme Mont\u00e9r\u00e9gie does not recommend or endorse the content provided by such sites or sources and is not liable and makes no warranty for the content.<\/p>\n\n\n\n<p><strong>LIMITATION OF LIABILITY<\/strong><br>Tourisme Mont\u00e9r\u00e9gie does not guarantee in any way the uninterrupted functioning of services or access thereto. Nor does it offer any guarantee of any kind, explicit or implicit, regarding services, including but not limited in number or scope, all guarantees regarding the transmission capacity of any service provider\u2019s network and telecommunications company, or the reliability of the equipment of any service provider\u2019s network and telecommunications company, or the accuracy or pertinence of the information made available by these services and equipment. Tourisme Mont\u00e9r\u00e9gie is not liable for any damage resulting from the use of these services and equipment, or for any errors, omissions, interruptions, delays or defects related to these services and equipment or the data made available by these services and equipment.<\/p>\n\n\n\n<p><strong>APPLICABLE LAW<\/strong><br>Tourisme Mont\u00e9r\u00e9gie reserves the right at all times, and at its sole discretion, to modify the general conditions for the use of its Web site as set out in this agreement. Users have the responsibility to be aware of all modifications, without prior notice from Tourisme Mont\u00e9r\u00e9gie.<\/p>\n\n\n\n<p>The tourisme-monteregie.qc.ca site of Tourisme Mont\u00e9r\u00e9gie is published in Qu\u00e9bec, Canada. This agreement is governed by the laws of the Province of Qu\u00e9bec as well as by all Canadian laws applicable in Qu\u00e9bec, and is subject to interpretation in accordance with those laws.<\/p>\n\n\n\n<p><strong>INDEMNIFICATION<\/strong><br>You hereby agree to defend and hold harmless Tourisme Mont\u00e9r\u00e9gie should legal action be taken against it as a result of the infringement of any of these conditions of use by you or anyone who accesses the tourisme-monteregie.qc.ca site using your account.<\/p>\n\n\n\n<p><strong>ACTS OF GOD<\/strong><br>Tourisme Mont\u00e9r\u00e9gie shall not be held responsible for non-performance, in whole or in part, of any of its obligations whatsoever toward you, nor for damages or losses you may suffer, if such non-performance, damages or losses result from an Act of God or from circumstances beyond its control.<\/p>\n\n\n\n<h2 class=\"wp-block-heading\">Privacy policies<\/h2>\n\n\n\n<p>Third parties (Facebook) may use cookies, web beacons, and similar technologies to collect or receive information from your website and elsewhere on the internet and use that information to provide measurement services and target ads<\/p>\n\n\n\n<p>You can opt-out of the collection and use of information for ad targeting. Visit: www.aboutads.info\/choices <br>We may occasionally use other services to optimize, inform, analyze, create reports and display advertisements based on visits to our website by Internet users.<\/p>\n\n\n\n<h3 class=\"wp-block-heading\">Google Adwords and Google Analytics<\/h3>\n\n\n\n<p>We use remarketing with Google Analytics and \/ or Google Adwords to promote our products or services online.<\/p>\n\n\n\n<p>Third party vendors, including Google can display ads on websites.<\/p>\n\n\n\n<p>We, and third-party vendors, including Google, use a combination of party cookies (such as Google Analytics cookie) and third party cookies (such as DoubleClick cookie) to obtain information, optimize and deliver ads based on visits to our website by Internet users.<\/p>\n\n\n\n<p>Internet users can disable the use of cookies by Google via the Advertising and Privacy page. You can also disable the use of cookies by a third party provider on the deactivation page of the Network Advertising Initiative.<\/p>\n\n\n\n<p>Internet users can disable Google Analytics to display advertising and customize the ads on the Google Display Network ads page via Settings.<\/p>\n\n\n\n<p>Internet users can block the use of their data by the Google Analytics JavaScript files. More information about theGoogle Analytics Opt-out Browser Add-on.<\/p>\n\n\n\n<h3 class=\"wp-block-heading\">Facebook<br><\/h3>\n\n\n\n<p>Third parties (Facebook) may use cookies, web beacons, and similar technologies to collect or receive information from your website and elsewhere on the internet and use that information to provide measurement services and target ads<\/p>\n\n\n\n<p>You can opt-out of the collection and use of information for ad targeting. Visit: www.aboutads.info\/choices <br>We may occasionally use other services to optimize, inform, analyze, create reports and display advertisements based on visits to our website by Internet users.<\/p>\n","protected":false},"excerpt":{"rendered":"<p>Tourisme Mont\u00e9r\u00e9gie maintains strict security, privacy and personal information standards. Nonetheless, users are asked to read these Conditions of Use carefully. By using this Web site, users acknowledge that they have read, understood and accepted the&#8230;<\/p>\n","protected":false},"author":2,"featured_media":0,"parent":0,"menu_order":43,"comment_status":"closed","ping_status":"closed","template":"","meta":{"_acf_changed":false,"inline_featured_image":false,"footnotes":""},"class_list":["post-26266","page","type-page","status-publish","hentry"],"acf":{"title_banner":false,"title_banner_bg_bleed":false,"active_ga4_event":false},"featured_image_urls_v2":{"full":"","thumbnail":"","medium":"","medium_large":"","large":"","1536x1536":"","2048x2048":"","post-thumb":"","imgBannerPopup":"","imgBanner":"","imgBannerFull":"","imgBannerMobile":"","imgBannerMobileSmall":"","imgMember":"","imgMemberSmall":"","imgTeam":"","imgTeamSmall":"","gform-image-choice-sm":"","gform-image-choice-md":"","gform-image-choice-lg":""},"post_excerpt_stackable_v2":"<p>Tourisme Mont\u00e9r\u00e9gie maintains strict security, privacy and personal information standards. Nonetheless, users are asked to read these Conditions of Use carefully. By using this Web site, users acknowledge that they have read, understood and accepted the conditions and limitations of liability described herein. ACCEPTANCE OF CONDITIONS OF SERVICETourisme Mont\u00e9r\u00e9gie give users access to information available on the Internet upon connection. These general conditions apply to all products and services provided by Tourisme Mont\u00e9r\u00e9gie. By using the services provided, the customer agrees to use the services provided by Tourisme Mont\u00e9r\u00e9gie on the site in compliance with applicable law and the following&hellip;<\/p>\n","category_list_v2":"","author_info_v2":{"name":"mxo","url":"https:\/\/www.tourisme-monteregie.qc.ca\/en\/author\/mxo\/"},"comments_num_v2":"0 comments","yoast_head":"<!-- This site is optimized with the Yoast SEO plugin v27.5 - https:\/\/yoast.com\/product\/yoast-seo-wordpress\/ -->\n<title>Our website terms of use | Tourisme Mont\u00e9r\u00e9gie<\/title>\n<meta name=\"description\" content=\"What personal data is kept on our site? Why? How long are they kept? Read our privacy policies.\" \/>\n<meta name=\"robots\" content=\"index, follow, max-snippet:-1, max-image-preview:large, max-video-preview:-1\" \/>\n<link rel=\"canonical\" href=\"https:\/\/www.tourisme-monteregie.qc.ca\/en\/politique-de-confidentialite\/\" \/>\n<meta property=\"og:locale\" content=\"en_US\" \/>\n<meta property=\"og:type\" content=\"article\" \/>\n<meta property=\"og:title\" content=\"Our website terms of use | Tourisme Mont\u00e9r\u00e9gie\" \/>\n<meta property=\"og:description\" content=\"What personal data is kept on our site? Why? How long are they kept? Read our privacy policies.\" \/>\n<meta property=\"og:url\" content=\"https:\/\/www.tourisme-monteregie.qc.ca\/en\/politique-de-confidentialite\/\" \/>\n<meta property=\"og:site_name\" content=\"Tourisme Mont\u00e9r\u00e9gie\" \/>\n<meta property=\"article:publisher\" content=\"https:\/\/www.facebook.com\/tourisme.monteregie\" \/>\n<meta property=\"article:modified_time\" content=\"2019-06-18T14:15:51+00:00\" \/>\n<meta property=\"og:image\" content=\"https:\/\/www.tourisme-monteregie.qc.ca\/wp-content\/uploads\/2025\/02\/share-facebook.png\" \/>\n\t<meta property=\"og:image:width\" content=\"1200\" \/>\n\t<meta property=\"og:image:height\" content=\"630\" \/>\n\t<meta property=\"og:image:type\" content=\"image\/png\" \/>\n<meta name=\"twitter:card\" content=\"summary_large_image\" \/>\n<meta name=\"twitter:site\" content=\"@tourmonteregie\" \/>\n<meta name=\"twitter:label1\" content=\"Est. reading time\" \/>\n\t<meta name=\"twitter:data1\" content=\"6 minutes\" \/>\n<script type=\"application\/ld+json\" class=\"yoast-schema-graph\">{\"@context\":\"https:\\\/\\\/schema.org\",\"@graph\":[{\"@type\":\"WebPage\",\"@id\":\"https:\\\/\\\/www.tourisme-monteregie.qc.ca\\\/en\\\/politique-de-confidentialite\\\/\",\"url\":\"https:\\\/\\\/www.tourisme-monteregie.qc.ca\\\/en\\\/politique-de-confidentialite\\\/\",\"name\":\"Our website terms of use | Tourisme Mont\u00e9r\u00e9gie\",\"isPartOf\":{\"@id\":\"https:\\\/\\\/www.tourisme-monteregie.qc.ca\\\/en\\\/#website\"},\"datePublished\":\"2019-02-16T02:06:31+00:00\",\"dateModified\":\"2019-06-18T14:15:51+00:00\",\"description\":\"What personal data is kept on our site? Why? How long are they kept? Read our privacy policies.\",\"breadcrumb\":{\"@id\":\"https:\\\/\\\/www.tourisme-monteregie.qc.ca\\\/en\\\/politique-de-confidentialite\\\/#breadcrumb\"},\"inLanguage\":\"en-CA\",\"potentialAction\":[{\"@type\":\"ReadAction\",\"target\":[\"https:\\\/\\\/www.tourisme-monteregie.qc.ca\\\/en\\\/politique-de-confidentialite\\\/\"]}]},{\"@type\":\"BreadcrumbList\",\"@id\":\"https:\\\/\\\/www.tourisme-monteregie.qc.ca\\\/en\\\/politique-de-confidentialite\\\/#breadcrumb\",\"itemListElement\":[{\"@type\":\"ListItem\",\"position\":1,\"name\":\"Accueil\",\"item\":\"https:\\\/\\\/www.tourisme-monteregie.qc.ca\\\/en\\\/accueil\\\/\"},{\"@type\":\"ListItem\",\"position\":2,\"name\":\"Terms of use\"}]},{\"@type\":\"WebSite\",\"@id\":\"https:\\\/\\\/www.tourisme-monteregie.qc.ca\\\/en\\\/#website\",\"url\":\"https:\\\/\\\/www.tourisme-monteregie.qc.ca\\\/en\\\/\",\"name\":\"Tourisme Mont\u00e9r\u00e9gie\",\"description\":\"\",\"publisher\":{\"@id\":\"https:\\\/\\\/www.tourisme-monteregie.qc.ca\\\/en\\\/#organization\"},\"potentialAction\":[{\"@type\":\"SearchAction\",\"target\":{\"@type\":\"EntryPoint\",\"urlTemplate\":\"https:\\\/\\\/www.tourisme-monteregie.qc.ca\\\/en\\\/?s={search_term_string}\"},\"query-input\":{\"@type\":\"PropertyValueSpecification\",\"valueRequired\":true,\"valueName\":\"search_term_string\"}}],\"inLanguage\":\"en-CA\"},{\"@type\":\"Organization\",\"@id\":\"https:\\\/\\\/www.tourisme-monteregie.qc.ca\\\/en\\\/#organization\",\"name\":\"Tourisme Mont\u00e9r\u00e9gie\",\"url\":\"https:\\\/\\\/www.tourisme-monteregie.qc.ca\\\/en\\\/\",\"logo\":{\"@type\":\"ImageObject\",\"inLanguage\":\"en-CA\",\"@id\":\"https:\\\/\\\/www.tourisme-monteregie.qc.ca\\\/en\\\/#\\\/schema\\\/logo\\\/image\\\/\",\"url\":\"https:\\\/\\\/www.tourisme-monteregie.qc.ca\\\/wp-content\\\/uploads\\\/2025\\\/02\\\/cropped-android-chrome-256x256-1.png\",\"contentUrl\":\"https:\\\/\\\/www.tourisme-monteregie.qc.ca\\\/wp-content\\\/uploads\\\/2025\\\/02\\\/cropped-android-chrome-256x256-1.png\",\"width\":512,\"height\":512,\"caption\":\"Tourisme Mont\u00e9r\u00e9gie\"},\"image\":{\"@id\":\"https:\\\/\\\/www.tourisme-monteregie.qc.ca\\\/en\\\/#\\\/schema\\\/logo\\\/image\\\/\"},\"sameAs\":[\"https:\\\/\\\/www.facebook.com\\\/tourisme.monteregie\",\"https:\\\/\\\/x.com\\\/tourmonteregie\",\"https:\\\/\\\/www.instagram.com\\\/tourismemonteregie\\\/\",\"https:\\\/\\\/www.pinterest.ca\\\/tourmonteregie\",\"https:\\\/\\\/www.youtube.com\\\/user\\\/tourismemonteregie\",\"https:\\\/\\\/www.linkedin.com\\\/company\\\/tourisme-monteregie\\\/\"]}]}<\/script>\n<!-- \/ Yoast SEO plugin. -->","yoast_head_json":{"title":"Our website terms of use | Tourisme Mont\u00e9r\u00e9gie","description":"What personal data is kept on our site? Why? How long are they kept? Read our privacy policies.","robots":{"index":"index","follow":"follow","max-snippet":"max-snippet:-1","max-image-preview":"max-image-preview:large","max-video-preview":"max-video-preview:-1"},"canonical":"https:\/\/www.tourisme-monteregie.qc.ca\/en\/politique-de-confidentialite\/","og_locale":"en_US","og_type":"article","og_title":"Our website terms of use | Tourisme Mont\u00e9r\u00e9gie","og_description":"What personal data is kept on our site? Why? How long are they kept? Read our privacy policies.","og_url":"https:\/\/www.tourisme-monteregie.qc.ca\/en\/politique-de-confidentialite\/","og_site_name":"Tourisme Mont\u00e9r\u00e9gie","article_publisher":"https:\/\/www.facebook.com\/tourisme.monteregie","article_modified_time":"2019-06-18T14:15:51+00:00","og_image":[{"width":1200,"height":630,"url":"https:\/\/www.tourisme-monteregie.qc.ca\/wp-content\/uploads\/2025\/02\/share-facebook.png","type":"image\/png"}],"twitter_card":"summary_large_image","twitter_site":"@tourmonteregie","twitter_misc":{"Est. reading time":"6 minutes"},"schema":{"@context":"https:\/\/schema.org","@graph":[{"@type":"WebPage","@id":"https:\/\/www.tourisme-monteregie.qc.ca\/en\/politique-de-confidentialite\/","url":"https:\/\/www.tourisme-monteregie.qc.ca\/en\/politique-de-confidentialite\/","name":"Our website terms of use | Tourisme Mont\u00e9r\u00e9gie","isPartOf":{"@id":"https:\/\/www.tourisme-monteregie.qc.ca\/en\/#website"},"datePublished":"2019-02-16T02:06:31+00:00","dateModified":"2019-06-18T14:15:51+00:00","description":"What personal data is kept on our site? Why? How long are they kept? Read our privacy policies.","breadcrumb":{"@id":"https:\/\/www.tourisme-monteregie.qc.ca\/en\/politique-de-confidentialite\/#breadcrumb"},"inLanguage":"en-CA","potentialAction":[{"@type":"ReadAction","target":["https:\/\/www.tourisme-monteregie.qc.ca\/en\/politique-de-confidentialite\/"]}]},{"@type":"BreadcrumbList","@id":"https:\/\/www.tourisme-monteregie.qc.ca\/en\/politique-de-confidentialite\/#breadcrumb","itemListElement":[{"@type":"ListItem","position":1,"name":"Accueil","item":"https:\/\/www.tourisme-monteregie.qc.ca\/en\/accueil\/"},{"@type":"ListItem","position":2,"name":"Terms of use"}]},{"@type":"WebSite","@id":"https:\/\/www.tourisme-monteregie.qc.ca\/en\/#website","url":"https:\/\/www.tourisme-monteregie.qc.ca\/en\/","name":"Tourisme Mont\u00e9r\u00e9gie","description":"","publisher":{"@id":"https:\/\/www.tourisme-monteregie.qc.ca\/en\/#organization"},"potentialAction":[{"@type":"SearchAction","target":{"@type":"EntryPoint","urlTemplate":"https:\/\/www.tourisme-monteregie.qc.ca\/en\/?s={search_term_string}"},"query-input":{"@type":"PropertyValueSpecification","valueRequired":true,"valueName":"search_term_string"}}],"inLanguage":"en-CA"},{"@type":"Organization","@id":"https:\/\/www.tourisme-monteregie.qc.ca\/en\/#organization","name":"Tourisme Mont\u00e9r\u00e9gie","url":"https:\/\/www.tourisme-monteregie.qc.ca\/en\/","logo":{"@type":"ImageObject","inLanguage":"en-CA","@id":"https:\/\/www.tourisme-monteregie.qc.ca\/en\/#\/schema\/logo\/image\/","url":"https:\/\/www.tourisme-monteregie.qc.ca\/wp-content\/uploads\/2025\/02\/cropped-android-chrome-256x256-1.png","contentUrl":"https:\/\/www.tourisme-monteregie.qc.ca\/wp-content\/uploads\/2025\/02\/cropped-android-chrome-256x256-1.png","width":512,"height":512,"caption":"Tourisme Mont\u00e9r\u00e9gie"},"image":{"@id":"https:\/\/www.tourisme-monteregie.qc.ca\/en\/#\/schema\/logo\/image\/"},"sameAs":["https:\/\/www.facebook.com\/tourisme.monteregie","https:\/\/x.com\/tourmonteregie","https:\/\/www.instagram.com\/tourismemonteregie\/","https:\/\/www.pinterest.ca\/tourmonteregie","https:\/\/www.youtube.com\/user\/tourismemonteregie","https:\/\/www.linkedin.com\/company\/tourisme-monteregie\/"]}]}},"_links":{"self":[{"href":"https:\/\/www.tourisme-monteregie.qc.ca\/en\/wp-json\/wp\/v2\/pages\/26266","targetHints":{"allow":["GET"]}}],"collection":[{"href":"https:\/\/www.tourisme-monteregie.qc.ca\/en\/wp-json\/wp\/v2\/pages"}],"about":[{"href":"https:\/\/www.tourisme-monteregie.qc.ca\/en\/wp-json\/wp\/v2\/types\/page"}],"author":[{"embeddable":true,"href":"https:\/\/www.tourisme-monteregie.qc.ca\/en\/wp-json\/wp\/v2\/users\/2"}],"replies":[{"embeddable":true,"href":"https:\/\/www.tourisme-monteregie.qc.ca\/en\/wp-json\/wp\/v2\/comments?post=26266"}],"version-history":[{"count":0,"href":"https:\/\/www.tourisme-monteregie.qc.ca\/en\/wp-json\/wp\/v2\/pages\/26266\/revisions"}],"wp:attachment":[{"href":"https:\/\/www.tourisme-monteregie.qc.ca\/en\/wp-json\/wp\/v2\/media?parent=26266"}],"curies":[{"name":"wp","href":"https:\/\/api.w.org\/{rel}","templated":true}]}}