{"id":28787,"date":"2019-08-27T08:55:06","date_gmt":"2019-08-27T12:55:06","guid":{"rendered":"https:\/\/www.tourisme-monteregie.qc.ca\/?page_id=28787"},"modified":"2026-02-16T17:38:42","modified_gmt":"2026-02-16T22:38:42","slug":"publications","status":"publish","type":"page","link":"https:\/\/www.tourisme-monteregie.qc.ca\/en\/publications\/","title":{"rendered":"Publications"},"content":{"rendered":"\n<h2 class=\"wp-block-heading has-text-align-center\">Get our magazines and plan your Mont\u00e9r\u00e9gie getaway!<\/h2>\n\n\n\n<h3 class=\"wp-block-heading has-text-align-center\">Forms to receive our free magazines by mail.<\/h3>\n\n\n\n<p class=\"has-text-align-center\"><a href=\"https:\/\/www.tourisme-monteregie.qc.ca\/en\/member\/category\/things-to-do\/cyclo-tourism\/magazine-velo-en\/#formulaire\" target=\"_blank\" rel=\"noreferrer noopener\">Form to receive the cycling magazine<\/a><br><a href=\"https:\/\/www.tourisme-monteregie.qc.ca\/en\/member\/category\/magazine-touristique-en\/#formulaire\" target=\"_blank\" rel=\"noreferrer noopener\">Form to receive the tourism magazine<\/a><\/p>\n","protected":false},"excerpt":{"rendered":"<p>Get our magazines and plan your Mont\u00e9r\u00e9gie getaway! Forms to receive our free magazines by mail. Form to receive the cycling magazineForm to receive the tourism magazine<\/p>\n","protected":false},"author":4,"featured_media":0,"parent":0,"menu_order":4,"comment_status":"closed","ping_status":"closed","template":"templates\/tpl_base.php","meta":{"_acf_changed":false,"inline_featured_image":false,"footnotes":""},"class_list":["post-28787","page","type-page","status-publish","hentry"],"acf":{"title_banner":false,"title_banner_bg_bleed":false,"fullwidth_page":false,"doc_title":"Downloadable digital versions","doc_type":{"term_id":569,"name":"Publications","slug":"publications-en","term_group":0,"term_taxonomy_id":567,"taxonomy":"ctx_document-type","description":"","parent":0,"count":3,"filter":"raw","term_order":"0"},"form_title":"","form_id":"0","form_desc":"","active_ga4_event":false,"google_ads_key":""},"featured_image_urls_v2":{"full":"","thumbnail":"","medium":"","medium_large":"","large":"","1536x1536":"","2048x2048":"","post-thumb":"","imgBannerPopup":"","imgBanner":"","imgBannerFull":"","imgBannerMobile":"","imgBannerMobileSmall":"","imgMember":"","imgMemberSmall":"","imgTeam":"","imgTeamSmall":"","gform-image-choice-sm":"","gform-image-choice-md":"","gform-image-choice-lg":""},"post_excerpt_stackable_v2":"<p>Get our magazines and plan your Mont\u00e9r\u00e9gie getaway! Forms to receive our free magazines by mail. Form to receive the cycling magazineForm to receive the tourism magazine<\/p>\n","category_list_v2":"","author_info_v2":{"name":"Isabelle Sicotte","url":"https:\/\/www.tourisme-monteregie.qc.ca\/en\/author\/isicotte\/"},"comments_num_v2":"0 comments","yoast_head":"<!-- This site is optimized with the Yoast SEO plugin v27.5 - https:\/\/yoast.com\/product\/yoast-seo-wordpress\/ -->\n<title>Publications | Tourisme Mont\u00e9r\u00e9gie<\/title>\n<meta name=\"description\" content=\"Get our magazines and plan your Mont\u00e9r\u00e9gie getaway! Forms to receive our free magazines by mail. Form to receive the cycling magazineForm to receive the\" \/>\n<meta name=\"robots\" content=\"index, follow, max-snippet:-1, max-image-preview:large, max-video-preview:-1\" \/>\n<link rel=\"canonical\" href=\"https:\/\/www.tourisme-monteregie.qc.ca\/en\/publications\/\" \/>\n<meta property=\"og:locale\" content=\"en_US\" \/>\n<meta property=\"og:type\" content=\"article\" \/>\n<meta property=\"og:title\" content=\"Publications | Tourisme Mont\u00e9r\u00e9gie\" \/>\n<meta property=\"og:description\" content=\"Get our magazines and plan your Mont\u00e9r\u00e9gie getaway! Forms to receive our free magazines by mail. Form to receive the cycling magazineForm to receive the\" \/>\n<meta property=\"og:url\" content=\"https:\/\/www.tourisme-monteregie.qc.ca\/en\/publications\/\" \/>\n<meta property=\"og:site_name\" content=\"Tourisme Mont\u00e9r\u00e9gie\" \/>\n<meta property=\"article:publisher\" content=\"https:\/\/www.facebook.com\/tourisme.monteregie\" \/>\n<meta property=\"article:modified_time\" content=\"2026-02-16T22:38:42+00:00\" \/>\n<meta property=\"og:image\" content=\"https:\/\/www.tourisme-monteregie.qc.ca\/wp-content\/uploads\/2025\/02\/share-facebook.png\" \/>\n\t<meta property=\"og:image:width\" content=\"1200\" \/>\n\t<meta property=\"og:image:height\" content=\"630\" \/>\n\t<meta property=\"og:image:type\" content=\"image\/png\" \/>\n<meta name=\"twitter:card\" content=\"summary_large_image\" \/>\n<meta name=\"twitter:site\" content=\"@tourmonteregie\" \/>\n<meta name=\"twitter:label1\" content=\"Est. reading time\" \/>\n\t<meta name=\"twitter:data1\" content=\"1 minute\" \/>\n<script type=\"application\/ld+json\" class=\"yoast-schema-graph\">{\"@context\":\"https:\\\/\\\/schema.org\",\"@graph\":[{\"@type\":\"WebPage\",\"@id\":\"https:\\\/\\\/www.tourisme-monteregie.qc.ca\\\/en\\\/publications\\\/\",\"url\":\"https:\\\/\\\/www.tourisme-monteregie.qc.ca\\\/en\\\/publications\\\/\",\"name\":\"Publications | Tourisme Mont\u00e9r\u00e9gie\",\"isPartOf\":{\"@id\":\"https:\\\/\\\/www.tourisme-monteregie.qc.ca\\\/en\\\/#website\"},\"datePublished\":\"2019-08-27T12:55:06+00:00\",\"dateModified\":\"2026-02-16T22:38:42+00:00\",\"description\":\"Get our magazines and plan your Mont\u00e9r\u00e9gie getaway! Forms to receive our free magazines by mail. Form to receive the cycling magazineForm to receive the\",\"breadcrumb\":{\"@id\":\"https:\\\/\\\/www.tourisme-monteregie.qc.ca\\\/en\\\/publications\\\/#breadcrumb\"},\"inLanguage\":\"en-CA\",\"potentialAction\":[{\"@type\":\"ReadAction\",\"target\":[\"https:\\\/\\\/www.tourisme-monteregie.qc.ca\\\/en\\\/publications\\\/\"]}]},{\"@type\":\"BreadcrumbList\",\"@id\":\"https:\\\/\\\/www.tourisme-monteregie.qc.ca\\\/en\\\/publications\\\/#breadcrumb\",\"itemListElement\":[{\"@type\":\"ListItem\",\"position\":1,\"name\":\"Accueil\",\"item\":\"https:\\\/\\\/www.tourisme-monteregie.qc.ca\\\/en\\\/accueil\\\/\"},{\"@type\":\"ListItem\",\"position\":2,\"name\":\"Publications\"}]},{\"@type\":\"WebSite\",\"@id\":\"https:\\\/\\\/www.tourisme-monteregie.qc.ca\\\/en\\\/#website\",\"url\":\"https:\\\/\\\/www.tourisme-monteregie.qc.ca\\\/en\\\/\",\"name\":\"Tourisme Mont\u00e9r\u00e9gie\",\"description\":\"\",\"publisher\":{\"@id\":\"https:\\\/\\\/www.tourisme-monteregie.qc.ca\\\/en\\\/#organization\"},\"potentialAction\":[{\"@type\":\"SearchAction\",\"target\":{\"@type\":\"EntryPoint\",\"urlTemplate\":\"https:\\\/\\\/www.tourisme-monteregie.qc.ca\\\/en\\\/?s={search_term_string}\"},\"query-input\":{\"@type\":\"PropertyValueSpecification\",\"valueRequired\":true,\"valueName\":\"search_term_string\"}}],\"inLanguage\":\"en-CA\"},{\"@type\":\"Organization\",\"@id\":\"https:\\\/\\\/www.tourisme-monteregie.qc.ca\\\/en\\\/#organization\",\"name\":\"Tourisme Mont\u00e9r\u00e9gie\",\"url\":\"https:\\\/\\\/www.tourisme-monteregie.qc.ca\\\/en\\\/\",\"logo\":{\"@type\":\"ImageObject\",\"inLanguage\":\"en-CA\",\"@id\":\"https:\\\/\\\/www.tourisme-monteregie.qc.ca\\\/en\\\/#\\\/schema\\\/logo\\\/image\\\/\",\"url\":\"https:\\\/\\\/www.tourisme-monteregie.qc.ca\\\/wp-content\\\/uploads\\\/2025\\\/02\\\/cropped-android-chrome-256x256-1.png\",\"contentUrl\":\"https:\\\/\\\/www.tourisme-monteregie.qc.ca\\\/wp-content\\\/uploads\\\/2025\\\/02\\\/cropped-android-chrome-256x256-1.png\",\"width\":512,\"height\":512,\"caption\":\"Tourisme Mont\u00e9r\u00e9gie\"},\"image\":{\"@id\":\"https:\\\/\\\/www.tourisme-monteregie.qc.ca\\\/en\\\/#\\\/schema\\\/logo\\\/image\\\/\"},\"sameAs\":[\"https:\\\/\\\/www.facebook.com\\\/tourisme.monteregie\",\"https:\\\/\\\/x.com\\\/tourmonteregie\",\"https:\\\/\\\/www.instagram.com\\\/tourismemonteregie\\\/\",\"https:\\\/\\\/www.pinterest.ca\\\/tourmonteregie\",\"https:\\\/\\\/www.youtube.com\\\/user\\\/tourismemonteregie\",\"https:\\\/\\\/www.linkedin.com\\\/company\\\/tourisme-monteregie\\\/\"]}]}<\/script>\n<!-- \/ Yoast SEO plugin. -->","yoast_head_json":{"title":"Publications | Tourisme Mont\u00e9r\u00e9gie","description":"Get our magazines and plan your Mont\u00e9r\u00e9gie getaway! Forms to receive our free magazines by mail. Form to receive the cycling magazineForm to receive the","robots":{"index":"index","follow":"follow","max-snippet":"max-snippet:-1","max-image-preview":"max-image-preview:large","max-video-preview":"max-video-preview:-1"},"canonical":"https:\/\/www.tourisme-monteregie.qc.ca\/en\/publications\/","og_locale":"en_US","og_type":"article","og_title":"Publications | Tourisme Mont\u00e9r\u00e9gie","og_description":"Get our magazines and plan your Mont\u00e9r\u00e9gie getaway! Forms to receive our free magazines by mail. Form to receive the cycling magazineForm to receive the","og_url":"https:\/\/www.tourisme-monteregie.qc.ca\/en\/publications\/","og_site_name":"Tourisme Mont\u00e9r\u00e9gie","article_publisher":"https:\/\/www.facebook.com\/tourisme.monteregie","article_modified_time":"2026-02-16T22:38:42+00:00","og_image":[{"width":1200,"height":630,"url":"https:\/\/www.tourisme-monteregie.qc.ca\/wp-content\/uploads\/2025\/02\/share-facebook.png","type":"image\/png"}],"twitter_card":"summary_large_image","twitter_site":"@tourmonteregie","twitter_misc":{"Est. reading time":"1 minute"},"schema":{"@context":"https:\/\/schema.org","@graph":[{"@type":"WebPage","@id":"https:\/\/www.tourisme-monteregie.qc.ca\/en\/publications\/","url":"https:\/\/www.tourisme-monteregie.qc.ca\/en\/publications\/","name":"Publications | Tourisme Mont\u00e9r\u00e9gie","isPartOf":{"@id":"https:\/\/www.tourisme-monteregie.qc.ca\/en\/#website"},"datePublished":"2019-08-27T12:55:06+00:00","dateModified":"2026-02-16T22:38:42+00:00","description":"Get our magazines and plan your Mont\u00e9r\u00e9gie getaway! Forms to receive our free magazines by mail. Form to receive the cycling magazineForm to receive the","breadcrumb":{"@id":"https:\/\/www.tourisme-monteregie.qc.ca\/en\/publications\/#breadcrumb"},"inLanguage":"en-CA","potentialAction":[{"@type":"ReadAction","target":["https:\/\/www.tourisme-monteregie.qc.ca\/en\/publications\/"]}]},{"@type":"BreadcrumbList","@id":"https:\/\/www.tourisme-monteregie.qc.ca\/en\/publications\/#breadcrumb","itemListElement":[{"@type":"ListItem","position":1,"name":"Accueil","item":"https:\/\/www.tourisme-monteregie.qc.ca\/en\/accueil\/"},{"@type":"ListItem","position":2,"name":"Publications"}]},{"@type":"WebSite","@id":"https:\/\/www.tourisme-monteregie.qc.ca\/en\/#website","url":"https:\/\/www.tourisme-monteregie.qc.ca\/en\/","name":"Tourisme Mont\u00e9r\u00e9gie","description":"","publisher":{"@id":"https:\/\/www.tourisme-monteregie.qc.ca\/en\/#organization"},"potentialAction":[{"@type":"SearchAction","target":{"@type":"EntryPoint","urlTemplate":"https:\/\/www.tourisme-monteregie.qc.ca\/en\/?s={search_term_string}"},"query-input":{"@type":"PropertyValueSpecification","valueRequired":true,"valueName":"search_term_string"}}],"inLanguage":"en-CA"},{"@type":"Organization","@id":"https:\/\/www.tourisme-monteregie.qc.ca\/en\/#organization","name":"Tourisme Mont\u00e9r\u00e9gie","url":"https:\/\/www.tourisme-monteregie.qc.ca\/en\/","logo":{"@type":"ImageObject","inLanguage":"en-CA","@id":"https:\/\/www.tourisme-monteregie.qc.ca\/en\/#\/schema\/logo\/image\/","url":"https:\/\/www.tourisme-monteregie.qc.ca\/wp-content\/uploads\/2025\/02\/cropped-android-chrome-256x256-1.png","contentUrl":"https:\/\/www.tourisme-monteregie.qc.ca\/wp-content\/uploads\/2025\/02\/cropped-android-chrome-256x256-1.png","width":512,"height":512,"caption":"Tourisme Mont\u00e9r\u00e9gie"},"image":{"@id":"https:\/\/www.tourisme-monteregie.qc.ca\/en\/#\/schema\/logo\/image\/"},"sameAs":["https:\/\/www.facebook.com\/tourisme.monteregie","https:\/\/x.com\/tourmonteregie","https:\/\/www.instagram.com\/tourismemonteregie\/","https:\/\/www.pinterest.ca\/tourmonteregie","https:\/\/www.youtube.com\/user\/tourismemonteregie","https:\/\/www.linkedin.com\/company\/tourisme-monteregie\/"]}]}},"_links":{"self":[{"href":"https:\/\/www.tourisme-monteregie.qc.ca\/en\/wp-json\/wp\/v2\/pages\/28787","targetHints":{"allow":["GET"]}}],"collection":[{"href":"https:\/\/www.tourisme-monteregie.qc.ca\/en\/wp-json\/wp\/v2\/pages"}],"about":[{"href":"https:\/\/www.tourisme-monteregie.qc.ca\/en\/wp-json\/wp\/v2\/types\/page"}],"author":[{"embeddable":true,"href":"https:\/\/www.tourisme-monteregie.qc.ca\/en\/wp-json\/wp\/v2\/users\/4"}],"replies":[{"embeddable":true,"href":"https:\/\/www.tourisme-monteregie.qc.ca\/en\/wp-json\/wp\/v2\/comments?post=28787"}],"version-history":[{"count":5,"href":"https:\/\/www.tourisme-monteregie.qc.ca\/en\/wp-json\/wp\/v2\/pages\/28787\/revisions"}],"predecessor-version":[{"id":101846,"href":"https:\/\/www.tourisme-monteregie.qc.ca\/en\/wp-json\/wp\/v2\/pages\/28787\/revisions\/101846"}],"wp:attachment":[{"href":"https:\/\/www.tourisme-monteregie.qc.ca\/en\/wp-json\/wp\/v2\/media?parent=28787"}],"curies":[{"name":"wp","href":"https:\/\/api.w.org\/{rel}","templated":true}]}}