{"id":28939,"date":"2019-09-09T09:31:59","date_gmt":"2019-09-09T13:31:59","guid":{"rendered":"https:\/\/www.tourisme-monteregie.qc.ca\/territoire-demerveillement\/"},"modified":"2024-02-15T18:02:52","modified_gmt":"2024-02-15T23:02:52","slug":"region-of-wonders","status":"publish","type":"page","link":"https:\/\/www.tourisme-monteregie.qc.ca\/en\/region-of-wonders\/","title":{"rendered":"A region of wonders"},"content":{"rendered":"\n<p>The Mont\u00e9r\u00e9gie, derived from the Latin form of the name Mount Royal (mons regius) owes its name to the five hills that form a line between the island of Montr\u00e9al and the Appalachians. This 11,000 km<sup>2<\/sup> territory is full of historic events that have shaped today&#8217;s Qu\u00e9bec. Discover the riches of the four different tourist sectors of the region: Mont\u00e9r\u00e9gie-West, South Shore, Richelieu River and Mont\u00e9r\u00e9gie-East.<\/p>\n\n\n\n<div class=\"wp-block-ugb-button ugb-button-wrapper ugb-button--design-plain ugb-d4947c2 ugb-main-block\"><style>.ugb-d4947c2 .ugb-block-content{justify-content:flex-start !important}.ugb-d4947c2 .ugb-button1{border-radius:4px !important}.ugb-d4947c2 .ugb-button1:before{border-radius:4px !important}.ugb-d4947c2 .ugb-inner-block{text-align:left}@media screen and (min-width:768px){.ugb-d4947c2.ugb-button-wrapper{padding-bottom:20px !important}}<\/style><div class=\"ugb-inner-block\"><div class=\"ugb-block-content\"><div class=\"ugb-button-container\"><a class=\"ugb-button1 ugb-button ugb-button--size-normal\" href=\"https:\/\/www.tourisme-monteregie.qc.ca\/en\/the-monteregie\/\" rel=\"\" title=\"\"><span class=\"ugb-button--inner\">The history of Mont\u00e9r\u00e9gie<\/span><\/a><\/div><\/div><\/div><\/div>\n","protected":false},"excerpt":{"rendered":"<p>The Mont\u00e9r\u00e9gie, derived from the Latin form of the name Mount Royal (mons regius) owes its name to the five hills that form a line between the island of Montr\u00e9al and the Appalachians. This 11,000 km2&#8230;<\/p>\n","protected":false},"author":2,"featured_media":99962,"parent":0,"menu_order":26,"comment_status":"closed","ping_status":"closed","template":"templates\/tpl_sectors.php","meta":{"_acf_changed":false,"inline_featured_image":false,"footnotes":""},"class_list":["post-28939","page","type-page","status-publish","has-post-thumbnail","hentry"],"acf":{"title_banner":false,"title_banner_bg_bleed":false,"fullwidth_page":false,"active_ga4_event":false},"featured_image_urls_v2":{"full":["https:\/\/www.tourisme-monteregie.qc.ca\/wp-content\/uploads\/2025\/11\/Parc-hiver.png",2200,1200,false],"thumbnail":["https:\/\/www.tourisme-monteregie.qc.ca\/wp-content\/uploads\/2025\/11\/Parc-hiver-150x150.png",150,150,true],"medium":["https:\/\/www.tourisme-monteregie.qc.ca\/wp-content\/uploads\/2025\/11\/Parc-hiver-300x164.png",300,164,true],"medium_large":["https:\/\/www.tourisme-monteregie.qc.ca\/wp-content\/uploads\/2025\/11\/Parc-hiver-768x419.png",768,419,true],"large":["https:\/\/www.tourisme-monteregie.qc.ca\/wp-content\/uploads\/2025\/11\/Parc-hiver-1024x559.png",1024,559,true],"1536x1536":["https:\/\/www.tourisme-monteregie.qc.ca\/wp-content\/uploads\/2025\/11\/Parc-hiver-1536x838.png",1536,838,true],"2048x2048":["https:\/\/www.tourisme-monteregie.qc.ca\/wp-content\/uploads\/2025\/11\/Parc-hiver-2048x1117.png",2048,1117,true],"post-thumb":["https:\/\/www.tourisme-monteregie.qc.ca\/wp-content\/uploads\/2025\/11\/Parc-hiver-275x150.png",275,150,true],"imgBannerPopup":["https:\/\/www.tourisme-monteregie.qc.ca\/wp-content\/uploads\/2025\/11\/Parc-hiver-1200x634.png",1200,634,true],"imgBanner":["https:\/\/www.tourisme-monteregie.qc.ca\/wp-content\/uploads\/2025\/11\/Parc-hiver-1920x630.png",1920,630,true],"imgBannerFull":["https:\/\/www.tourisme-monteregie.qc.ca\/wp-content\/uploads\/2025\/11\/Parc-hiver-2200x720.png",2200,720,true],"imgBannerMobile":["https:\/\/www.tourisme-monteregie.qc.ca\/wp-content\/uploads\/2025\/11\/Parc-hiver-650x650.png",650,650,true],"imgBannerMobileSmall":["https:\/\/www.tourisme-monteregie.qc.ca\/wp-content\/uploads\/2025\/11\/Parc-hiver-400x400.png",400,400,true],"imgMember":["https:\/\/www.tourisme-monteregie.qc.ca\/wp-content\/uploads\/2025\/11\/Parc-hiver-750x562.png",750,562,true],"imgMemberSmall":["https:\/\/www.tourisme-monteregie.qc.ca\/wp-content\/uploads\/2025\/11\/Parc-hiver-400x218.png",400,218,true],"imgTeam":["https:\/\/www.tourisme-monteregie.qc.ca\/wp-content\/uploads\/2025\/11\/Parc-hiver-540x400.png",540,400,true],"imgTeamSmall":["https:\/\/www.tourisme-monteregie.qc.ca\/wp-content\/uploads\/2025\/11\/Parc-hiver-270x147.png",270,147,true],"gform-image-choice-sm":["https:\/\/www.tourisme-monteregie.qc.ca\/wp-content\/uploads\/2025\/11\/Parc-hiver.png",300,164,false],"gform-image-choice-md":["https:\/\/www.tourisme-monteregie.qc.ca\/wp-content\/uploads\/2025\/11\/Parc-hiver.png",400,218,false],"gform-image-choice-lg":["https:\/\/www.tourisme-monteregie.qc.ca\/wp-content\/uploads\/2025\/11\/Parc-hiver.png",600,327,false]},"post_excerpt_stackable_v2":"<p>The Mont\u00e9r\u00e9gie, derived from the Latin form of the name Mount Royal (mons regius) owes its name to the five hills that form a line between the island of Montr\u00e9al and the Appalachians. This 11,000 km2 territory is full of historic events that have shaped today&#8217;s Qu\u00e9bec. Discover the riches of the four different tourist sectors of the region: Mont\u00e9r\u00e9gie-West, South Shore, Richelieu River and Mont\u00e9r\u00e9gie-East. The history of Mont\u00e9r\u00e9gie<\/p>\n","category_list_v2":"","author_info_v2":{"name":"mxo","url":"https:\/\/www.tourisme-monteregie.qc.ca\/en\/author\/mxo\/"},"comments_num_v2":"0 comments","yoast_head":"<!-- This site is optimized with the Yoast SEO plugin v27.4 - https:\/\/yoast.com\/product\/yoast-seo-wordpress\/ -->\n<title>Mont\u00e9r\u00e9gie region - Sectors and RCMs | Tourisme Mont\u00e9r\u00e9gie<\/title>\n<meta name=\"description\" content=\"With a wealth of attractions and discoveries, Mont\u00e9r\u00e9gie is divided into 4 tourist sectors and 13 RCMs. Learn more about this region of wonders.\" \/>\n<meta name=\"robots\" content=\"index, follow, max-snippet:-1, max-image-preview:large, max-video-preview:-1\" \/>\n<link rel=\"canonical\" href=\"https:\/\/www.tourisme-monteregie.qc.ca\/en\/region-of-wonders\/\" \/>\n<meta property=\"og:locale\" content=\"en_US\" \/>\n<meta property=\"og:type\" content=\"article\" \/>\n<meta property=\"og:title\" content=\"Mont\u00e9r\u00e9gie region - Sectors and RCMs | Tourisme Mont\u00e9r\u00e9gie\" \/>\n<meta property=\"og:description\" content=\"With a wealth of attractions and discoveries, Mont\u00e9r\u00e9gie is divided into 4 tourist sectors and 13 RCMs. Learn more about this region of wonders.\" \/>\n<meta property=\"og:url\" content=\"https:\/\/www.tourisme-monteregie.qc.ca\/en\/region-of-wonders\/\" \/>\n<meta property=\"og:site_name\" content=\"Tourisme Mont\u00e9r\u00e9gie\" \/>\n<meta property=\"article:publisher\" content=\"https:\/\/www.facebook.com\/tourisme.monteregie\" \/>\n<meta property=\"article:modified_time\" content=\"2024-02-15T23:02:52+00:00\" \/>\n<meta property=\"og:image\" content=\"https:\/\/www.tourisme-monteregie.qc.ca\/wp-content\/uploads\/2025\/11\/Parc-hiver-1920x630.png\" \/>\n\t<meta property=\"og:image:width\" content=\"503\" \/>\n\t<meta property=\"og:image:height\" content=\"695\" \/>\n\t<meta property=\"og:image:type\" content=\"image\/png\" \/>\n<meta name=\"twitter:card\" content=\"summary_large_image\" \/>\n<meta name=\"twitter:site\" content=\"@tourmonteregie\" \/>\n<meta name=\"twitter:label1\" content=\"Est. reading time\" \/>\n\t<meta name=\"twitter:data1\" content=\"1 minute\" \/>\n<script type=\"application\/ld+json\" class=\"yoast-schema-graph\">{\"@context\":\"https:\\\/\\\/schema.org\",\"@graph\":[{\"@type\":\"WebPage\",\"@id\":\"https:\\\/\\\/www.tourisme-monteregie.qc.ca\\\/en\\\/region-of-wonders\\\/\",\"url\":\"https:\\\/\\\/www.tourisme-monteregie.qc.ca\\\/en\\\/region-of-wonders\\\/\",\"name\":\"Mont\u00e9r\u00e9gie region - Sectors and RCMs | Tourisme Mont\u00e9r\u00e9gie\",\"isPartOf\":{\"@id\":\"https:\\\/\\\/www.tourisme-monteregie.qc.ca\\\/en\\\/#website\"},\"primaryImageOfPage\":{\"@id\":\"https:\\\/\\\/www.tourisme-monteregie.qc.ca\\\/en\\\/region-of-wonders\\\/#primaryimage\"},\"image\":{\"@id\":\"https:\\\/\\\/www.tourisme-monteregie.qc.ca\\\/en\\\/region-of-wonders\\\/#primaryimage\"},\"thumbnailUrl\":\"https:\\\/\\\/www.tourisme-monteregie.qc.ca\\\/wp-content\\\/uploads\\\/2025\\\/11\\\/Parc-hiver.png\",\"datePublished\":\"2019-09-09T13:31:59+00:00\",\"dateModified\":\"2024-02-15T23:02:52+00:00\",\"description\":\"With a wealth of attractions and discoveries, Mont\u00e9r\u00e9gie is divided into 4 tourist sectors and 13 RCMs. Learn more about this region of wonders.\",\"breadcrumb\":{\"@id\":\"https:\\\/\\\/www.tourisme-monteregie.qc.ca\\\/en\\\/region-of-wonders\\\/#breadcrumb\"},\"inLanguage\":\"en-CA\",\"potentialAction\":[{\"@type\":\"ReadAction\",\"target\":[\"https:\\\/\\\/www.tourisme-monteregie.qc.ca\\\/en\\\/region-of-wonders\\\/\"]}]},{\"@type\":\"ImageObject\",\"inLanguage\":\"en-CA\",\"@id\":\"https:\\\/\\\/www.tourisme-monteregie.qc.ca\\\/en\\\/region-of-wonders\\\/#primaryimage\",\"url\":\"https:\\\/\\\/www.tourisme-monteregie.qc.ca\\\/wp-content\\\/uploads\\\/2025\\\/11\\\/Parc-hiver.png\",\"contentUrl\":\"https:\\\/\\\/www.tourisme-monteregie.qc.ca\\\/wp-content\\\/uploads\\\/2025\\\/11\\\/Parc-hiver.png\",\"width\":2200,\"height\":1200},{\"@type\":\"BreadcrumbList\",\"@id\":\"https:\\\/\\\/www.tourisme-monteregie.qc.ca\\\/en\\\/region-of-wonders\\\/#breadcrumb\",\"itemListElement\":[{\"@type\":\"ListItem\",\"position\":1,\"name\":\"Accueil\",\"item\":\"https:\\\/\\\/www.tourisme-monteregie.qc.ca\\\/en\\\/accueil\\\/\"},{\"@type\":\"ListItem\",\"position\":2,\"name\":\"A region of wonders\"}]},{\"@type\":\"WebSite\",\"@id\":\"https:\\\/\\\/www.tourisme-monteregie.qc.ca\\\/en\\\/#website\",\"url\":\"https:\\\/\\\/www.tourisme-monteregie.qc.ca\\\/en\\\/\",\"name\":\"Tourisme Mont\u00e9r\u00e9gie\",\"description\":\"\",\"publisher\":{\"@id\":\"https:\\\/\\\/www.tourisme-monteregie.qc.ca\\\/en\\\/#organization\"},\"potentialAction\":[{\"@type\":\"SearchAction\",\"target\":{\"@type\":\"EntryPoint\",\"urlTemplate\":\"https:\\\/\\\/www.tourisme-monteregie.qc.ca\\\/en\\\/?s={search_term_string}\"},\"query-input\":{\"@type\":\"PropertyValueSpecification\",\"valueRequired\":true,\"valueName\":\"search_term_string\"}}],\"inLanguage\":\"en-CA\"},{\"@type\":\"Organization\",\"@id\":\"https:\\\/\\\/www.tourisme-monteregie.qc.ca\\\/en\\\/#organization\",\"name\":\"Tourisme Mont\u00e9r\u00e9gie\",\"url\":\"https:\\\/\\\/www.tourisme-monteregie.qc.ca\\\/en\\\/\",\"logo\":{\"@type\":\"ImageObject\",\"inLanguage\":\"en-CA\",\"@id\":\"https:\\\/\\\/www.tourisme-monteregie.qc.ca\\\/en\\\/#\\\/schema\\\/logo\\\/image\\\/\",\"url\":\"https:\\\/\\\/www.tourisme-monteregie.qc.ca\\\/wp-content\\\/uploads\\\/2025\\\/02\\\/cropped-android-chrome-256x256-1.png\",\"contentUrl\":\"https:\\\/\\\/www.tourisme-monteregie.qc.ca\\\/wp-content\\\/uploads\\\/2025\\\/02\\\/cropped-android-chrome-256x256-1.png\",\"width\":512,\"height\":512,\"caption\":\"Tourisme Mont\u00e9r\u00e9gie\"},\"image\":{\"@id\":\"https:\\\/\\\/www.tourisme-monteregie.qc.ca\\\/en\\\/#\\\/schema\\\/logo\\\/image\\\/\"},\"sameAs\":[\"https:\\\/\\\/www.facebook.com\\\/tourisme.monteregie\",\"https:\\\/\\\/x.com\\\/tourmonteregie\",\"https:\\\/\\\/www.instagram.com\\\/tourismemonteregie\\\/\",\"https:\\\/\\\/www.pinterest.ca\\\/tourmonteregie\",\"https:\\\/\\\/www.youtube.com\\\/user\\\/tourismemonteregie\",\"https:\\\/\\\/www.linkedin.com\\\/company\\\/tourisme-monteregie\\\/\"]}]}<\/script>\n<!-- \/ Yoast SEO plugin. -->","yoast_head_json":{"title":"Mont\u00e9r\u00e9gie region - Sectors and RCMs | Tourisme Mont\u00e9r\u00e9gie","description":"With a wealth of attractions and discoveries, Mont\u00e9r\u00e9gie is divided into 4 tourist sectors and 13 RCMs. Learn more about this region of wonders.","robots":{"index":"index","follow":"follow","max-snippet":"max-snippet:-1","max-image-preview":"max-image-preview:large","max-video-preview":"max-video-preview:-1"},"canonical":"https:\/\/www.tourisme-monteregie.qc.ca\/en\/region-of-wonders\/","og_locale":"en_US","og_type":"article","og_title":"Mont\u00e9r\u00e9gie region - Sectors and RCMs | Tourisme Mont\u00e9r\u00e9gie","og_description":"With a wealth of attractions and discoveries, Mont\u00e9r\u00e9gie is divided into 4 tourist sectors and 13 RCMs. Learn more about this region of wonders.","og_url":"https:\/\/www.tourisme-monteregie.qc.ca\/en\/region-of-wonders\/","og_site_name":"Tourisme Mont\u00e9r\u00e9gie","article_publisher":"https:\/\/www.facebook.com\/tourisme.monteregie","article_modified_time":"2024-02-15T23:02:52+00:00","og_image":[{"width":503,"height":695,"url":"https:\/\/www.tourisme-monteregie.qc.ca\/wp-content\/uploads\/2025\/11\/Parc-hiver-1920x630.png","type":"image\/png"}],"twitter_card":"summary_large_image","twitter_site":"@tourmonteregie","twitter_misc":{"Est. reading time":"1 minute"},"schema":{"@context":"https:\/\/schema.org","@graph":[{"@type":"WebPage","@id":"https:\/\/www.tourisme-monteregie.qc.ca\/en\/region-of-wonders\/","url":"https:\/\/www.tourisme-monteregie.qc.ca\/en\/region-of-wonders\/","name":"Mont\u00e9r\u00e9gie region - Sectors and RCMs | Tourisme Mont\u00e9r\u00e9gie","isPartOf":{"@id":"https:\/\/www.tourisme-monteregie.qc.ca\/en\/#website"},"primaryImageOfPage":{"@id":"https:\/\/www.tourisme-monteregie.qc.ca\/en\/region-of-wonders\/#primaryimage"},"image":{"@id":"https:\/\/www.tourisme-monteregie.qc.ca\/en\/region-of-wonders\/#primaryimage"},"thumbnailUrl":"https:\/\/www.tourisme-monteregie.qc.ca\/wp-content\/uploads\/2025\/11\/Parc-hiver.png","datePublished":"2019-09-09T13:31:59+00:00","dateModified":"2024-02-15T23:02:52+00:00","description":"With a wealth of attractions and discoveries, Mont\u00e9r\u00e9gie is divided into 4 tourist sectors and 13 RCMs. Learn more about this region of wonders.","breadcrumb":{"@id":"https:\/\/www.tourisme-monteregie.qc.ca\/en\/region-of-wonders\/#breadcrumb"},"inLanguage":"en-CA","potentialAction":[{"@type":"ReadAction","target":["https:\/\/www.tourisme-monteregie.qc.ca\/en\/region-of-wonders\/"]}]},{"@type":"ImageObject","inLanguage":"en-CA","@id":"https:\/\/www.tourisme-monteregie.qc.ca\/en\/region-of-wonders\/#primaryimage","url":"https:\/\/www.tourisme-monteregie.qc.ca\/wp-content\/uploads\/2025\/11\/Parc-hiver.png","contentUrl":"https:\/\/www.tourisme-monteregie.qc.ca\/wp-content\/uploads\/2025\/11\/Parc-hiver.png","width":2200,"height":1200},{"@type":"BreadcrumbList","@id":"https:\/\/www.tourisme-monteregie.qc.ca\/en\/region-of-wonders\/#breadcrumb","itemListElement":[{"@type":"ListItem","position":1,"name":"Accueil","item":"https:\/\/www.tourisme-monteregie.qc.ca\/en\/accueil\/"},{"@type":"ListItem","position":2,"name":"A region of wonders"}]},{"@type":"WebSite","@id":"https:\/\/www.tourisme-monteregie.qc.ca\/en\/#website","url":"https:\/\/www.tourisme-monteregie.qc.ca\/en\/","name":"Tourisme Mont\u00e9r\u00e9gie","description":"","publisher":{"@id":"https:\/\/www.tourisme-monteregie.qc.ca\/en\/#organization"},"potentialAction":[{"@type":"SearchAction","target":{"@type":"EntryPoint","urlTemplate":"https:\/\/www.tourisme-monteregie.qc.ca\/en\/?s={search_term_string}"},"query-input":{"@type":"PropertyValueSpecification","valueRequired":true,"valueName":"search_term_string"}}],"inLanguage":"en-CA"},{"@type":"Organization","@id":"https:\/\/www.tourisme-monteregie.qc.ca\/en\/#organization","name":"Tourisme Mont\u00e9r\u00e9gie","url":"https:\/\/www.tourisme-monteregie.qc.ca\/en\/","logo":{"@type":"ImageObject","inLanguage":"en-CA","@id":"https:\/\/www.tourisme-monteregie.qc.ca\/en\/#\/schema\/logo\/image\/","url":"https:\/\/www.tourisme-monteregie.qc.ca\/wp-content\/uploads\/2025\/02\/cropped-android-chrome-256x256-1.png","contentUrl":"https:\/\/www.tourisme-monteregie.qc.ca\/wp-content\/uploads\/2025\/02\/cropped-android-chrome-256x256-1.png","width":512,"height":512,"caption":"Tourisme Mont\u00e9r\u00e9gie"},"image":{"@id":"https:\/\/www.tourisme-monteregie.qc.ca\/en\/#\/schema\/logo\/image\/"},"sameAs":["https:\/\/www.facebook.com\/tourisme.monteregie","https:\/\/x.com\/tourmonteregie","https:\/\/www.instagram.com\/tourismemonteregie\/","https:\/\/www.pinterest.ca\/tourmonteregie","https:\/\/www.youtube.com\/user\/tourismemonteregie","https:\/\/www.linkedin.com\/company\/tourisme-monteregie\/"]}]}},"_links":{"self":[{"href":"https:\/\/www.tourisme-monteregie.qc.ca\/en\/wp-json\/wp\/v2\/pages\/28939","targetHints":{"allow":["GET"]}}],"collection":[{"href":"https:\/\/www.tourisme-monteregie.qc.ca\/en\/wp-json\/wp\/v2\/pages"}],"about":[{"href":"https:\/\/www.tourisme-monteregie.qc.ca\/en\/wp-json\/wp\/v2\/types\/page"}],"author":[{"embeddable":true,"href":"https:\/\/www.tourisme-monteregie.qc.ca\/en\/wp-json\/wp\/v2\/users\/2"}],"replies":[{"embeddable":true,"href":"https:\/\/www.tourisme-monteregie.qc.ca\/en\/wp-json\/wp\/v2\/comments?post=28939"}],"version-history":[{"count":2,"href":"https:\/\/www.tourisme-monteregie.qc.ca\/en\/wp-json\/wp\/v2\/pages\/28939\/revisions"}],"predecessor-version":[{"id":72036,"href":"https:\/\/www.tourisme-monteregie.qc.ca\/en\/wp-json\/wp\/v2\/pages\/28939\/revisions\/72036"}],"wp:featuredmedia":[{"embeddable":true,"href":"https:\/\/www.tourisme-monteregie.qc.ca\/en\/wp-json\/wp\/v2\/media\/99962"}],"wp:attachment":[{"href":"https:\/\/www.tourisme-monteregie.qc.ca\/en\/wp-json\/wp\/v2\/media?parent=28939"}],"curies":[{"name":"wp","href":"https:\/\/api.w.org\/{rel}","templated":true}]}}