{"id":29306,"date":"2019-04-12T08:18:52","date_gmt":"2019-04-12T12:18:52","guid":{"rendered":"https:\/\/www.tourisme-monteregie.qc.ca\/?page_id=29306"},"modified":"2019-09-18T11:21:28","modified_gmt":"2019-09-18T15:21:28","slug":"the-monteregie","status":"publish","type":"page","link":"https:\/\/www.tourisme-monteregie.qc.ca\/en\/the-monteregie\/","title":{"rendered":"The history of <br>Mont\u00e9r\u00e9gie"},"content":{"rendered":"\n<figure class=\"wp-block-image\"><img loading=\"lazy\" decoding=\"async\" width=\"1024\" height=\"758\" src=\"https:\/\/www.tourisme-monteregie.qc.ca\/wp-content\/uploads\/2019\/09\/carte-histoire-monteregie-1024x758.png\" alt=\"Carte sur l\u2019histoire de la mont\u00e9r\u00e9gie\" class=\"wp-image-29303\" srcset=\"https:\/\/www.tourisme-monteregie.qc.ca\/wp-content\/uploads\/2019\/09\/carte-histoire-monteregie-1024x758.png 1024w, https:\/\/www.tourisme-monteregie.qc.ca\/wp-content\/uploads\/2019\/09\/carte-histoire-monteregie-300x222.png 300w, https:\/\/www.tourisme-monteregie.qc.ca\/wp-content\/uploads\/2019\/09\/carte-histoire-monteregie-768x569.png 768w, https:\/\/www.tourisme-monteregie.qc.ca\/wp-content\/uploads\/2019\/09\/carte-histoire-monteregie-275x204.png 275w, https:\/\/www.tourisme-monteregie.qc.ca\/wp-content\/uploads\/2019\/09\/carte-histoire-monteregie-381x282.png 381w, https:\/\/www.tourisme-monteregie.qc.ca\/wp-content\/uploads\/2019\/09\/carte-histoire-monteregie.png 1148w\" sizes=\"auto, (max-width: 1024px) 100vw, 1024px\" \/><\/figure>\n\n\n<div id=\"timeline-block_5d8132b0fd722\" class=\"timeline-wrap box box--padding-60\">\r\n\t\t\t<ol class=\"timeline list list--remove-style\">\r\n\t\t\t\t\t\t\t<li class=\"timeline__entry\">\r\n\t\t\t\t\t<h3 class=\"timeline__headline headline headline--highlight\">Prehistory<\/h3>\r\n\t\t\t\t\t<p class=\"timeline__desc p \">Aboriginal presence in Pointe-du-Buisson (Melocheville) and in the Sorel region.<\/p>\r\n\t\t\t\t<\/li>\r\n\t\t\t\t\t\t\t<li class=\"timeline__entry\">\r\n\t\t\t\t\t<h3 class=\"timeline__headline headline headline--highlight\">1642<\/h3>\r\n\t\t\t\t\t<p class=\"timeline__desc p \">The founding of the city of Sorel, forth oldest city in Canada.<\/p>\r\n\t\t\t\t<\/li>\r\n\t\t\t\t\t\t\t<li class=\"timeline__entry\">\r\n\t\t\t\t\t<h3 class=\"timeline__headline headline headline--highlight\">1657<\/h3>\r\n\t\t\t\t\t<p class=\"timeline__desc p \">Year that Longueuil was founded through a Seigneury concession act to Charles Le Moyne.<\/p>\r\n\t\t\t\t<\/li>\r\n\t\t\t\t\t\t\t<li class=\"timeline__entry\">\r\n\t\t\t\t\t<h3 class=\"timeline__headline headline headline--highlight\">1665<\/h3>\r\n\t\t\t\t\t<p class=\"timeline__desc p \">Louis XIV decides to come to the aid of the colony and sends the Carignan-Sali\u00e8re regiment to face the Iroquois threat.<\/p>\r\n\t\t\t\t<\/li>\r\n\t\t\t\t\t\t\t<li class=\"timeline__entry\">\r\n\t\t\t\t\t<h3 class=\"timeline__headline headline headline--highlight\">1665<\/h3>\r\n\t\t\t\t\t<p class=\"timeline__desc p \">Construction of Route 1 &#8220;Chemin Chambly&#8221; between the cities of Chambly and Longueuil by the troops of the Carignan-Sali\u00e8re regiment, under the orders of Daniel Rentry de Courcelle, governor of New France. First road suitable for cars in Canada.<\/p>\r\n\t\t\t\t<\/li>\r\n\t\t\t\t\t\t\t<li class=\"timeline__entry\">\r\n\t\t\t\t\t<h3 class=\"timeline__headline headline headline--highlight\">1665<\/h3>\r\n\t\t\t\t\t<p class=\"timeline__desc p \">Construction of a wooden fort in Chambly, near the Richelieu River rapids, in order to prohibit the Iroquois access to the region.<\/p>\r\n\t\t\t\t<\/li>\r\n\t\t\t\t\t\t\t<li class=\"timeline__entry\">\r\n\t\t\t\t\t<h3 class=\"timeline__headline headline headline--highlight\">1667<\/h3>\r\n\t\t\t\t\t<p class=\"timeline__desc p \">The founding of the Fran\u00e7ois-Xavier Mission in La Prairie to teach Native Americans the Christian religion.<\/p>\r\n\t\t\t\t<\/li>\r\n\t\t\t\t\t\t\t<li class=\"timeline__entry\">\r\n\t\t\t\t\t<h3 class=\"timeline__headline headline headline--highlight\">1668<\/h3>\r\n\t\t\t\t\t<p class=\"timeline__desc p \">The founding of Boucherville. Settlement of Pierre Boucher on the land of &#8220;Seigneuries des \u00celes-Perc\u00e9es&#8221;.<\/p>\r\n\t\t\t\t<\/li>\r\n\t\t\t\t\t\t\t<li class=\"timeline__entry\">\r\n\t\t\t\t\t<h3 class=\"timeline__headline headline headline--highlight\">1673<\/h3>\r\n\t\t\t\t\t<p class=\"timeline__desc p \">The founding of Ch\u00e2teauguay.<\/p>\r\n\t\t\t\t<\/li>\r\n\t\t\t\t\t\t\t<li class=\"timeline__entry\">\r\n\t\t\t\t\t<h3 class=\"timeline__headline headline headline--highlight\">1708<\/h3>\r\n\t\t\t\t\t<p class=\"timeline__desc p \">Construction of a windmill in Pointe-du-Moulin on l\u2019\u00cele-Perrot.<\/p>\r\n\t\t\t\t<\/li>\r\n\t\t\t\t\t\t\t<li class=\"timeline__entry\">\r\n\t\t\t\t\t<h3 class=\"timeline__headline headline headline--highlight\">1709<\/h3>\r\n\t\t\t\t\t<p class=\"timeline__desc p \">A stone fort replaces the wooden fort in Chambly.<\/p>\r\n\t\t\t\t<\/li>\r\n\t\t\t\t\t\t\t<li class=\"timeline__entry\">\r\n\t\t\t\t\t<h3 class=\"timeline__headline headline headline--highlight\">1716-1717<\/h3>\r\n\t\t\t\t\t<p class=\"timeline__desc p \">The Saint-Fran\u00e7ois-Xavier Mission is moved and becomes Kahnawake.<\/p>\r\n\t\t\t\t<\/li>\r\n\t\t\t\t\t\t\t<li class=\"timeline__entry\">\r\n\t\t\t\t\t<h3 class=\"timeline__headline headline headline--highlight\">1748<\/h3>\r\n\t\t\t\t\t<p class=\"timeline__desc p \">The founding of the city of Saint-Hyacinthe.<\/p>\r\n\t\t\t\t<\/li>\r\n\t\t\t\t\t\t\t<li class=\"timeline__entry\">\r\n\t\t\t\t\t<h3 class=\"timeline__headline headline headline--highlight\">1750<\/h3>\r\n\t\t\t\t\t<p class=\"timeline__desc p \">The French dig the Rigolet Canal in C\u00f4teau-du-lac. First canal in North America.<\/p>\r\n\t\t\t\t<\/li>\r\n\t\t\t\t\t\t\t<li class=\"timeline__entry\">\r\n\t\t\t\t\t<h3 class=\"timeline__headline headline headline--highlight\">1759<\/h3>\r\n\t\t\t\t\t<p class=\"timeline__desc p \">The French undertake the construction of a star-shaped fort on l\u2019\u00cele-aux-Noix. It will become British in 1760.<\/p>\r\n\t\t\t\t<\/li>\r\n\t\t\t\t\t\t\t<li class=\"timeline__entry\">\r\n\t\t\t\t\t<h3 class=\"timeline__headline headline headline--highlight\">1759-1760<\/h3>\r\n\t\t\t\t\t<p class=\"timeline__desc p \">Battle of Qu\u00e9bec and defeat of Montcalm on the Plains of Abraham. The French colony is surrendered to the British.<\/p>\r\n\t\t\t\t<\/li>\r\n\t\t\t\t\t\t\t<li class=\"timeline__entry\">\r\n\t\t\t\t\t<h3 class=\"timeline__headline headline headline--highlight\">1768<\/h3>\r\n\t\t\t\t\t<p class=\"timeline__desc p \">The return from exile after the &#8220;Great Upheaval&#8221; of 1755 (the expulsion of the Acadians), who settle in Sainte-Marguerite-de Blairfindie, which becomes &#8220;petite Acadie&#8221; and then L\u2019Acadie.<\/p>\r\n\t\t\t\t<\/li>\r\n\t\t\t\t\t\t\t<li class=\"timeline__entry\">\r\n\t\t\t\t\t<h3 class=\"timeline__headline headline headline--highlight\">1775<\/h3>\r\n\t\t\t\t\t<p class=\"timeline__desc p \">Battle against the American troops at Dorion.<\/p>\r\n\t\t\t\t<\/li>\r\n\t\t\t\t\t\t\t<li class=\"timeline__entry\">\r\n\t\t\t\t\t<h3 class=\"timeline__headline headline headline--highlight\">1779-1780<\/h3>\r\n\t\t\t\t\t<p class=\"timeline__desc p \">The British build the first canal lock in North America in Coteau-du-Lac. An octagonal bunker will ensure its protection starting in 1812.<\/p>\r\n\t\t\t\t<\/li>\r\n\t\t\t\t\t\t\t<li class=\"timeline__entry\">\r\n\t\t\t\t\t<h3 class=\"timeline__headline headline headline--highlight\">1781<\/h3>\r\n\t\t\t\t\t<p class=\"timeline__desc p \">The British build the Lacolle River Blockhouse(the only building of its type in Qu\u00e9bec still intact).<\/p>\r\n\t\t\t\t<\/li>\r\n\t\t\t\t\t\t\t<li class=\"timeline__entry\">\r\n\t\t\t\t\t<h3 class=\"timeline__headline headline headline--highlight\">1813<\/h3>\r\n\t\t\t\t\t<p class=\"timeline__desc p \">Under the orders of Lieutenant-Colonel Charles-Michel de Salaberry, the Canadian troops take down the American army at Allan\u2019s Corner, better known as &#8220;The Battle of the Ch\u00e2teauguay&#8221;.<\/p>\r\n\t\t\t\t<\/li>\r\n\t\t\t\t\t\t\t<li class=\"timeline__entry\">\r\n\t\t\t\t\t<h3 class=\"timeline__headline headline headline--highlight\">1819<\/h3>\r\n\t\t\t\t\t<p class=\"timeline__desc p \">The construction of military buildings, by the British, on the site of the old French fort of l\u2019\u00cele-aux-Noix, which is Fort-Lennox.<\/p>\r\n\t\t\t\t<\/li>\r\n\t\t\t\t\t\t\t<li class=\"timeline__entry\">\r\n\t\t\t\t\t<h3 class=\"timeline__headline headline headline--highlight\">1836<\/h3>\r\n\t\t\t\t\t<p class=\"timeline__desc p \">Inauguration of the first Canadian railroad between La Prairie and Saint-Jean-sur-Richelieu.<\/p>\r\n\t\t\t\t<\/li>\r\n\t\t\t\t\t\t\t<li class=\"timeline__entry\">\r\n\t\t\t\t\t<h3 class=\"timeline__headline headline headline--highlight\">1837-1838<\/h3>\r\n\t\t\t\t\t<p class=\"timeline__desc p \">Patriots\u2019 rebellion against the British regime. Victory at Saint-Denis.<\/p>\r\n\t\t\t\t<\/li>\r\n\t\t\t\t\t\t\t<li class=\"timeline__entry\">\r\n\t\t\t\t\t<h3 class=\"timeline__headline headline headline--highlight\">1843<\/h3>\r\n\t\t\t\t\t<p class=\"timeline__desc p \">Inauguration of the Chambly Canal, open to commercial navigation on the Richelieu River.<\/p>\r\n\t\t\t\t<\/li>\r\n\t\t\t\t\t\t\t<li class=\"timeline__entry\">\r\n\t\t\t\t\t<h3 class=\"timeline__headline headline headline--highlight\">1845<\/h3>\r\n\t\t\t\t\t<p class=\"timeline__desc p \">The construction of the Beauharnois Canal.<\/p>\r\n\t\t\t\t<\/li>\r\n\t\t\t\t\t\t\t<li class=\"timeline__entry\">\r\n\t\t\t\t\t<h3 class=\"timeline__headline headline headline--highlight\">1851<\/h3>\r\n\t\t\t\t\t<p class=\"timeline__desc p \">Inauguration of the first international railroad between Longueuil and Portland via Acton Vale.<\/p>\r\n\t\t\t\t<\/li>\r\n\t\t\t\t\t\t\t<li class=\"timeline__entry\">\r\n\t\t\t\t\t<h3 class=\"timeline__headline headline headline--highlight\">1860<\/h3>\r\n\t\t\t\t\t<p class=\"timeline__desc p \">Construction of Victoria Bridge. First bridge linking Montr\u00e9al and the South Shore.<\/p>\r\n\t\t\t\t<\/li>\r\n\t\t\t\t\t\t\t<li class=\"timeline__entry\">\r\n\t\t\t\t\t<h3 class=\"timeline__headline headline headline--highlight\">1861<\/h3>\r\n\t\t\t\t\t<p class=\"timeline__desc p \">Construction of a covered bridge in Powerscourt (Hinchinbrooke). It is the oldest covered bridge in Canada.<\/p>\r\n\t\t\t\t<\/li>\r\n\t\t\t\t\t\t\t<li class=\"timeline__entry\">\r\n\t\t\t\t\t<h3 class=\"timeline__headline headline headline--highlight\">1879<\/h3>\r\n\t\t\t\t\t<p class=\"timeline__desc p \">Opening of world known organ builders, Casavant et Fr\u00e8res, in Saint-Hyacinthe.<\/p>\r\n\t\t\t\t<\/li>\r\n\t\t\t\t\t\t\t<li class=\"timeline__entry\">\r\n\t\t\t\t\t<h3 class=\"timeline__headline headline headline--highlight\">1909<\/h3>\r\n\t\t\t\t\t<p class=\"timeline__desc p \">Opening of King Edward amusement park on l\u2019\u00cele Groisbois in Boucherville. It closes its doors permanently in 1922.<\/p>\r\n\t\t\t\t<\/li>\r\n\t\t\t\t\t\t\t<li class=\"timeline__entry\">\r\n\t\t\t\t\t<h3 class=\"timeline__headline headline headline--highlight\">1930<\/h3>\r\n\t\t\t\t\t<p class=\"timeline__desc p \">The Airship R100, coming from Carling in Great Britain, lands in Saint-Hubert after its first and only transatlantic flight.<\/p>\r\n\t\t\t\t<\/li>\r\n\t\t\t\t\t\t\t<li class=\"timeline__entry\">\r\n\t\t\t\t\t<h3 class=\"timeline__headline headline headline--highlight\">1959<\/h3>\r\n\t\t\t\t\t<p class=\"timeline__desc p \">Opening of the Saint-Lawrence Seaway.<\/p>\r\n\t\t\t\t<\/li>\r\n\t\t\t\t\t\t\t<li class=\"timeline__entry\">\r\n\t\t\t\t\t<h3 class=\"timeline__headline headline headline--highlight\">1978<\/h3>\r\n\t\t\t\t\t<p class=\"timeline__desc p \">UNESCO recognizes Mont Saint-Hilaire as the first &#8220;Biosphere Reserve&#8221; in Canada.<\/p>\r\n\t\t\t\t<\/li>\r\n\t\t\t\t\t\t\t<li class=\"timeline__entry\">\r\n\t\t\t\t\t<h3 class=\"timeline__headline headline headline--highlight\">2000<\/h3>\r\n\t\t\t\t\t<p class=\"timeline__desc p \">UNESCO recognizes the Archipelago of Lake Saint-Pierre as the second &#8220;Biosphere Reserve&#8221; in Mont\u00e9r\u00e9gie.<\/p>\r\n\t\t\t\t<\/li>\r\n\t\t\t\t\t<\/ol>\r\n\t<\/div>","protected":false},"excerpt":{"rendered":"","protected":false},"author":2,"featured_media":0,"parent":0,"menu_order":28,"comment_status":"closed","ping_status":"closed","template":"","meta":{"_acf_changed":false,"inline_featured_image":false,"footnotes":""},"class_list":["post-29306","page","type-page","status-publish","hentry"],"acf":{"title_banner":false,"title_banner_bg_bleed":false,"fullwidth_page":false},"featured_image_urls_v2":{"full":"","thumbnail":"","medium":"","medium_large":"","large":"","1536x1536":"","2048x2048":"","post-thumb":"","imgBannerPopup":"","imgBanner":"","imgBannerFull":"","imgBannerMobile":"","imgBannerMobileSmall":"","imgMember":"","imgMemberSmall":"","imgTeam":"","imgTeamSmall":"","gform-image-choice-sm":"","gform-image-choice-md":"","gform-image-choice-lg":""},"post_excerpt_stackable_v2":"<p>Prehistory Aboriginal presence in Pointe-du-Buisson (Melocheville) and in the Sorel region. 1642 The founding of the city of Sorel, forth oldest city in Canada. 1657 Year that Longueuil was founded through a Seigneury concession act to Charles Le Moyne. 1665 Louis XIV decides to come to the aid of the colony and sends the Carignan-Sali\u00e8re regiment to face the Iroquois threat. 1665 Construction of Route 1 &#8220;Chemin Chambly&#8221; between the cities of Chambly and Longueuil by the troops of the Carignan-Sali\u00e8re regiment, under the orders of Daniel Rentry de Courcelle, governor of New France. First road suitable for cars in&hellip;<\/p>\n","category_list_v2":"","author_info_v2":{"name":"mxo","url":"https:\/\/www.tourisme-monteregie.qc.ca\/en\/author\/mxo\/"},"comments_num_v2":"0 comments","yoast_head":"<!-- This site is optimized with the Yoast SEO plugin v27.4 - https:\/\/yoast.com\/product\/yoast-seo-wordpress\/ -->\n<title>The history of Mont\u00e9r\u00e9gie | Tourisme Mont\u00e9r\u00e9gie<\/title>\n<meta name=\"robots\" content=\"index, follow, max-snippet:-1, max-image-preview:large, max-video-preview:-1\" \/>\n<link rel=\"canonical\" href=\"https:\/\/www.tourisme-monteregie.qc.ca\/en\/the-monteregie\/\" \/>\n<meta property=\"og:locale\" content=\"en_US\" \/>\n<meta property=\"og:type\" content=\"article\" \/>\n<meta property=\"og:title\" content=\"The history of Mont\u00e9r\u00e9gie | Tourisme Mont\u00e9r\u00e9gie\" \/>\n<meta property=\"og:url\" content=\"https:\/\/www.tourisme-monteregie.qc.ca\/en\/the-monteregie\/\" \/>\n<meta property=\"og:site_name\" content=\"Tourisme Mont\u00e9r\u00e9gie\" \/>\n<meta property=\"article:publisher\" content=\"https:\/\/www.facebook.com\/tourisme.monteregie\" \/>\n<meta property=\"article:modified_time\" content=\"2019-09-18T15:21:28+00:00\" \/>\n<meta property=\"og:image\" content=\"https:\/\/www.tourisme-monteregie.qc.ca\/wp-content\/uploads\/2019\/09\/carte-histoire-monteregie-1024x758.png\" \/>\n<meta name=\"twitter:card\" content=\"summary_large_image\" \/>\n<meta name=\"twitter:site\" content=\"@tourmonteregie\" \/>\n<script type=\"application\/ld+json\" class=\"yoast-schema-graph\">{\"@context\":\"https:\\\/\\\/schema.org\",\"@graph\":[{\"@type\":\"WebPage\",\"@id\":\"https:\\\/\\\/www.tourisme-monteregie.qc.ca\\\/en\\\/the-monteregie\\\/\",\"url\":\"https:\\\/\\\/www.tourisme-monteregie.qc.ca\\\/en\\\/the-monteregie\\\/\",\"name\":\"The history of Mont\u00e9r\u00e9gie | Tourisme Mont\u00e9r\u00e9gie\",\"isPartOf\":{\"@id\":\"https:\\\/\\\/www.tourisme-monteregie.qc.ca\\\/en\\\/#website\"},\"primaryImageOfPage\":{\"@id\":\"https:\\\/\\\/www.tourisme-monteregie.qc.ca\\\/en\\\/the-monteregie\\\/#primaryimage\"},\"image\":{\"@id\":\"https:\\\/\\\/www.tourisme-monteregie.qc.ca\\\/en\\\/the-monteregie\\\/#primaryimage\"},\"thumbnailUrl\":\"https:\\\/\\\/www.tourisme-monteregie.qc.ca\\\/wp-content\\\/uploads\\\/2019\\\/09\\\/carte-histoire-monteregie-1024x758.png\",\"datePublished\":\"2019-04-12T12:18:52+00:00\",\"dateModified\":\"2019-09-18T15:21:28+00:00\",\"breadcrumb\":{\"@id\":\"https:\\\/\\\/www.tourisme-monteregie.qc.ca\\\/en\\\/the-monteregie\\\/#breadcrumb\"},\"inLanguage\":\"en-CA\",\"potentialAction\":[{\"@type\":\"ReadAction\",\"target\":[\"https:\\\/\\\/www.tourisme-monteregie.qc.ca\\\/en\\\/the-monteregie\\\/\"]}]},{\"@type\":\"ImageObject\",\"inLanguage\":\"en-CA\",\"@id\":\"https:\\\/\\\/www.tourisme-monteregie.qc.ca\\\/en\\\/the-monteregie\\\/#primaryimage\",\"url\":\"https:\\\/\\\/www.tourisme-monteregie.qc.ca\\\/wp-content\\\/uploads\\\/2019\\\/09\\\/carte-histoire-monteregie-1024x758.png\",\"contentUrl\":\"https:\\\/\\\/www.tourisme-monteregie.qc.ca\\\/wp-content\\\/uploads\\\/2019\\\/09\\\/carte-histoire-monteregie-1024x758.png\"},{\"@type\":\"BreadcrumbList\",\"@id\":\"https:\\\/\\\/www.tourisme-monteregie.qc.ca\\\/en\\\/the-monteregie\\\/#breadcrumb\",\"itemListElement\":[{\"@type\":\"ListItem\",\"position\":1,\"name\":\"Accueil\",\"item\":\"https:\\\/\\\/www.tourisme-monteregie.qc.ca\\\/en\\\/accueil\\\/\"},{\"@type\":\"ListItem\",\"position\":2,\"name\":\"The history of Mont\u00e9r\u00e9gie\"}]},{\"@type\":\"WebSite\",\"@id\":\"https:\\\/\\\/www.tourisme-monteregie.qc.ca\\\/en\\\/#website\",\"url\":\"https:\\\/\\\/www.tourisme-monteregie.qc.ca\\\/en\\\/\",\"name\":\"Tourisme Mont\u00e9r\u00e9gie\",\"description\":\"\",\"publisher\":{\"@id\":\"https:\\\/\\\/www.tourisme-monteregie.qc.ca\\\/en\\\/#organization\"},\"potentialAction\":[{\"@type\":\"SearchAction\",\"target\":{\"@type\":\"EntryPoint\",\"urlTemplate\":\"https:\\\/\\\/www.tourisme-monteregie.qc.ca\\\/en\\\/?s={search_term_string}\"},\"query-input\":{\"@type\":\"PropertyValueSpecification\",\"valueRequired\":true,\"valueName\":\"search_term_string\"}}],\"inLanguage\":\"en-CA\"},{\"@type\":\"Organization\",\"@id\":\"https:\\\/\\\/www.tourisme-monteregie.qc.ca\\\/en\\\/#organization\",\"name\":\"Tourisme Mont\u00e9r\u00e9gie\",\"url\":\"https:\\\/\\\/www.tourisme-monteregie.qc.ca\\\/en\\\/\",\"logo\":{\"@type\":\"ImageObject\",\"inLanguage\":\"en-CA\",\"@id\":\"https:\\\/\\\/www.tourisme-monteregie.qc.ca\\\/en\\\/#\\\/schema\\\/logo\\\/image\\\/\",\"url\":\"https:\\\/\\\/www.tourisme-monteregie.qc.ca\\\/wp-content\\\/uploads\\\/2025\\\/02\\\/cropped-android-chrome-256x256-1.png\",\"contentUrl\":\"https:\\\/\\\/www.tourisme-monteregie.qc.ca\\\/wp-content\\\/uploads\\\/2025\\\/02\\\/cropped-android-chrome-256x256-1.png\",\"width\":512,\"height\":512,\"caption\":\"Tourisme Mont\u00e9r\u00e9gie\"},\"image\":{\"@id\":\"https:\\\/\\\/www.tourisme-monteregie.qc.ca\\\/en\\\/#\\\/schema\\\/logo\\\/image\\\/\"},\"sameAs\":[\"https:\\\/\\\/www.facebook.com\\\/tourisme.monteregie\",\"https:\\\/\\\/x.com\\\/tourmonteregie\",\"https:\\\/\\\/www.instagram.com\\\/tourismemonteregie\\\/\",\"https:\\\/\\\/www.pinterest.ca\\\/tourmonteregie\",\"https:\\\/\\\/www.youtube.com\\\/user\\\/tourismemonteregie\",\"https:\\\/\\\/www.linkedin.com\\\/company\\\/tourisme-monteregie\\\/\"]}]}<\/script>\n<!-- \/ Yoast SEO plugin. -->","yoast_head_json":{"title":"The history of Mont\u00e9r\u00e9gie | Tourisme Mont\u00e9r\u00e9gie","robots":{"index":"index","follow":"follow","max-snippet":"max-snippet:-1","max-image-preview":"max-image-preview:large","max-video-preview":"max-video-preview:-1"},"canonical":"https:\/\/www.tourisme-monteregie.qc.ca\/en\/the-monteregie\/","og_locale":"en_US","og_type":"article","og_title":"The history of Mont\u00e9r\u00e9gie | Tourisme Mont\u00e9r\u00e9gie","og_url":"https:\/\/www.tourisme-monteregie.qc.ca\/en\/the-monteregie\/","og_site_name":"Tourisme Mont\u00e9r\u00e9gie","article_publisher":"https:\/\/www.facebook.com\/tourisme.monteregie","article_modified_time":"2019-09-18T15:21:28+00:00","og_image":[{"url":"https:\/\/www.tourisme-monteregie.qc.ca\/wp-content\/uploads\/2019\/09\/carte-histoire-monteregie-1024x758.png","type":"","width":"","height":""}],"twitter_card":"summary_large_image","twitter_site":"@tourmonteregie","schema":{"@context":"https:\/\/schema.org","@graph":[{"@type":"WebPage","@id":"https:\/\/www.tourisme-monteregie.qc.ca\/en\/the-monteregie\/","url":"https:\/\/www.tourisme-monteregie.qc.ca\/en\/the-monteregie\/","name":"The history of Mont\u00e9r\u00e9gie | Tourisme Mont\u00e9r\u00e9gie","isPartOf":{"@id":"https:\/\/www.tourisme-monteregie.qc.ca\/en\/#website"},"primaryImageOfPage":{"@id":"https:\/\/www.tourisme-monteregie.qc.ca\/en\/the-monteregie\/#primaryimage"},"image":{"@id":"https:\/\/www.tourisme-monteregie.qc.ca\/en\/the-monteregie\/#primaryimage"},"thumbnailUrl":"https:\/\/www.tourisme-monteregie.qc.ca\/wp-content\/uploads\/2019\/09\/carte-histoire-monteregie-1024x758.png","datePublished":"2019-04-12T12:18:52+00:00","dateModified":"2019-09-18T15:21:28+00:00","breadcrumb":{"@id":"https:\/\/www.tourisme-monteregie.qc.ca\/en\/the-monteregie\/#breadcrumb"},"inLanguage":"en-CA","potentialAction":[{"@type":"ReadAction","target":["https:\/\/www.tourisme-monteregie.qc.ca\/en\/the-monteregie\/"]}]},{"@type":"ImageObject","inLanguage":"en-CA","@id":"https:\/\/www.tourisme-monteregie.qc.ca\/en\/the-monteregie\/#primaryimage","url":"https:\/\/www.tourisme-monteregie.qc.ca\/wp-content\/uploads\/2019\/09\/carte-histoire-monteregie-1024x758.png","contentUrl":"https:\/\/www.tourisme-monteregie.qc.ca\/wp-content\/uploads\/2019\/09\/carte-histoire-monteregie-1024x758.png"},{"@type":"BreadcrumbList","@id":"https:\/\/www.tourisme-monteregie.qc.ca\/en\/the-monteregie\/#breadcrumb","itemListElement":[{"@type":"ListItem","position":1,"name":"Accueil","item":"https:\/\/www.tourisme-monteregie.qc.ca\/en\/accueil\/"},{"@type":"ListItem","position":2,"name":"The history of Mont\u00e9r\u00e9gie"}]},{"@type":"WebSite","@id":"https:\/\/www.tourisme-monteregie.qc.ca\/en\/#website","url":"https:\/\/www.tourisme-monteregie.qc.ca\/en\/","name":"Tourisme Mont\u00e9r\u00e9gie","description":"","publisher":{"@id":"https:\/\/www.tourisme-monteregie.qc.ca\/en\/#organization"},"potentialAction":[{"@type":"SearchAction","target":{"@type":"EntryPoint","urlTemplate":"https:\/\/www.tourisme-monteregie.qc.ca\/en\/?s={search_term_string}"},"query-input":{"@type":"PropertyValueSpecification","valueRequired":true,"valueName":"search_term_string"}}],"inLanguage":"en-CA"},{"@type":"Organization","@id":"https:\/\/www.tourisme-monteregie.qc.ca\/en\/#organization","name":"Tourisme Mont\u00e9r\u00e9gie","url":"https:\/\/www.tourisme-monteregie.qc.ca\/en\/","logo":{"@type":"ImageObject","inLanguage":"en-CA","@id":"https:\/\/www.tourisme-monteregie.qc.ca\/en\/#\/schema\/logo\/image\/","url":"https:\/\/www.tourisme-monteregie.qc.ca\/wp-content\/uploads\/2025\/02\/cropped-android-chrome-256x256-1.png","contentUrl":"https:\/\/www.tourisme-monteregie.qc.ca\/wp-content\/uploads\/2025\/02\/cropped-android-chrome-256x256-1.png","width":512,"height":512,"caption":"Tourisme Mont\u00e9r\u00e9gie"},"image":{"@id":"https:\/\/www.tourisme-monteregie.qc.ca\/en\/#\/schema\/logo\/image\/"},"sameAs":["https:\/\/www.facebook.com\/tourisme.monteregie","https:\/\/x.com\/tourmonteregie","https:\/\/www.instagram.com\/tourismemonteregie\/","https:\/\/www.pinterest.ca\/tourmonteregie","https:\/\/www.youtube.com\/user\/tourismemonteregie","https:\/\/www.linkedin.com\/company\/tourisme-monteregie\/"]}]}},"_links":{"self":[{"href":"https:\/\/www.tourisme-monteregie.qc.ca\/en\/wp-json\/wp\/v2\/pages\/29306","targetHints":{"allow":["GET"]}}],"collection":[{"href":"https:\/\/www.tourisme-monteregie.qc.ca\/en\/wp-json\/wp\/v2\/pages"}],"about":[{"href":"https:\/\/www.tourisme-monteregie.qc.ca\/en\/wp-json\/wp\/v2\/types\/page"}],"author":[{"embeddable":true,"href":"https:\/\/www.tourisme-monteregie.qc.ca\/en\/wp-json\/wp\/v2\/users\/2"}],"replies":[{"embeddable":true,"href":"https:\/\/www.tourisme-monteregie.qc.ca\/en\/wp-json\/wp\/v2\/comments?post=29306"}],"version-history":[{"count":0,"href":"https:\/\/www.tourisme-monteregie.qc.ca\/en\/wp-json\/wp\/v2\/pages\/29306\/revisions"}],"wp:attachment":[{"href":"https:\/\/www.tourisme-monteregie.qc.ca\/en\/wp-json\/wp\/v2\/media?parent=29306"}],"curies":[{"name":"wp","href":"https:\/\/api.w.org\/{rel}","templated":true}]}}