{"id":4154,"date":"2019-06-10T16:13:20","date_gmt":"2019-06-10T20:13:20","guid":{"rendered":"https:\/\/www.tourisme-monteregie.qc.ca\/?page_id=4154"},"modified":"2019-06-18T10:07:57","modified_gmt":"2019-06-18T14:07:57","slug":"contest","status":"publish","type":"page","link":"https:\/\/www.tourisme-monteregie.qc.ca\/en\/contest\/","title":{"rendered":"Contest"},"content":{"rendered":"\n<p>No need for contests to experience unforgettable moments in Mont\u00e9r\u00e9gie! But, since any reason is a good reason to enjoy a romantic getaway or a family outing (and also because we love to spoil you), we have several great contests in store for you throughout the year! <\/p>\n\n\n\n<p>Stay tuned for our next contest and participate to your heart&#8217;s content! <\/p>\n","protected":false},"excerpt":{"rendered":"<p>No need for contests to experience unforgettable moments in Mont\u00e9r\u00e9gie! But, since any reason is a good reason to enjoy a romantic getaway or a family outing (and also because we love to spoil you), we&#8230;<\/p>\n","protected":false},"author":2,"featured_media":0,"parent":0,"menu_order":31,"comment_status":"closed","ping_status":"closed","template":"templates\/tpl_contest.php","meta":{"_acf_changed":false,"inline_featured_image":false,"footnotes":""},"class_list":["post-4154","page","type-page","status-publish","hentry"],"acf":{"title_banner":false,"title_banner_bg_bleed":false,"active_ga4_event":false},"featured_image_urls_v2":{"full":"","thumbnail":"","medium":"","medium_large":"","large":"","1536x1536":"","2048x2048":"","post-thumb":"","imgBannerPopup":"","imgBanner":"","imgBannerFull":"","imgBannerMobile":"","imgBannerMobileSmall":"","imgMember":"","imgMemberSmall":"","imgTeam":"","imgTeamSmall":"","gform-image-choice-sm":"","gform-image-choice-md":"","gform-image-choice-lg":""},"post_excerpt_stackable_v2":"<p>No need for contests to experience unforgettable moments in Mont\u00e9r\u00e9gie! But, since any reason is a good reason to enjoy a romantic getaway or a family outing (and also because we love to spoil you), we have several great contests in store for you throughout the year! Stay tuned for our next contest and participate to your heart&#8217;s content!<\/p>\n","category_list_v2":"","author_info_v2":{"name":"mxo","url":"https:\/\/www.tourisme-monteregie.qc.ca\/en\/author\/mxo\/"},"comments_num_v2":"0 comments","yoast_head":"<!-- This site is optimized with the Yoast SEO plugin v27.5 - https:\/\/yoast.com\/product\/yoast-seo-wordpress\/ -->\n<title>Contest | Tourisme Mont\u00e9r\u00e9gie<\/title>\n<meta name=\"description\" content=\"No need for contests to experience unforgettable moments in Mont\u00e9r\u00e9gie! But, since any reason is a good reason to enjoy a romantic getaway or a family outing...\" \/>\n<meta name=\"robots\" content=\"index, follow, max-snippet:-1, max-image-preview:large, max-video-preview:-1\" \/>\n<link rel=\"canonical\" href=\"https:\/\/www.tourisme-monteregie.qc.ca\/en\/contest\/\" \/>\n<meta property=\"og:locale\" content=\"en_US\" \/>\n<meta property=\"og:type\" content=\"article\" \/>\n<meta property=\"og:title\" content=\"Contest | Tourisme Mont\u00e9r\u00e9gie\" \/>\n<meta property=\"og:description\" content=\"No need for contests to experience unforgettable moments in Mont\u00e9r\u00e9gie! But, since any reason is a good reason to enjoy a romantic getaway or a family outing...\" \/>\n<meta property=\"og:url\" content=\"https:\/\/www.tourisme-monteregie.qc.ca\/en\/contest\/\" \/>\n<meta property=\"og:site_name\" content=\"Tourisme Mont\u00e9r\u00e9gie\" \/>\n<meta property=\"article:publisher\" content=\"https:\/\/www.facebook.com\/tourisme.monteregie\" \/>\n<meta property=\"article:modified_time\" content=\"2019-06-18T14:07:57+00:00\" \/>\n<meta property=\"og:image\" content=\"https:\/\/www.tourisme-monteregie.qc.ca\/wp-content\/uploads\/2025\/02\/share-facebook.png\" \/>\n\t<meta property=\"og:image:width\" content=\"1200\" \/>\n\t<meta property=\"og:image:height\" content=\"630\" \/>\n\t<meta property=\"og:image:type\" content=\"image\/png\" \/>\n<meta name=\"twitter:card\" content=\"summary_large_image\" \/>\n<meta name=\"twitter:site\" content=\"@tourmonteregie\" \/>\n<script type=\"application\/ld+json\" class=\"yoast-schema-graph\">{\"@context\":\"https:\\\/\\\/schema.org\",\"@graph\":[{\"@type\":\"WebPage\",\"@id\":\"https:\\\/\\\/www.tourisme-monteregie.qc.ca\\\/en\\\/contest\\\/\",\"url\":\"https:\\\/\\\/www.tourisme-monteregie.qc.ca\\\/en\\\/contest\\\/\",\"name\":\"Contest | Tourisme Mont\u00e9r\u00e9gie\",\"isPartOf\":{\"@id\":\"https:\\\/\\\/www.tourisme-monteregie.qc.ca\\\/en\\\/#website\"},\"datePublished\":\"2019-06-10T20:13:20+00:00\",\"dateModified\":\"2019-06-18T14:07:57+00:00\",\"description\":\"No need for contests to experience unforgettable moments in Mont\u00e9r\u00e9gie! But, since any reason is a good reason to enjoy a romantic getaway or a family outing...\",\"breadcrumb\":{\"@id\":\"https:\\\/\\\/www.tourisme-monteregie.qc.ca\\\/en\\\/contest\\\/#breadcrumb\"},\"inLanguage\":\"en-CA\",\"potentialAction\":[{\"@type\":\"ReadAction\",\"target\":[\"https:\\\/\\\/www.tourisme-monteregie.qc.ca\\\/en\\\/contest\\\/\"]}]},{\"@type\":\"BreadcrumbList\",\"@id\":\"https:\\\/\\\/www.tourisme-monteregie.qc.ca\\\/en\\\/contest\\\/#breadcrumb\",\"itemListElement\":[{\"@type\":\"ListItem\",\"position\":1,\"name\":\"Accueil\",\"item\":\"https:\\\/\\\/www.tourisme-monteregie.qc.ca\\\/en\\\/accueil\\\/\"},{\"@type\":\"ListItem\",\"position\":2,\"name\":\"Contest\"}]},{\"@type\":\"WebSite\",\"@id\":\"https:\\\/\\\/www.tourisme-monteregie.qc.ca\\\/en\\\/#website\",\"url\":\"https:\\\/\\\/www.tourisme-monteregie.qc.ca\\\/en\\\/\",\"name\":\"Tourisme Mont\u00e9r\u00e9gie\",\"description\":\"\",\"publisher\":{\"@id\":\"https:\\\/\\\/www.tourisme-monteregie.qc.ca\\\/en\\\/#organization\"},\"potentialAction\":[{\"@type\":\"SearchAction\",\"target\":{\"@type\":\"EntryPoint\",\"urlTemplate\":\"https:\\\/\\\/www.tourisme-monteregie.qc.ca\\\/en\\\/?s={search_term_string}\"},\"query-input\":{\"@type\":\"PropertyValueSpecification\",\"valueRequired\":true,\"valueName\":\"search_term_string\"}}],\"inLanguage\":\"en-CA\"},{\"@type\":\"Organization\",\"@id\":\"https:\\\/\\\/www.tourisme-monteregie.qc.ca\\\/en\\\/#organization\",\"name\":\"Tourisme Mont\u00e9r\u00e9gie\",\"url\":\"https:\\\/\\\/www.tourisme-monteregie.qc.ca\\\/en\\\/\",\"logo\":{\"@type\":\"ImageObject\",\"inLanguage\":\"en-CA\",\"@id\":\"https:\\\/\\\/www.tourisme-monteregie.qc.ca\\\/en\\\/#\\\/schema\\\/logo\\\/image\\\/\",\"url\":\"https:\\\/\\\/www.tourisme-monteregie.qc.ca\\\/wp-content\\\/uploads\\\/2025\\\/02\\\/cropped-android-chrome-256x256-1.png\",\"contentUrl\":\"https:\\\/\\\/www.tourisme-monteregie.qc.ca\\\/wp-content\\\/uploads\\\/2025\\\/02\\\/cropped-android-chrome-256x256-1.png\",\"width\":512,\"height\":512,\"caption\":\"Tourisme Mont\u00e9r\u00e9gie\"},\"image\":{\"@id\":\"https:\\\/\\\/www.tourisme-monteregie.qc.ca\\\/en\\\/#\\\/schema\\\/logo\\\/image\\\/\"},\"sameAs\":[\"https:\\\/\\\/www.facebook.com\\\/tourisme.monteregie\",\"https:\\\/\\\/x.com\\\/tourmonteregie\",\"https:\\\/\\\/www.instagram.com\\\/tourismemonteregie\\\/\",\"https:\\\/\\\/www.pinterest.ca\\\/tourmonteregie\",\"https:\\\/\\\/www.youtube.com\\\/user\\\/tourismemonteregie\",\"https:\\\/\\\/www.linkedin.com\\\/company\\\/tourisme-monteregie\\\/\"]}]}<\/script>\n<!-- \/ Yoast SEO plugin. -->","yoast_head_json":{"title":"Contest | Tourisme Mont\u00e9r\u00e9gie","description":"No need for contests to experience unforgettable moments in Mont\u00e9r\u00e9gie! But, since any reason is a good reason to enjoy a romantic getaway or a family outing...","robots":{"index":"index","follow":"follow","max-snippet":"max-snippet:-1","max-image-preview":"max-image-preview:large","max-video-preview":"max-video-preview:-1"},"canonical":"https:\/\/www.tourisme-monteregie.qc.ca\/en\/contest\/","og_locale":"en_US","og_type":"article","og_title":"Contest | Tourisme Mont\u00e9r\u00e9gie","og_description":"No need for contests to experience unforgettable moments in Mont\u00e9r\u00e9gie! But, since any reason is a good reason to enjoy a romantic getaway or a family outing...","og_url":"https:\/\/www.tourisme-monteregie.qc.ca\/en\/contest\/","og_site_name":"Tourisme Mont\u00e9r\u00e9gie","article_publisher":"https:\/\/www.facebook.com\/tourisme.monteregie","article_modified_time":"2019-06-18T14:07:57+00:00","og_image":[{"width":1200,"height":630,"url":"https:\/\/www.tourisme-monteregie.qc.ca\/wp-content\/uploads\/2025\/02\/share-facebook.png","type":"image\/png"}],"twitter_card":"summary_large_image","twitter_site":"@tourmonteregie","schema":{"@context":"https:\/\/schema.org","@graph":[{"@type":"WebPage","@id":"https:\/\/www.tourisme-monteregie.qc.ca\/en\/contest\/","url":"https:\/\/www.tourisme-monteregie.qc.ca\/en\/contest\/","name":"Contest | Tourisme Mont\u00e9r\u00e9gie","isPartOf":{"@id":"https:\/\/www.tourisme-monteregie.qc.ca\/en\/#website"},"datePublished":"2019-06-10T20:13:20+00:00","dateModified":"2019-06-18T14:07:57+00:00","description":"No need for contests to experience unforgettable moments in Mont\u00e9r\u00e9gie! But, since any reason is a good reason to enjoy a romantic getaway or a family outing...","breadcrumb":{"@id":"https:\/\/www.tourisme-monteregie.qc.ca\/en\/contest\/#breadcrumb"},"inLanguage":"en-CA","potentialAction":[{"@type":"ReadAction","target":["https:\/\/www.tourisme-monteregie.qc.ca\/en\/contest\/"]}]},{"@type":"BreadcrumbList","@id":"https:\/\/www.tourisme-monteregie.qc.ca\/en\/contest\/#breadcrumb","itemListElement":[{"@type":"ListItem","position":1,"name":"Accueil","item":"https:\/\/www.tourisme-monteregie.qc.ca\/en\/accueil\/"},{"@type":"ListItem","position":2,"name":"Contest"}]},{"@type":"WebSite","@id":"https:\/\/www.tourisme-monteregie.qc.ca\/en\/#website","url":"https:\/\/www.tourisme-monteregie.qc.ca\/en\/","name":"Tourisme Mont\u00e9r\u00e9gie","description":"","publisher":{"@id":"https:\/\/www.tourisme-monteregie.qc.ca\/en\/#organization"},"potentialAction":[{"@type":"SearchAction","target":{"@type":"EntryPoint","urlTemplate":"https:\/\/www.tourisme-monteregie.qc.ca\/en\/?s={search_term_string}"},"query-input":{"@type":"PropertyValueSpecification","valueRequired":true,"valueName":"search_term_string"}}],"inLanguage":"en-CA"},{"@type":"Organization","@id":"https:\/\/www.tourisme-monteregie.qc.ca\/en\/#organization","name":"Tourisme Mont\u00e9r\u00e9gie","url":"https:\/\/www.tourisme-monteregie.qc.ca\/en\/","logo":{"@type":"ImageObject","inLanguage":"en-CA","@id":"https:\/\/www.tourisme-monteregie.qc.ca\/en\/#\/schema\/logo\/image\/","url":"https:\/\/www.tourisme-monteregie.qc.ca\/wp-content\/uploads\/2025\/02\/cropped-android-chrome-256x256-1.png","contentUrl":"https:\/\/www.tourisme-monteregie.qc.ca\/wp-content\/uploads\/2025\/02\/cropped-android-chrome-256x256-1.png","width":512,"height":512,"caption":"Tourisme Mont\u00e9r\u00e9gie"},"image":{"@id":"https:\/\/www.tourisme-monteregie.qc.ca\/en\/#\/schema\/logo\/image\/"},"sameAs":["https:\/\/www.facebook.com\/tourisme.monteregie","https:\/\/x.com\/tourmonteregie","https:\/\/www.instagram.com\/tourismemonteregie\/","https:\/\/www.pinterest.ca\/tourmonteregie","https:\/\/www.youtube.com\/user\/tourismemonteregie","https:\/\/www.linkedin.com\/company\/tourisme-monteregie\/"]}]}},"_links":{"self":[{"href":"https:\/\/www.tourisme-monteregie.qc.ca\/en\/wp-json\/wp\/v2\/pages\/4154","targetHints":{"allow":["GET"]}}],"collection":[{"href":"https:\/\/www.tourisme-monteregie.qc.ca\/en\/wp-json\/wp\/v2\/pages"}],"about":[{"href":"https:\/\/www.tourisme-monteregie.qc.ca\/en\/wp-json\/wp\/v2\/types\/page"}],"author":[{"embeddable":true,"href":"https:\/\/www.tourisme-monteregie.qc.ca\/en\/wp-json\/wp\/v2\/users\/2"}],"replies":[{"embeddable":true,"href":"https:\/\/www.tourisme-monteregie.qc.ca\/en\/wp-json\/wp\/v2\/comments?post=4154"}],"version-history":[{"count":0,"href":"https:\/\/www.tourisme-monteregie.qc.ca\/en\/wp-json\/wp\/v2\/pages\/4154\/revisions"}],"wp:attachment":[{"href":"https:\/\/www.tourisme-monteregie.qc.ca\/en\/wp-json\/wp\/v2\/media?parent=4154"}],"curies":[{"name":"wp","href":"https:\/\/api.w.org\/{rel}","templated":true}]}}