{"id":4156,"date":"2019-06-10T16:13:44","date_gmt":"2019-06-10T20:13:44","guid":{"rendered":"https:\/\/www.tourisme-monteregie.qc.ca\/?page_id=4156"},"modified":"2024-06-19T14:54:19","modified_gmt":"2024-06-19T18:54:19","slug":"packages","status":"publish","type":"page","link":"https:\/\/www.tourisme-monteregie.qc.ca\/en\/packages\/","title":{"rendered":"Packages"},"content":{"rendered":"\n<p>Do you like exploring new playgrounds? Mont\u00e9r\u00e9gie has a whole territory for you, a stone&#8217;s throw from Montreal! To combine wonder and savings, discover our current packages. Whether you want to relax, reconnect with nature, indulge your gourmet side or have stories told, we have something to get you out of your routine!<\/p>\n","protected":false},"excerpt":{"rendered":"<p>Do you like exploring new playgrounds? Mont\u00e9r\u00e9gie has a whole territory for you, a stone&#8217;s throw from Montreal! To combine wonder and savings, discover our current packages. Whether you want to relax, reconnect with nature, indulge&#8230;<\/p>\n","protected":false},"author":2,"featured_media":81143,"parent":0,"menu_order":32,"comment_status":"closed","ping_status":"closed","template":"templates\/tpl_package.php","meta":{"_acf_changed":false,"inline_featured_image":false,"footnotes":""},"class_list":["post-4156","page","type-page","status-publish","has-post-thumbnail","hentry"],"acf":{"title_banner":false,"title_banner_bg_bleed":false,"sub_title":"How do we spoil ourselves?","fullwidth_page":false,"spring":{"img_cat":false},"summer":{"img_cat":false},"fall":{"img_cat":false},"winter":{"img_cat":false},"google_ads_key":"","package_list":[{"image":51483,"title":"Explore our packages","link":"https:\/\/www.tourisme-monteregie.qc.ca\/en\/packages\/explore\/"}],"active_ga4_event":false},"featured_image_urls_v2":{"full":["https:\/\/www.tourisme-monteregie.qc.ca\/wp-content\/uploads\/2024\/11\/B0021675_Heritage-St-Bernard\u00a9Tourisme-Monteregie-medium.jpg",959,1280,false],"thumbnail":["https:\/\/www.tourisme-monteregie.qc.ca\/wp-content\/uploads\/2024\/11\/B0021675_Heritage-St-Bernard\u00a9Tourisme-Monteregie-medium-150x150.jpg",150,150,true],"medium":["https:\/\/www.tourisme-monteregie.qc.ca\/wp-content\/uploads\/2024\/11\/B0021675_Heritage-St-Bernard\u00a9Tourisme-Monteregie-medium-225x300.jpg",225,300,true],"medium_large":["https:\/\/www.tourisme-monteregie.qc.ca\/wp-content\/uploads\/2024\/11\/B0021675_Heritage-St-Bernard\u00a9Tourisme-Monteregie-medium-768x1025.jpg",768,1025,true],"large":["https:\/\/www.tourisme-monteregie.qc.ca\/wp-content\/uploads\/2024\/11\/B0021675_Heritage-St-Bernard\u00a9Tourisme-Monteregie-medium-767x1024.jpg",767,1024,true],"1536x1536":["https:\/\/www.tourisme-monteregie.qc.ca\/wp-content\/uploads\/2024\/11\/B0021675_Heritage-St-Bernard\u00a9Tourisme-Monteregie-medium.jpg",959,1280,false],"2048x2048":["https:\/\/www.tourisme-monteregie.qc.ca\/wp-content\/uploads\/2024\/11\/B0021675_Heritage-St-Bernard\u00a9Tourisme-Monteregie-medium.jpg",959,1280,false],"post-thumb":["https:\/\/www.tourisme-monteregie.qc.ca\/wp-content\/uploads\/2024\/11\/B0021675_Heritage-St-Bernard\u00a9Tourisme-Monteregie-medium-275x367.jpg",275,367,true],"imgBannerPopup":["https:\/\/www.tourisme-monteregie.qc.ca\/wp-content\/uploads\/2024\/11\/B0021675_Heritage-St-Bernard\u00a9Tourisme-Monteregie-medium-959x634.jpg",959,634,true],"imgBanner":["https:\/\/www.tourisme-monteregie.qc.ca\/wp-content\/uploads\/2024\/11\/B0021675_Heritage-St-Bernard\u00a9Tourisme-Monteregie-medium-959x630.jpg",959,630,true],"imgBannerFull":["https:\/\/www.tourisme-monteregie.qc.ca\/wp-content\/uploads\/2024\/11\/B0021675_Heritage-St-Bernard\u00a9Tourisme-Monteregie-medium-959x720.jpg",959,720,true],"imgBannerMobile":["https:\/\/www.tourisme-monteregie.qc.ca\/wp-content\/uploads\/2024\/11\/B0021675_Heritage-St-Bernard\u00a9Tourisme-Monteregie-medium-650x650.jpg",650,650,true],"imgBannerMobileSmall":["https:\/\/www.tourisme-monteregie.qc.ca\/wp-content\/uploads\/2024\/11\/B0021675_Heritage-St-Bernard\u00a9Tourisme-Monteregie-medium-400x400.jpg",400,400,true],"imgMember":["https:\/\/www.tourisme-monteregie.qc.ca\/wp-content\/uploads\/2024\/11\/B0021675_Heritage-St-Bernard\u00a9Tourisme-Monteregie-medium-750x562.jpg",750,562,true],"imgMemberSmall":["https:\/\/www.tourisme-monteregie.qc.ca\/wp-content\/uploads\/2024\/11\/B0021675_Heritage-St-Bernard\u00a9Tourisme-Monteregie-medium-211x282.jpg",211,282,true],"imgTeam":["https:\/\/www.tourisme-monteregie.qc.ca\/wp-content\/uploads\/2024\/11\/B0021675_Heritage-St-Bernard\u00a9Tourisme-Monteregie-medium-540x400.jpg",540,400,true],"imgTeamSmall":["https:\/\/www.tourisme-monteregie.qc.ca\/wp-content\/uploads\/2024\/11\/B0021675_Heritage-St-Bernard\u00a9Tourisme-Monteregie-medium-150x200.jpg",150,200,true],"gform-image-choice-sm":["https:\/\/www.tourisme-monteregie.qc.ca\/wp-content\/uploads\/2024\/11\/B0021675_Heritage-St-Bernard\u00a9Tourisme-Monteregie-medium.jpg",225,300,false],"gform-image-choice-md":["https:\/\/www.tourisme-monteregie.qc.ca\/wp-content\/uploads\/2024\/11\/B0021675_Heritage-St-Bernard\u00a9Tourisme-Monteregie-medium.jpg",300,400,false],"gform-image-choice-lg":["https:\/\/www.tourisme-monteregie.qc.ca\/wp-content\/uploads\/2024\/11\/B0021675_Heritage-St-Bernard\u00a9Tourisme-Monteregie-medium.jpg",450,600,false]},"post_excerpt_stackable_v2":"<p>Do you like exploring new playgrounds? Mont\u00e9r\u00e9gie has a whole territory for you, a stone&#8217;s throw from Montreal! To combine wonder and savings, discover our current packages. Whether you want to relax, reconnect with nature, indulge your gourmet side or have stories told, we have something to get you out of your routine!<\/p>\n","category_list_v2":"","author_info_v2":{"name":"mxo","url":"https:\/\/www.tourisme-monteregie.qc.ca\/en\/author\/mxo\/"},"comments_num_v2":"0 comments","yoast_head":"<!-- This site is optimized with the Yoast SEO plugin v27.4 - https:\/\/yoast.com\/product\/yoast-seo-wordpress\/ -->\n<title>Forfaits en Mont\u00e9r\u00e9gie | Tourisme Mont\u00e9r\u00e9gie<\/title>\n<meta name=\"robots\" content=\"index, follow, max-snippet:-1, max-image-preview:large, max-video-preview:-1\" \/>\n<link rel=\"canonical\" href=\"https:\/\/www.tourisme-monteregie.qc.ca\/en\/packages\/\" \/>\n<meta property=\"og:locale\" content=\"en_US\" \/>\n<meta property=\"og:type\" content=\"article\" \/>\n<meta property=\"og:title\" content=\"Forfaits en Mont\u00e9r\u00e9gie | Tourisme Mont\u00e9r\u00e9gie\" \/>\n<meta property=\"og:description\" content=\"Do you like exploring new playgrounds? Mont\u00e9r\u00e9gie has a whole territory for you, a stone&#8217;s throw from Montreal! To combine wonder and savings, discover our current packages. Whether you want to relax, reconnect with nature, indulge...\" \/>\n<meta property=\"og:url\" content=\"https:\/\/www.tourisme-monteregie.qc.ca\/en\/packages\/\" \/>\n<meta property=\"og:site_name\" content=\"Tourisme Mont\u00e9r\u00e9gie\" \/>\n<meta property=\"article:publisher\" content=\"https:\/\/www.facebook.com\/tourisme.monteregie\" \/>\n<meta property=\"article:modified_time\" content=\"2024-06-19T18:54:19+00:00\" \/>\n<meta property=\"og:image\" content=\"https:\/\/www.tourisme-monteregie.qc.ca\/wp-content\/uploads\/2024\/11\/B0021675_Heritage-St-Bernard\u00a9Tourisme-Monteregie-medium-959x630.jpg\" \/>\n\t<meta property=\"og:image:width\" content=\"750\" \/>\n\t<meta property=\"og:image:height\" content=\"562\" \/>\n\t<meta property=\"og:image:type\" content=\"image\/jpeg\" \/>\n<meta name=\"twitter:card\" content=\"summary_large_image\" \/>\n<meta name=\"twitter:site\" content=\"@tourmonteregie\" \/>\n<meta name=\"twitter:label1\" content=\"Est. reading time\" \/>\n\t<meta name=\"twitter:data1\" content=\"1 minute\" \/>\n<script type=\"application\/ld+json\" class=\"yoast-schema-graph\">{\"@context\":\"https:\\\/\\\/schema.org\",\"@graph\":[{\"@type\":\"WebPage\",\"@id\":\"https:\\\/\\\/www.tourisme-monteregie.qc.ca\\\/en\\\/packages\\\/\",\"url\":\"https:\\\/\\\/www.tourisme-monteregie.qc.ca\\\/en\\\/packages\\\/\",\"name\":\"Forfaits en Mont\u00e9r\u00e9gie | Tourisme Mont\u00e9r\u00e9gie\",\"isPartOf\":{\"@id\":\"https:\\\/\\\/www.tourisme-monteregie.qc.ca\\\/en\\\/#website\"},\"primaryImageOfPage\":{\"@id\":\"https:\\\/\\\/www.tourisme-monteregie.qc.ca\\\/en\\\/packages\\\/#primaryimage\"},\"image\":{\"@id\":\"https:\\\/\\\/www.tourisme-monteregie.qc.ca\\\/en\\\/packages\\\/#primaryimage\"},\"thumbnailUrl\":\"https:\\\/\\\/www.tourisme-monteregie.qc.ca\\\/wp-content\\\/uploads\\\/2024\\\/11\\\/B0021675_Heritage-St-Bernard\u00a9Tourisme-Monteregie-medium.jpg\",\"datePublished\":\"2019-06-10T20:13:44+00:00\",\"dateModified\":\"2024-06-19T18:54:19+00:00\",\"breadcrumb\":{\"@id\":\"https:\\\/\\\/www.tourisme-monteregie.qc.ca\\\/en\\\/packages\\\/#breadcrumb\"},\"inLanguage\":\"en-CA\",\"potentialAction\":[{\"@type\":\"ReadAction\",\"target\":[\"https:\\\/\\\/www.tourisme-monteregie.qc.ca\\\/en\\\/packages\\\/\"]}]},{\"@type\":\"ImageObject\",\"inLanguage\":\"en-CA\",\"@id\":\"https:\\\/\\\/www.tourisme-monteregie.qc.ca\\\/en\\\/packages\\\/#primaryimage\",\"url\":\"https:\\\/\\\/www.tourisme-monteregie.qc.ca\\\/wp-content\\\/uploads\\\/2024\\\/11\\\/B0021675_Heritage-St-Bernard\u00a9Tourisme-Monteregie-medium.jpg\",\"contentUrl\":\"https:\\\/\\\/www.tourisme-monteregie.qc.ca\\\/wp-content\\\/uploads\\\/2024\\\/11\\\/B0021675_Heritage-St-Bernard\u00a9Tourisme-Monteregie-medium.jpg\",\"width\":959,\"height\":1280},{\"@type\":\"BreadcrumbList\",\"@id\":\"https:\\\/\\\/www.tourisme-monteregie.qc.ca\\\/en\\\/packages\\\/#breadcrumb\",\"itemListElement\":[{\"@type\":\"ListItem\",\"position\":1,\"name\":\"Accueil\",\"item\":\"https:\\\/\\\/www.tourisme-monteregie.qc.ca\\\/en\\\/accueil\\\/\"},{\"@type\":\"ListItem\",\"position\":2,\"name\":\"Packages\"}]},{\"@type\":\"WebSite\",\"@id\":\"https:\\\/\\\/www.tourisme-monteregie.qc.ca\\\/en\\\/#website\",\"url\":\"https:\\\/\\\/www.tourisme-monteregie.qc.ca\\\/en\\\/\",\"name\":\"Tourisme Mont\u00e9r\u00e9gie\",\"description\":\"\",\"publisher\":{\"@id\":\"https:\\\/\\\/www.tourisme-monteregie.qc.ca\\\/en\\\/#organization\"},\"potentialAction\":[{\"@type\":\"SearchAction\",\"target\":{\"@type\":\"EntryPoint\",\"urlTemplate\":\"https:\\\/\\\/www.tourisme-monteregie.qc.ca\\\/en\\\/?s={search_term_string}\"},\"query-input\":{\"@type\":\"PropertyValueSpecification\",\"valueRequired\":true,\"valueName\":\"search_term_string\"}}],\"inLanguage\":\"en-CA\"},{\"@type\":\"Organization\",\"@id\":\"https:\\\/\\\/www.tourisme-monteregie.qc.ca\\\/en\\\/#organization\",\"name\":\"Tourisme Mont\u00e9r\u00e9gie\",\"url\":\"https:\\\/\\\/www.tourisme-monteregie.qc.ca\\\/en\\\/\",\"logo\":{\"@type\":\"ImageObject\",\"inLanguage\":\"en-CA\",\"@id\":\"https:\\\/\\\/www.tourisme-monteregie.qc.ca\\\/en\\\/#\\\/schema\\\/logo\\\/image\\\/\",\"url\":\"https:\\\/\\\/www.tourisme-monteregie.qc.ca\\\/wp-content\\\/uploads\\\/2025\\\/02\\\/cropped-android-chrome-256x256-1.png\",\"contentUrl\":\"https:\\\/\\\/www.tourisme-monteregie.qc.ca\\\/wp-content\\\/uploads\\\/2025\\\/02\\\/cropped-android-chrome-256x256-1.png\",\"width\":512,\"height\":512,\"caption\":\"Tourisme Mont\u00e9r\u00e9gie\"},\"image\":{\"@id\":\"https:\\\/\\\/www.tourisme-monteregie.qc.ca\\\/en\\\/#\\\/schema\\\/logo\\\/image\\\/\"},\"sameAs\":[\"https:\\\/\\\/www.facebook.com\\\/tourisme.monteregie\",\"https:\\\/\\\/x.com\\\/tourmonteregie\",\"https:\\\/\\\/www.instagram.com\\\/tourismemonteregie\\\/\",\"https:\\\/\\\/www.pinterest.ca\\\/tourmonteregie\",\"https:\\\/\\\/www.youtube.com\\\/user\\\/tourismemonteregie\",\"https:\\\/\\\/www.linkedin.com\\\/company\\\/tourisme-monteregie\\\/\"]}]}<\/script>\n<!-- \/ Yoast SEO plugin. -->","yoast_head_json":{"title":"Forfaits en Mont\u00e9r\u00e9gie | Tourisme Mont\u00e9r\u00e9gie","robots":{"index":"index","follow":"follow","max-snippet":"max-snippet:-1","max-image-preview":"max-image-preview:large","max-video-preview":"max-video-preview:-1"},"canonical":"https:\/\/www.tourisme-monteregie.qc.ca\/en\/packages\/","og_locale":"en_US","og_type":"article","og_title":"Forfaits en Mont\u00e9r\u00e9gie | Tourisme Mont\u00e9r\u00e9gie","og_description":"Do you like exploring new playgrounds? Mont\u00e9r\u00e9gie has a whole territory for you, a stone&#8217;s throw from Montreal! To combine wonder and savings, discover our current packages. Whether you want to relax, reconnect with nature, indulge...","og_url":"https:\/\/www.tourisme-monteregie.qc.ca\/en\/packages\/","og_site_name":"Tourisme Mont\u00e9r\u00e9gie","article_publisher":"https:\/\/www.facebook.com\/tourisme.monteregie","article_modified_time":"2024-06-19T18:54:19+00:00","og_image":[{"width":750,"height":562,"url":"https:\/\/www.tourisme-monteregie.qc.ca\/wp-content\/uploads\/2024\/11\/B0021675_Heritage-St-Bernard\u00a9Tourisme-Monteregie-medium-959x630.jpg","type":"image\/jpeg"}],"twitter_card":"summary_large_image","twitter_site":"@tourmonteregie","twitter_misc":{"Est. reading time":"1 minute"},"schema":{"@context":"https:\/\/schema.org","@graph":[{"@type":"WebPage","@id":"https:\/\/www.tourisme-monteregie.qc.ca\/en\/packages\/","url":"https:\/\/www.tourisme-monteregie.qc.ca\/en\/packages\/","name":"Forfaits en Mont\u00e9r\u00e9gie | Tourisme Mont\u00e9r\u00e9gie","isPartOf":{"@id":"https:\/\/www.tourisme-monteregie.qc.ca\/en\/#website"},"primaryImageOfPage":{"@id":"https:\/\/www.tourisme-monteregie.qc.ca\/en\/packages\/#primaryimage"},"image":{"@id":"https:\/\/www.tourisme-monteregie.qc.ca\/en\/packages\/#primaryimage"},"thumbnailUrl":"https:\/\/www.tourisme-monteregie.qc.ca\/wp-content\/uploads\/2024\/11\/B0021675_Heritage-St-Bernard\u00a9Tourisme-Monteregie-medium.jpg","datePublished":"2019-06-10T20:13:44+00:00","dateModified":"2024-06-19T18:54:19+00:00","breadcrumb":{"@id":"https:\/\/www.tourisme-monteregie.qc.ca\/en\/packages\/#breadcrumb"},"inLanguage":"en-CA","potentialAction":[{"@type":"ReadAction","target":["https:\/\/www.tourisme-monteregie.qc.ca\/en\/packages\/"]}]},{"@type":"ImageObject","inLanguage":"en-CA","@id":"https:\/\/www.tourisme-monteregie.qc.ca\/en\/packages\/#primaryimage","url":"https:\/\/www.tourisme-monteregie.qc.ca\/wp-content\/uploads\/2024\/11\/B0021675_Heritage-St-Bernard\u00a9Tourisme-Monteregie-medium.jpg","contentUrl":"https:\/\/www.tourisme-monteregie.qc.ca\/wp-content\/uploads\/2024\/11\/B0021675_Heritage-St-Bernard\u00a9Tourisme-Monteregie-medium.jpg","width":959,"height":1280},{"@type":"BreadcrumbList","@id":"https:\/\/www.tourisme-monteregie.qc.ca\/en\/packages\/#breadcrumb","itemListElement":[{"@type":"ListItem","position":1,"name":"Accueil","item":"https:\/\/www.tourisme-monteregie.qc.ca\/en\/accueil\/"},{"@type":"ListItem","position":2,"name":"Packages"}]},{"@type":"WebSite","@id":"https:\/\/www.tourisme-monteregie.qc.ca\/en\/#website","url":"https:\/\/www.tourisme-monteregie.qc.ca\/en\/","name":"Tourisme Mont\u00e9r\u00e9gie","description":"","publisher":{"@id":"https:\/\/www.tourisme-monteregie.qc.ca\/en\/#organization"},"potentialAction":[{"@type":"SearchAction","target":{"@type":"EntryPoint","urlTemplate":"https:\/\/www.tourisme-monteregie.qc.ca\/en\/?s={search_term_string}"},"query-input":{"@type":"PropertyValueSpecification","valueRequired":true,"valueName":"search_term_string"}}],"inLanguage":"en-CA"},{"@type":"Organization","@id":"https:\/\/www.tourisme-monteregie.qc.ca\/en\/#organization","name":"Tourisme Mont\u00e9r\u00e9gie","url":"https:\/\/www.tourisme-monteregie.qc.ca\/en\/","logo":{"@type":"ImageObject","inLanguage":"en-CA","@id":"https:\/\/www.tourisme-monteregie.qc.ca\/en\/#\/schema\/logo\/image\/","url":"https:\/\/www.tourisme-monteregie.qc.ca\/wp-content\/uploads\/2025\/02\/cropped-android-chrome-256x256-1.png","contentUrl":"https:\/\/www.tourisme-monteregie.qc.ca\/wp-content\/uploads\/2025\/02\/cropped-android-chrome-256x256-1.png","width":512,"height":512,"caption":"Tourisme Mont\u00e9r\u00e9gie"},"image":{"@id":"https:\/\/www.tourisme-monteregie.qc.ca\/en\/#\/schema\/logo\/image\/"},"sameAs":["https:\/\/www.facebook.com\/tourisme.monteregie","https:\/\/x.com\/tourmonteregie","https:\/\/www.instagram.com\/tourismemonteregie\/","https:\/\/www.pinterest.ca\/tourmonteregie","https:\/\/www.youtube.com\/user\/tourismemonteregie","https:\/\/www.linkedin.com\/company\/tourisme-monteregie\/"]}]}},"_links":{"self":[{"href":"https:\/\/www.tourisme-monteregie.qc.ca\/en\/wp-json\/wp\/v2\/pages\/4156","targetHints":{"allow":["GET"]}}],"collection":[{"href":"https:\/\/www.tourisme-monteregie.qc.ca\/en\/wp-json\/wp\/v2\/pages"}],"about":[{"href":"https:\/\/www.tourisme-monteregie.qc.ca\/en\/wp-json\/wp\/v2\/types\/page"}],"author":[{"embeddable":true,"href":"https:\/\/www.tourisme-monteregie.qc.ca\/en\/wp-json\/wp\/v2\/users\/2"}],"replies":[{"embeddable":true,"href":"https:\/\/www.tourisme-monteregie.qc.ca\/en\/wp-json\/wp\/v2\/comments?post=4156"}],"version-history":[{"count":4,"href":"https:\/\/www.tourisme-monteregie.qc.ca\/en\/wp-json\/wp\/v2\/pages\/4156\/revisions"}],"predecessor-version":[{"id":76547,"href":"https:\/\/www.tourisme-monteregie.qc.ca\/en\/wp-json\/wp\/v2\/pages\/4156\/revisions\/76547"}],"wp:featuredmedia":[{"embeddable":true,"href":"https:\/\/www.tourisme-monteregie.qc.ca\/en\/wp-json\/wp\/v2\/media\/81143"}],"wp:attachment":[{"href":"https:\/\/www.tourisme-monteregie.qc.ca\/en\/wp-json\/wp\/v2\/media?parent=4156"}],"curies":[{"name":"wp","href":"https:\/\/api.w.org\/{rel}","templated":true}]}}