{"id":44445,"date":"2021-07-08T13:32:21","date_gmt":"2021-07-08T17:32:18","guid":{"rendered":"https:\/\/www.tourisme-monteregie.qc.ca\/plein-air\/"},"modified":"2025-08-29T13:03:23","modified_gmt":"2025-08-29T17:03:23","slug":"outdoor-activities-automn","status":"publish","type":"page","link":"https:\/\/www.tourisme-monteregie.qc.ca\/en\/inspirations\/outdoor-activities-automn\/","title":{"rendered":"Outdoor activities Automn"},"content":{"rendered":"","protected":false},"excerpt":{"rendered":"","protected":false},"author":10,"featured_media":97226,"parent":47275,"menu_order":2,"comment_status":"closed","ping_status":"closed","template":"templates\/tpl_landing.php","meta":{"_acf_changed":false,"inline_featured_image":false,"footnotes":""},"class_list":["post-44445","page","type-page","status-publish","has-post-thumbnail","hentry"],"acf":{"couleurs":{"couleur_principal":"#ce9d33"},"type_dentete":"head1","en-tete_1":{"image_de_gauche":"https:\/\/www.tourisme-monteregie.qc.ca\/wp-content\/uploads\/2024\/09\/image-4.png","image_du_centre":"https:\/\/www.tourisme-monteregie.qc.ca\/wp-content\/uploads\/2024\/09\/image-2.png","image_de_droite":"https:\/\/www.tourisme-monteregie.qc.ca\/wp-content\/uploads\/2024\/09\/image-3.png","video_replace_img_droite":false,"couleur_du_fond_du_lien_transparent":false,"texte_du_lien":"Parc national du Mont-Saint-Bruno","lien":"https:\/\/www.tourisme-monteregie.qc.ca\/membre\/parc-national-du-mont-saint-bruno\/?season=fall","couleur_de_fond_transparent":false,"couleur_du_fond_du_texte":"#553a29","bloc_de_texte":"<p>If you want to escape the hustle and bustle of Montr\u00e9al to take in some nature, look no further than Mont\u00e9r\u00e9gie. Just outside of Montr\u00e9al, the region has 6 mountains, 2 national parks, 12 regional and local parks and 2 UNESCO-recognized natural reserves. It\u2019s perfect if you want to escape the everyday, and just 1 hour from the city! Discover our ideas for outdoor activities!<\/p>\n"},"bloc_dimages":[{"acf_fc_layout":"bloc_1","ancre":"","image_de_gauche":{"image":"https:\/\/www.tourisme-monteregie.qc.ca\/wp-content\/uploads\/2024\/09\/image-1-1.png","texte_du_lien":"Mont-Saint-Hilaire","lien":"https:\/\/www.tourisme-monteregie.qc.ca\/en\/member\/mont-saint-hilaire\/","fond_transparent":false},"bloc_texte_principal":{"titre":"Mont\u00e9r\u00e9gie: Your ideal hiking destination ","texte":"<p>The area has many hiking trails up to 24\u00a0km long, with many located in its national and regional parks. Whether you want to break a sweat or relax in nature, the region\u2019s various trails offer forest pathways, rivers, mountains and flat terrain.<\/p>\n","couleur_du_texte":"#000000"},"image_de_droite":{"image":"https:\/\/www.tourisme-monteregie.qc.ca\/wp-content\/uploads\/2024\/03\/TourismeMonteregie_SorelTracy_-14-custom-e1711480839540.jpg","texte_du_lien":"Parc r\u00e9gional des Gr\u00e8ves","lien":"https:\/\/www.tourisme-monteregie.qc.ca\/en\/member\/parc-regional-des-greves-accueil-contrecoeur\/","fond_transparent":false},"bloc_titre_bas":{"titre":"Discover the region\u2019s biodiversity with 2 UNESCO-recognized biosphere reserves. It\u2019s a thrill for young and old alike! ","couleur_du_texte":"#553a29"},"image_du_bas":{"image":"https:\/\/www.tourisme-monteregie.qc.ca\/wp-content\/uploads\/2023\/09\/B0016502-Enhanced-SR-custom-e1695742361299.jpg","texte_du_lien":"Sentiers de l'escapade","lien":"https:\/\/www.tourisme-monteregie.qc.ca\/membre\/sentiers-de-l-escapade\/","fond_transparent":true}},{"acf_fc_layout":"bloc_3","ancre":"","image_de_gauche":{"image":"https:\/\/www.tourisme-monteregie.qc.ca\/wp-content\/uploads\/2024\/09\/B0029862-parc-national-du-Mont-Saint-Bruno\u00a9Tourisme-Monteregie-small.jpg","texte_du_lien":"Parc national du Mont-Saint-Bruno","lien":"https:\/\/www.tourisme-monteregie.qc.ca\/en\/member\/parc-national-du-mont-saint-bruno\/","fond_transparent":false},"bloc_titre_centre":{"titre":"There are also 2 national parks with a multitude of outdoor and nature activities. ","couleur_du_texte":"#ce9d33"},"image_de_droite":{"image":"https:\/\/www.tourisme-monteregie.qc.ca\/wp-content\/uploads\/2024\/09\/DJI_0491-parc-national-du-Mont-Saint-Bruno\u00a9Tourisme-Monteregie-small-1.jpg","texte_du_lien":"Parks and outdoor centres","lien":"https:\/\/www.tourisme-monteregie.qc.ca\/en\/member\/category\/things-to-do\/nature-and-outdoor-activities\/parks-and-outdoor-centres\/","fond_transparent":false},"image_du_bas":{"image":"https:\/\/www.tourisme-monteregie.qc.ca\/wp-content\/uploads\/2024\/09\/Panorama-sans-titre1-small-1.jpg","texte_du_lien":"Parc national des \u00celes-de-Boucherville","lien":"https:\/\/www.tourisme-monteregie.qc.ca\/en\/member\/parc-national-des-iles-de-boucherville\/","fond_transparent":true}},{"acf_fc_layout":"bloc_1","ancre":"","image_de_gauche":{"image":"https:\/\/www.tourisme-monteregie.qc.ca\/wp-content\/uploads\/2024\/09\/image-3-2.png","texte_du_lien":"H\u00e9licraft","lien":"https:\/\/www.tourisme-monteregie.qc.ca\/en\/member\/helicraft\/","fond_transparent":true},"bloc_texte_principal":{"titre":"Admiring Mont\u00e9r\u00e9gie from the air: a must! Plan a hot air balloon ride or a helicopter ride.","texte":"<p>Que ce soit en famille, entre amis ou en couple, les multiples parcours d\u2019arbre en arbre de la Mont\u00e9r\u00e9gie procurent des sensations fortes, le d\u00e9passement de soi et du plaisir garanti!<\/p>\n","couleur_du_texte":"#000000"},"image_de_droite":{"image":"https:\/\/www.tourisme-monteregie.qc.ca\/wp-content\/uploads\/2023\/09\/Credit-photo-Tourisme-Monterergie_Mongolfiere-custom-1-1-e1695753792687.jpg","texte_du_lien":"La Magie de l'Air","lien":"https:\/\/www.tourisme-monteregie.qc.ca\/en\/member\/la-magie-de-lair\/","fond_transparent":false},"bloc_titre_bas":{"titre":"Whether with family, friends or as a couple, the many tree-to-tree routes in the Mont\u00e9r\u00e9gie provide thrills, surpassing oneself and guaranteed fun!","couleur_du_texte":"#ce9d33"},"image_du_bas":{"image":"https:\/\/www.tourisme-monteregie.qc.ca\/wp-content\/uploads\/2022\/09\/baladair.jpg","texte_du_lien":"Balad'Air, Envol\u00e9e en Montgolfi\u00e8res","lien":"https:\/\/www.tourisme-monteregie.qc.ca\/en\/member\/baladair-envolee-en-montgolfieres\/","fond_transparent":true}},{"acf_fc_layout":"bloc_2","ancre":"","image_de_gauche":{"image":"https:\/\/www.tourisme-monteregie.qc.ca\/wp-content\/uploads\/2023\/04\/VS-HR-1-custom-e1681479891758.jpg","texte_du_lien":"Arbraska Rigaud","lien":"https:\/\/www.tourisme-monteregie.qc.ca\/en\/member\/arbraska-rigaud\/","fond_transparent":false},"image_du_centre":{"image":false,"texte_du_lien":"Mont Rigaud - mountain bike","lien":"","fond_transparent":false},"image_de_droite":{"image":"https:\/\/www.tourisme-monteregie.qc.ca\/wp-content\/uploads\/2024\/09\/Automne-small-1.jpg","texte_du_lien":"Arbraska Mont-Saint-Gr\u00e9goire","lien":"https:\/\/www.tourisme-monteregie.qc.ca\/en\/member\/arbraska-mont-saint-gregoire\/","fond_transparent":false}},{"acf_fc_layout":"bloc_5","ancre":"","nouveau_visuel":false,"titre":"Get inspired","couleur_du_titre":"#000000","images":[{"couleur":"#541b86","image":"https:\/\/www.tourisme-monteregie.qc.ca\/wp-content\/uploads\/2025\/08\/Les-murmures-vignoble-800x533-1.png","texte":"Getaway","lien":"https:\/\/www.tourisme-monteregie.qc.ca\/en\/getaway\/"},{"couleur":"#eb5545","image":"https:\/\/www.tourisme-monteregie.qc.ca\/wp-content\/uploads\/2025\/08\/Flanc-nord-verger-800x533-1.png","texte":"Foodies","lien":"https:\/\/www.tourisme-monteregie.qc.ca\/en\/foodies\/"},{"couleur":"#00904a","image":"https:\/\/www.tourisme-monteregie.qc.ca\/wp-content\/uploads\/2025\/08\/Covey-Hill-800x533-1.png","texte":"Cyclo-tourism","lien":"https:\/\/www.tourisme-monteregie.qc.ca\/en\/cyclo-tourism\/"},{"couleur":"#eb5545","image":"https:\/\/www.tourisme-monteregie.qc.ca\/wp-content\/uploads\/2025\/08\/verger-flanc-nord-800x533-1.png","texte":"Pick-your-own","lien":"https:\/\/www.tourisme-monteregie.qc.ca\/en\/inspirations\/pick-your-own-autumn\/"},{"couleur":"#5bb3df","image":"https:\/\/www.tourisme-monteregie.qc.ca\/wp-content\/uploads\/2021\/07\/vireesdenosinvites_370x315.jpg","texte":"Our guests\u2019 trips","lien":"https:\/\/www.tourisme-monteregie.qc.ca\/en\/course\/category\/our-guests-trips\/"}]}],"en-tete_2":{"petite_image":"https:\/\/www.tourisme-monteregie.qc.ca\/wp-content\/uploads\/2023\/05\/Credit-photo-Tourisme-Monterergie_Kayak-custom-e1685034505385.jpg","grande_image":"https:\/\/www.tourisme-monteregie.qc.ca\/wp-content\/uploads\/2021\/07\/Sorel-entete_772x821.jpg","texte_du_lien":"Les \u00celes de sorel","lien":"https:\/\/www.tourisme-monteregie.qc.ca\/membre\/maison-du-marais\/","couleur_de_fond_transparent":false,"couleur_du_texte":"#000000","boite_de_texte":"<p>If you want to escape the hustle and bustle of Montr\u00e9al to take in some nature, look no further than Mont\u00e9r\u00e9gie. Just outside of Montr\u00e9al, the region has 6 mountains, 2 national parks, 12 regional and local parks and 2 UNESCO-recognized natural reserves. It\u2019s perfect if you want to escape the everyday, and just 1 hour from the city! Discover our ideas for outdoor activities!<\/p>\n"},"title_banner":false,"title_banner_bg_bleed":false,"fullwidth_page":false,"google_ads_key":"","active_ga4_event":false},"featured_image_urls_v2":{"full":["https:\/\/www.tourisme-monteregie.qc.ca\/wp-content\/uploads\/2025\/08\/Mont-Rigaud-800x533-1.png",800,533,false],"thumbnail":["https:\/\/www.tourisme-monteregie.qc.ca\/wp-content\/uploads\/2025\/08\/Mont-Rigaud-800x533-1-150x150.png",150,150,true],"medium":["https:\/\/www.tourisme-monteregie.qc.ca\/wp-content\/uploads\/2025\/08\/Mont-Rigaud-800x533-1-300x200.png",300,200,true],"medium_large":["https:\/\/www.tourisme-monteregie.qc.ca\/wp-content\/uploads\/2025\/08\/Mont-Rigaud-800x533-1-768x512.png",768,512,true],"large":["https:\/\/www.tourisme-monteregie.qc.ca\/wp-content\/uploads\/2025\/08\/Mont-Rigaud-800x533-1.png",800,533,false],"1536x1536":["https:\/\/www.tourisme-monteregie.qc.ca\/wp-content\/uploads\/2025\/08\/Mont-Rigaud-800x533-1.png",800,533,false],"2048x2048":["https:\/\/www.tourisme-monteregie.qc.ca\/wp-content\/uploads\/2025\/08\/Mont-Rigaud-800x533-1.png",800,533,false],"post-thumb":["https:\/\/www.tourisme-monteregie.qc.ca\/wp-content\/uploads\/2025\/08\/Mont-Rigaud-800x533-1-275x183.png",275,183,true],"imgBannerPopup":["https:\/\/www.tourisme-monteregie.qc.ca\/wp-content\/uploads\/2025\/08\/Mont-Rigaud-800x533-1.png",800,533,false],"imgBanner":["https:\/\/www.tourisme-monteregie.qc.ca\/wp-content\/uploads\/2025\/08\/Mont-Rigaud-800x533-1.png",800,533,false],"imgBannerFull":["https:\/\/www.tourisme-monteregie.qc.ca\/wp-content\/uploads\/2025\/08\/Mont-Rigaud-800x533-1.png",800,533,false],"imgBannerMobile":["https:\/\/www.tourisme-monteregie.qc.ca\/wp-content\/uploads\/2025\/08\/Mont-Rigaud-800x533-1-650x533.png",650,533,true],"imgBannerMobileSmall":["https:\/\/www.tourisme-monteregie.qc.ca\/wp-content\/uploads\/2025\/08\/Mont-Rigaud-800x533-1-400x400.png",400,400,true],"imgMember":["https:\/\/www.tourisme-monteregie.qc.ca\/wp-content\/uploads\/2025\/08\/Mont-Rigaud-800x533-1-750x533.png",750,533,true],"imgMemberSmall":["https:\/\/www.tourisme-monteregie.qc.ca\/wp-content\/uploads\/2025\/08\/Mont-Rigaud-800x533-1-400x267.png",400,267,true],"imgTeam":["https:\/\/www.tourisme-monteregie.qc.ca\/wp-content\/uploads\/2025\/08\/Mont-Rigaud-800x533-1-540x400.png",540,400,true],"imgTeamSmall":["https:\/\/www.tourisme-monteregie.qc.ca\/wp-content\/uploads\/2025\/08\/Mont-Rigaud-800x533-1-270x180.png",270,180,true],"gform-image-choice-sm":["https:\/\/www.tourisme-monteregie.qc.ca\/wp-content\/uploads\/2025\/08\/Mont-Rigaud-800x533-1.png",300,200,false],"gform-image-choice-md":["https:\/\/www.tourisme-monteregie.qc.ca\/wp-content\/uploads\/2025\/08\/Mont-Rigaud-800x533-1.png",400,267,false],"gform-image-choice-lg":["https:\/\/www.tourisme-monteregie.qc.ca\/wp-content\/uploads\/2025\/08\/Mont-Rigaud-800x533-1.png",600,400,false]},"post_excerpt_stackable_v2":"","category_list_v2":"","author_info_v2":{"name":"Rose-Line Th\u00e9riault","url":"https:\/\/www.tourisme-monteregie.qc.ca\/en\/author\/rtheriault\/"},"comments_num_v2":"0 comments","yoast_head":"<!-- This site is optimized with the Yoast SEO plugin v27.5 - https:\/\/yoast.com\/product\/yoast-seo-wordpress\/ -->\n<title>Outdoor activities Automn | Tourisme Mont\u00e9r\u00e9gie<\/title>\n<meta name=\"robots\" content=\"index, follow, max-snippet:-1, max-image-preview:large, max-video-preview:-1\" \/>\n<link rel=\"canonical\" href=\"https:\/\/www.tourisme-monteregie.qc.ca\/en\/inspirations\/outdoor-activities-automn\/\" \/>\n<meta property=\"og:locale\" content=\"en_US\" \/>\n<meta property=\"og:type\" content=\"article\" \/>\n<meta property=\"og:title\" content=\"Outdoor activities Automn | Tourisme Mont\u00e9r\u00e9gie\" \/>\n<meta property=\"og:url\" content=\"https:\/\/www.tourisme-monteregie.qc.ca\/en\/inspirations\/outdoor-activities-automn\/\" \/>\n<meta property=\"og:site_name\" content=\"Tourisme Mont\u00e9r\u00e9gie\" \/>\n<meta property=\"article:publisher\" content=\"https:\/\/www.facebook.com\/tourisme.monteregie\" \/>\n<meta property=\"article:modified_time\" content=\"2025-08-29T17:03:23+00:00\" \/>\n<meta property=\"og:image\" content=\"https:\/\/www.tourisme-monteregie.qc.ca\/wp-content\/uploads\/2025\/08\/Mont-Rigaud-800x533-1.png\" \/>\n\t<meta property=\"og:image:width\" content=\"370\" \/>\n\t<meta property=\"og:image:height\" content=\"494\" \/>\n\t<meta property=\"og:image:type\" content=\"image\/jpeg\" \/>\n<meta name=\"twitter:card\" content=\"summary_large_image\" \/>\n<meta name=\"twitter:site\" content=\"@tourmonteregie\" \/>\n<meta name=\"twitter:label1\" content=\"Est. reading time\" \/>\n\t<meta name=\"twitter:data1\" content=\"6 minutes\" \/>\n<script type=\"application\/ld+json\" class=\"yoast-schema-graph\">{\"@context\":\"https:\\\/\\\/schema.org\",\"@graph\":[{\"@type\":\"WebPage\",\"@id\":\"https:\\\/\\\/www.tourisme-monteregie.qc.ca\\\/en\\\/inspirations\\\/outdoor-activities-automn\\\/\",\"url\":\"https:\\\/\\\/www.tourisme-monteregie.qc.ca\\\/en\\\/inspirations\\\/outdoor-activities-automn\\\/\",\"name\":\"Outdoor activities Automn | Tourisme Mont\u00e9r\u00e9gie\",\"isPartOf\":{\"@id\":\"https:\\\/\\\/www.tourisme-monteregie.qc.ca\\\/en\\\/#website\"},\"primaryImageOfPage\":{\"@id\":\"https:\\\/\\\/www.tourisme-monteregie.qc.ca\\\/en\\\/inspirations\\\/outdoor-activities-automn\\\/#primaryimage\"},\"image\":{\"@id\":\"https:\\\/\\\/www.tourisme-monteregie.qc.ca\\\/en\\\/inspirations\\\/outdoor-activities-automn\\\/#primaryimage\"},\"thumbnailUrl\":\"https:\\\/\\\/www.tourisme-monteregie.qc.ca\\\/wp-content\\\/uploads\\\/2025\\\/08\\\/Mont-Rigaud-800x533-1.png\",\"datePublished\":\"2021-07-08T17:32:18+00:00\",\"dateModified\":\"2025-08-29T17:03:23+00:00\",\"breadcrumb\":{\"@id\":\"https:\\\/\\\/www.tourisme-monteregie.qc.ca\\\/en\\\/inspirations\\\/outdoor-activities-automn\\\/#breadcrumb\"},\"inLanguage\":\"en-CA\",\"potentialAction\":[{\"@type\":\"ReadAction\",\"target\":[\"https:\\\/\\\/www.tourisme-monteregie.qc.ca\\\/en\\\/inspirations\\\/outdoor-activities-automn\\\/\"]}]},{\"@type\":\"ImageObject\",\"inLanguage\":\"en-CA\",\"@id\":\"https:\\\/\\\/www.tourisme-monteregie.qc.ca\\\/en\\\/inspirations\\\/outdoor-activities-automn\\\/#primaryimage\",\"url\":\"https:\\\/\\\/www.tourisme-monteregie.qc.ca\\\/wp-content\\\/uploads\\\/2025\\\/08\\\/Mont-Rigaud-800x533-1.png\",\"contentUrl\":\"https:\\\/\\\/www.tourisme-monteregie.qc.ca\\\/wp-content\\\/uploads\\\/2025\\\/08\\\/Mont-Rigaud-800x533-1.png\",\"width\":800,\"height\":533},{\"@type\":\"BreadcrumbList\",\"@id\":\"https:\\\/\\\/www.tourisme-monteregie.qc.ca\\\/en\\\/inspirations\\\/outdoor-activities-automn\\\/#breadcrumb\",\"itemListElement\":[{\"@type\":\"ListItem\",\"position\":1,\"name\":\"Accueil\",\"item\":\"https:\\\/\\\/www.tourisme-monteregie.qc.ca\\\/en\\\/accueil\\\/\"},{\"@type\":\"ListItem\",\"position\":2,\"name\":\"Inspirations\",\"item\":\"https:\\\/\\\/www.tourisme-monteregie.qc.ca\\\/en\\\/inspirations\\\/?season=fall\"},{\"@type\":\"ListItem\",\"position\":3,\"name\":\"Outdoor activities Automn\"}]},{\"@type\":\"WebSite\",\"@id\":\"https:\\\/\\\/www.tourisme-monteregie.qc.ca\\\/en\\\/#website\",\"url\":\"https:\\\/\\\/www.tourisme-monteregie.qc.ca\\\/en\\\/\",\"name\":\"Tourisme Mont\u00e9r\u00e9gie\",\"description\":\"\",\"publisher\":{\"@id\":\"https:\\\/\\\/www.tourisme-monteregie.qc.ca\\\/en\\\/#organization\"},\"potentialAction\":[{\"@type\":\"SearchAction\",\"target\":{\"@type\":\"EntryPoint\",\"urlTemplate\":\"https:\\\/\\\/www.tourisme-monteregie.qc.ca\\\/en\\\/?s={search_term_string}\"},\"query-input\":{\"@type\":\"PropertyValueSpecification\",\"valueRequired\":true,\"valueName\":\"search_term_string\"}}],\"inLanguage\":\"en-CA\"},{\"@type\":\"Organization\",\"@id\":\"https:\\\/\\\/www.tourisme-monteregie.qc.ca\\\/en\\\/#organization\",\"name\":\"Tourisme Mont\u00e9r\u00e9gie\",\"url\":\"https:\\\/\\\/www.tourisme-monteregie.qc.ca\\\/en\\\/\",\"logo\":{\"@type\":\"ImageObject\",\"inLanguage\":\"en-CA\",\"@id\":\"https:\\\/\\\/www.tourisme-monteregie.qc.ca\\\/en\\\/#\\\/schema\\\/logo\\\/image\\\/\",\"url\":\"https:\\\/\\\/www.tourisme-monteregie.qc.ca\\\/wp-content\\\/uploads\\\/2025\\\/02\\\/cropped-android-chrome-256x256-1.png\",\"contentUrl\":\"https:\\\/\\\/www.tourisme-monteregie.qc.ca\\\/wp-content\\\/uploads\\\/2025\\\/02\\\/cropped-android-chrome-256x256-1.png\",\"width\":512,\"height\":512,\"caption\":\"Tourisme Mont\u00e9r\u00e9gie\"},\"image\":{\"@id\":\"https:\\\/\\\/www.tourisme-monteregie.qc.ca\\\/en\\\/#\\\/schema\\\/logo\\\/image\\\/\"},\"sameAs\":[\"https:\\\/\\\/www.facebook.com\\\/tourisme.monteregie\",\"https:\\\/\\\/x.com\\\/tourmonteregie\",\"https:\\\/\\\/www.instagram.com\\\/tourismemonteregie\\\/\",\"https:\\\/\\\/www.pinterest.ca\\\/tourmonteregie\",\"https:\\\/\\\/www.youtube.com\\\/user\\\/tourismemonteregie\",\"https:\\\/\\\/www.linkedin.com\\\/company\\\/tourisme-monteregie\\\/\"]}]}<\/script>\n<!-- \/ Yoast SEO plugin. -->","yoast_head_json":{"title":"Outdoor activities Automn | Tourisme Mont\u00e9r\u00e9gie","robots":{"index":"index","follow":"follow","max-snippet":"max-snippet:-1","max-image-preview":"max-image-preview:large","max-video-preview":"max-video-preview:-1"},"canonical":"https:\/\/www.tourisme-monteregie.qc.ca\/en\/inspirations\/outdoor-activities-automn\/","og_locale":"en_US","og_type":"article","og_title":"Outdoor activities Automn | Tourisme Mont\u00e9r\u00e9gie","og_url":"https:\/\/www.tourisme-monteregie.qc.ca\/en\/inspirations\/outdoor-activities-automn\/","og_site_name":"Tourisme Mont\u00e9r\u00e9gie","article_publisher":"https:\/\/www.facebook.com\/tourisme.monteregie","article_modified_time":"2025-08-29T17:03:23+00:00","og_image":[{"width":370,"height":494,"url":"https:\/\/www.tourisme-monteregie.qc.ca\/wp-content\/uploads\/2025\/08\/Mont-Rigaud-800x533-1.png","type":"image\/jpeg"}],"twitter_card":"summary_large_image","twitter_site":"@tourmonteregie","twitter_misc":{"Est. reading time":"6 minutes"},"schema":{"@context":"https:\/\/schema.org","@graph":[{"@type":"WebPage","@id":"https:\/\/www.tourisme-monteregie.qc.ca\/en\/inspirations\/outdoor-activities-automn\/","url":"https:\/\/www.tourisme-monteregie.qc.ca\/en\/inspirations\/outdoor-activities-automn\/","name":"Outdoor activities Automn | Tourisme Mont\u00e9r\u00e9gie","isPartOf":{"@id":"https:\/\/www.tourisme-monteregie.qc.ca\/en\/#website"},"primaryImageOfPage":{"@id":"https:\/\/www.tourisme-monteregie.qc.ca\/en\/inspirations\/outdoor-activities-automn\/#primaryimage"},"image":{"@id":"https:\/\/www.tourisme-monteregie.qc.ca\/en\/inspirations\/outdoor-activities-automn\/#primaryimage"},"thumbnailUrl":"https:\/\/www.tourisme-monteregie.qc.ca\/wp-content\/uploads\/2025\/08\/Mont-Rigaud-800x533-1.png","datePublished":"2021-07-08T17:32:18+00:00","dateModified":"2025-08-29T17:03:23+00:00","breadcrumb":{"@id":"https:\/\/www.tourisme-monteregie.qc.ca\/en\/inspirations\/outdoor-activities-automn\/#breadcrumb"},"inLanguage":"en-CA","potentialAction":[{"@type":"ReadAction","target":["https:\/\/www.tourisme-monteregie.qc.ca\/en\/inspirations\/outdoor-activities-automn\/"]}]},{"@type":"ImageObject","inLanguage":"en-CA","@id":"https:\/\/www.tourisme-monteregie.qc.ca\/en\/inspirations\/outdoor-activities-automn\/#primaryimage","url":"https:\/\/www.tourisme-monteregie.qc.ca\/wp-content\/uploads\/2025\/08\/Mont-Rigaud-800x533-1.png","contentUrl":"https:\/\/www.tourisme-monteregie.qc.ca\/wp-content\/uploads\/2025\/08\/Mont-Rigaud-800x533-1.png","width":800,"height":533},{"@type":"BreadcrumbList","@id":"https:\/\/www.tourisme-monteregie.qc.ca\/en\/inspirations\/outdoor-activities-automn\/#breadcrumb","itemListElement":[{"@type":"ListItem","position":1,"name":"Accueil","item":"https:\/\/www.tourisme-monteregie.qc.ca\/en\/accueil\/"},{"@type":"ListItem","position":2,"name":"Inspirations","item":"https:\/\/www.tourisme-monteregie.qc.ca\/en\/inspirations\/?season=fall"},{"@type":"ListItem","position":3,"name":"Outdoor activities Automn"}]},{"@type":"WebSite","@id":"https:\/\/www.tourisme-monteregie.qc.ca\/en\/#website","url":"https:\/\/www.tourisme-monteregie.qc.ca\/en\/","name":"Tourisme Mont\u00e9r\u00e9gie","description":"","publisher":{"@id":"https:\/\/www.tourisme-monteregie.qc.ca\/en\/#organization"},"potentialAction":[{"@type":"SearchAction","target":{"@type":"EntryPoint","urlTemplate":"https:\/\/www.tourisme-monteregie.qc.ca\/en\/?s={search_term_string}"},"query-input":{"@type":"PropertyValueSpecification","valueRequired":true,"valueName":"search_term_string"}}],"inLanguage":"en-CA"},{"@type":"Organization","@id":"https:\/\/www.tourisme-monteregie.qc.ca\/en\/#organization","name":"Tourisme Mont\u00e9r\u00e9gie","url":"https:\/\/www.tourisme-monteregie.qc.ca\/en\/","logo":{"@type":"ImageObject","inLanguage":"en-CA","@id":"https:\/\/www.tourisme-monteregie.qc.ca\/en\/#\/schema\/logo\/image\/","url":"https:\/\/www.tourisme-monteregie.qc.ca\/wp-content\/uploads\/2025\/02\/cropped-android-chrome-256x256-1.png","contentUrl":"https:\/\/www.tourisme-monteregie.qc.ca\/wp-content\/uploads\/2025\/02\/cropped-android-chrome-256x256-1.png","width":512,"height":512,"caption":"Tourisme Mont\u00e9r\u00e9gie"},"image":{"@id":"https:\/\/www.tourisme-monteregie.qc.ca\/en\/#\/schema\/logo\/image\/"},"sameAs":["https:\/\/www.facebook.com\/tourisme.monteregie","https:\/\/x.com\/tourmonteregie","https:\/\/www.instagram.com\/tourismemonteregie\/","https:\/\/www.pinterest.ca\/tourmonteregie","https:\/\/www.youtube.com\/user\/tourismemonteregie","https:\/\/www.linkedin.com\/company\/tourisme-monteregie\/"]}]}},"_links":{"self":[{"href":"https:\/\/www.tourisme-monteregie.qc.ca\/en\/wp-json\/wp\/v2\/pages\/44445","targetHints":{"allow":["GET"]}}],"collection":[{"href":"https:\/\/www.tourisme-monteregie.qc.ca\/en\/wp-json\/wp\/v2\/pages"}],"about":[{"href":"https:\/\/www.tourisme-monteregie.qc.ca\/en\/wp-json\/wp\/v2\/types\/page"}],"author":[{"embeddable":true,"href":"https:\/\/www.tourisme-monteregie.qc.ca\/en\/wp-json\/wp\/v2\/users\/10"}],"replies":[{"embeddable":true,"href":"https:\/\/www.tourisme-monteregie.qc.ca\/en\/wp-json\/wp\/v2\/comments?post=44445"}],"version-history":[{"count":4,"href":"https:\/\/www.tourisme-monteregie.qc.ca\/en\/wp-json\/wp\/v2\/pages\/44445\/revisions"}],"predecessor-version":[{"id":97259,"href":"https:\/\/www.tourisme-monteregie.qc.ca\/en\/wp-json\/wp\/v2\/pages\/44445\/revisions\/97259"}],"up":[{"embeddable":true,"href":"https:\/\/www.tourisme-monteregie.qc.ca\/en\/wp-json\/wp\/v2\/pages\/47275"}],"wp:featuredmedia":[{"embeddable":true,"href":"https:\/\/www.tourisme-monteregie.qc.ca\/en\/wp-json\/wp\/v2\/media\/97226"}],"wp:attachment":[{"href":"https:\/\/www.tourisme-monteregie.qc.ca\/en\/wp-json\/wp\/v2\/media?parent=44445"}],"curies":[{"name":"wp","href":"https:\/\/api.w.org\/{rel}","templated":true}]}}