{"id":44794,"date":"2021-07-26T13:43:21","date_gmt":"2021-07-26T17:43:39","guid":{"rendered":"https:\/\/www.tourisme-monteregie.qc.ca\/autocueillette\/"},"modified":"2025-06-06T13:27:16","modified_gmt":"2025-06-06T17:27:16","slug":"pick-your-own","status":"publish","type":"page","link":"https:\/\/www.tourisme-monteregie.qc.ca\/en\/inspirations\/pick-your-own\/","title":{"rendered":"Pick-your-own"},"content":{"rendered":"","protected":false},"excerpt":{"rendered":"","protected":false},"author":10,"featured_media":93610,"parent":47275,"menu_order":7,"comment_status":"closed","ping_status":"closed","template":"templates\/tpl_landing.php","meta":{"_acf_changed":false,"inline_featured_image":false,"footnotes":""},"class_list":["post-44794","page","type-page","status-publish","has-post-thumbnail","hentry"],"acf":{"bloc_dimages":[{"acf_fc_layout":"bloc_4","ancre":"","image_de_gauche":{"image":"https:\/\/www.tourisme-monteregie.qc.ca\/wp-content\/uploads\/2025\/06\/Fraises_780x592.png","texte_du_lien":" Strawberries starting in June!","lien":"https:\/\/www.tourisme-monteregie.qc.ca\/en\/member\/category\/things-to-do\/regional-delights\/pick-your-own-horticultural-visits-and-farm-tour\/","fond_transparent":false},"bloc_texte_principal":{"titre":"Enjoy Mont\u00e9r\u00e9gie!","texte":"<p>Starting in June, the Mont\u00e9r\u00e9gie region becomes a gourmet playground with its fields of ripe strawberries, followed in July by raspberries, blueberries, and haskap berries. In August, the orchards slowly open up to the first apples, and the gardens are overflowing with crisp vegetables that you can pick yourself. To see a list of places offering pick-your-own, horticultural tours, and farm visits, click <a href=\"https:\/\/www.tourisme-monteregie.qc.ca\/en\/member\/category\/things-to-do\/regional-delights\/pick-your-own-horticultural-visits-and-farm-tour\/\" target=\"_blank\" rel=\"noopener\">here<\/a>.<\/p>\n<p>&nbsp;<\/p>\n","couleur_du_texte":""},"image_de_droite":{"image":"https:\/\/www.tourisme-monteregie.qc.ca\/wp-content\/uploads\/2025\/06\/Haut-Saint-Laurent_Vallees-des-3-Lacs_480x697.jpg","texte_du_lien":" The joy of picking your own fruit","lien":"https:\/\/www.tourisme-monteregie.qc.ca\/en\/member\/category\/things-to-do\/regional-delights\/pick-your-own-horticultural-visits-and-farm-tour\/","fond_transparent":false}},{"acf_fc_layout":"bloc_2","ancre":"","image_de_gauche":{"image":"https:\/\/www.tourisme-monteregie.qc.ca\/wp-content\/uploads\/2025\/06\/verger-cammia-456x500-1.png","texte_du_lien":" Verger Cammia, growing camerise berries","lien":"https:\/\/www.tourisme-monteregie.qc.ca\/en\/member\/verger-cammia\/","fond_transparent":true},"image_du_centre":{"image":"https:\/\/www.tourisme-monteregie.qc.ca\/wp-content\/uploads\/2025\/06\/Framboises_450x656-1.png","texte_du_lien":"Les Vergers Denis Charbonneau","lien":"https:\/\/www.tourisme-monteregie.qc.ca\/en\/member\/les-vergers-denis-charbonneau-inc\/","fond_transparent":true},"image_de_droite":{"image":"https:\/\/www.tourisme-monteregie.qc.ca\/wp-content\/uploads\/2025\/06\/Bleuets_455x525.png","texte_du_lien":"La Ferme Quinn","lien":"https:\/\/www.tourisme-monteregie.qc.ca\/en\/member\/la-ferme-quinn\/","fond_transparent":true}},{"acf_fc_layout":"bloc_1","ancre":"","image_de_gauche":{"image":"https:\/\/www.tourisme-monteregie.qc.ca\/wp-content\/uploads\/2025\/06\/Ail-Lys-Ferme-Florale_405x545-1.png","texte_du_lien":"Ail Lys Ferme Florale","lien":"https:\/\/www.tourisme-monteregie.qc.ca\/en\/member\/ail-lys-ferme-florale\/","fond_transparent":true},"bloc_texte_principal":{"titre":"Guaranteed fun!","texte":"<p>\nJust a few miles from the city, the Mont\u00e9r\u00e9gie region offers an accessible, lively, and delicious rural getaway.<\/p>\n","couleur_du_texte":"#183324"},"image_de_droite":{"image":"https:\/\/www.tourisme-monteregie.qc.ca\/wp-content\/uploads\/2025\/06\/Ferme_Mihouli_405x545.png","texte_du_lien":"Ferme du Mihouli, kiwi farming","lien":"https:\/\/www.tourisme-monteregie.qc.ca\/en\/member\/ferme-du-mihouli-culture-du-kiwi\/","fond_transparent":true},"bloc_titre_bas":{"titre":" There are wonderful discoveries to be made in Mont\u00e9r\u00e9gie! Be impressed by the diversity of the region's agrotourism offerings.","couleur_du_texte":"#667d41"},"image_du_bas":{"image":"https:\/\/www.tourisme-monteregie.qc.ca\/wp-content\/uploads\/2025\/06\/Jardin_Emergent_405x545.png","texte_du_lien":"Jardin \u00c9mergent, growing aronia berries","lien":"https:\/\/www.tourisme-monteregie.qc.ca\/en\/member\/jardin-emergent-de-marieville\/","fond_transparent":true}},{"acf_fc_layout":"bloc_3","ancre":"","image_de_gauche":{"image":"https:\/\/www.tourisme-monteregie.qc.ca\/wp-content\/uploads\/2025\/06\/Ameroquois-inc.-_Les-huiles-Champy_538x429.png","texte_du_lien":"Am\u00e9roquois inc. - Les huiles Champy","lien":"https:\/\/www.tourisme-monteregie.qc.ca\/en\/member\/ameroquois-inc-les-huiles-champy\/","fond_transparent":true},"bloc_titre_centre":{"titre":" From May to October, local producers offer flowers to look at, smell, pick, and even eat! ","couleur_du_texte":"#183324"},"image_de_droite":{"image":"https:\/\/www.tourisme-monteregie.qc.ca\/wp-content\/uploads\/2025\/06\/La_belle_de_coteau_du_lac_330x408.jpg","texte_du_lien":"La Belle de Coteau-du-Lac","lien":"https:\/\/www.tourisme-monteregie.qc.ca\/en\/member\/la-belle-de-coteau-du-lac\/","fond_transparent":true},"image_du_bas":{"image":"https:\/\/www.tourisme-monteregie.qc.ca\/wp-content\/uploads\/2025\/06\/Bloom-Ferme-Florale410x400.png","texte_du_lien":"Bloom \u2013 Ferme florale","lien":"https:\/\/www.tourisme-monteregie.qc.ca\/en\/membre\/bloom-ferme-florale\/","fond_transparent":true}},{"acf_fc_layout":"bloc_5","ancre":"","nouveau_visuel":false,"titre":"Get inspired!","couleur_du_titre":"#000000","images":[{"couleur":"","image":"https:\/\/www.tourisme-monteregie.qc.ca\/wp-content\/uploads\/2025\/04\/Slider_Foodies-e1745240402986.jpg","texte":"Local flavours","lien":"https:\/\/www.tourisme-monteregie.qc.ca\/en\/inspirations\/saveurs-locales\/"},{"couleur":"","image":"https:\/\/www.tourisme-monteregie.qc.ca\/wp-content\/uploads\/2025\/04\/Plein_air_ete_376x282.jpg","texte":"Outdoor activities","lien":"https:\/\/www.tourisme-monteregie.qc.ca\/en\/inspirations\/outdoor-activities-summer\/"},{"couleur":"","image":"https:\/\/www.tourisme-monteregie.qc.ca\/wp-content\/uploads\/2025\/04\/Escapades_ete_376x282.jpg","texte":"Gateway","lien":"https:\/\/www.tourisme-monteregie.qc.ca\/en\/inspirations\/getaway\/"},{"couleur":"","image":"https:\/\/www.tourisme-monteregie.qc.ca\/wp-content\/uploads\/2025\/05\/slider-velo-370x315-1.jpg","texte":"Cyclo-tourism","lien":"https:\/\/www.tourisme-monteregie.qc.ca\/en\/inspirations\/cyclo-tourism\/"},{"couleur":"","image":"https:\/\/www.tourisme-monteregie.qc.ca\/wp-content\/uploads\/2021\/07\/vireesdenosinvites_370x315.jpg","texte":"Our guests' trips","lien":"https:\/\/www.tourisme-monteregie.qc.ca\/en\/course\/category\/our-guests-trips\/"},{"couleur":"","image":"https:\/\/www.tourisme-monteregie.qc.ca\/wp-content\/uploads\/2025\/05\/traditions-autochtones-370x315-1.jpg","texte":"Indigenous traditions","lien":"https:\/\/www.tourisme-monteregie.qc.ca\/en\/inspirations\/traditions-autochtones\/"},{"couleur":"","image":"https:\/\/www.tourisme-monteregie.qc.ca\/wp-content\/uploads\/2025\/06\/slidder_376x282_gout_Monteregie.png","texte":"A Taste of Mont\u00e9r\u00e9gie","lien":"https:\/\/www.tourisme-monteregie.qc.ca\/en\/inspirations\/a-taste-of-monteregie\/"}]}],"en-tete_1":{"image_de_gauche":"https:\/\/www.tourisme-monteregie.qc.ca\/wp-content\/uploads\/2025\/05\/artichauds-464x668-1.jpg","image_du_centre":"https:\/\/www.tourisme-monteregie.qc.ca\/wp-content\/uploads\/2025\/06\/Bloom-Ferme-Florale-679x964-2.png","image_de_droite":"https:\/\/www.tourisme-monteregie.qc.ca\/wp-content\/uploads\/2025\/06\/La-Belle-de-Coteau-du-Lac_700x482.png","video_replace_img_droite":false,"couleur_du_fond_du_lien_transparent":true,"texte_du_lien":"La Belle de Coteau-du-Lac","lien":"https:\/\/www.tourisme-monteregie.qc.ca\/en\/member\/la-belle-de-coteau-du-lac\/","couleur_de_fond_transparent":false,"couleur_du_fond_du_texte":"#667d41","bloc_de_texte":"<p>A true paradise for pick-your-own fruit lovers, the region is renowned for the diversity of its crops and the warm welcome offered by its producers. Whether for a family outing, a romantic getaway, or an impromptu trip, it&#8217;s the perfect opportunity to get some fresh air, savor the moment, and fill your basket with local produce.<\/p>\n"},"type_dentete":"head1","couleurs":{"couleur_principal":"#667d41"},"title_banner":false,"title_banner_bg_bleed":false,"fullwidth_page":false,"google_ads_key":"","active_ga4_event":false},"featured_image_urls_v2":{"full":["https:\/\/www.tourisme-monteregie.qc.ca\/wp-content\/uploads\/2025\/06\/Haut-Saint-Laurent_Vallees-des-3-Lacs_480x697.jpg",480,720,false],"thumbnail":["https:\/\/www.tourisme-monteregie.qc.ca\/wp-content\/uploads\/2025\/06\/Haut-Saint-Laurent_Vallees-des-3-Lacs_480x697-150x150.jpg",150,150,true],"medium":["https:\/\/www.tourisme-monteregie.qc.ca\/wp-content\/uploads\/2025\/06\/Haut-Saint-Laurent_Vallees-des-3-Lacs_480x697-200x300.jpg",200,300,true],"medium_large":["https:\/\/www.tourisme-monteregie.qc.ca\/wp-content\/uploads\/2025\/06\/Haut-Saint-Laurent_Vallees-des-3-Lacs_480x697.jpg",480,720,false],"large":["https:\/\/www.tourisme-monteregie.qc.ca\/wp-content\/uploads\/2025\/06\/Haut-Saint-Laurent_Vallees-des-3-Lacs_480x697.jpg",480,720,false],"1536x1536":["https:\/\/www.tourisme-monteregie.qc.ca\/wp-content\/uploads\/2025\/06\/Haut-Saint-Laurent_Vallees-des-3-Lacs_480x697.jpg",480,720,false],"2048x2048":["https:\/\/www.tourisme-monteregie.qc.ca\/wp-content\/uploads\/2025\/06\/Haut-Saint-Laurent_Vallees-des-3-Lacs_480x697.jpg",480,720,false],"post-thumb":["https:\/\/www.tourisme-monteregie.qc.ca\/wp-content\/uploads\/2025\/06\/Haut-Saint-Laurent_Vallees-des-3-Lacs_480x697-275x413.jpg",275,413,true],"imgBannerPopup":["https:\/\/www.tourisme-monteregie.qc.ca\/wp-content\/uploads\/2025\/06\/Haut-Saint-Laurent_Vallees-des-3-Lacs_480x697-480x634.jpg",480,634,true],"imgBanner":["https:\/\/www.tourisme-monteregie.qc.ca\/wp-content\/uploads\/2025\/06\/Haut-Saint-Laurent_Vallees-des-3-Lacs_480x697-480x630.jpg",480,630,true],"imgBannerFull":["https:\/\/www.tourisme-monteregie.qc.ca\/wp-content\/uploads\/2025\/06\/Haut-Saint-Laurent_Vallees-des-3-Lacs_480x697.jpg",480,720,false],"imgBannerMobile":["https:\/\/www.tourisme-monteregie.qc.ca\/wp-content\/uploads\/2025\/06\/Haut-Saint-Laurent_Vallees-des-3-Lacs_480x697-480x650.jpg",480,650,true],"imgBannerMobileSmall":["https:\/\/www.tourisme-monteregie.qc.ca\/wp-content\/uploads\/2025\/06\/Haut-Saint-Laurent_Vallees-des-3-Lacs_480x697-400x400.jpg",400,400,true],"imgMember":["https:\/\/www.tourisme-monteregie.qc.ca\/wp-content\/uploads\/2025\/06\/Haut-Saint-Laurent_Vallees-des-3-Lacs_480x697-480x562.jpg",480,562,true],"imgMemberSmall":["https:\/\/www.tourisme-monteregie.qc.ca\/wp-content\/uploads\/2025\/06\/Haut-Saint-Laurent_Vallees-des-3-Lacs_480x697-188x282.jpg",188,282,true],"imgTeam":["https:\/\/www.tourisme-monteregie.qc.ca\/wp-content\/uploads\/2025\/06\/Haut-Saint-Laurent_Vallees-des-3-Lacs_480x697-480x400.jpg",480,400,true],"imgTeamSmall":["https:\/\/www.tourisme-monteregie.qc.ca\/wp-content\/uploads\/2025\/06\/Haut-Saint-Laurent_Vallees-des-3-Lacs_480x697-133x200.jpg",133,200,true],"gform-image-choice-sm":["https:\/\/www.tourisme-monteregie.qc.ca\/wp-content\/uploads\/2025\/06\/Haut-Saint-Laurent_Vallees-des-3-Lacs_480x697.jpg",200,300,false],"gform-image-choice-md":["https:\/\/www.tourisme-monteregie.qc.ca\/wp-content\/uploads\/2025\/06\/Haut-Saint-Laurent_Vallees-des-3-Lacs_480x697.jpg",267,400,false],"gform-image-choice-lg":["https:\/\/www.tourisme-monteregie.qc.ca\/wp-content\/uploads\/2025\/06\/Haut-Saint-Laurent_Vallees-des-3-Lacs_480x697.jpg",400,600,false]},"post_excerpt_stackable_v2":"","category_list_v2":"","author_info_v2":{"name":"Rose-Line Th\u00e9riault","url":"https:\/\/www.tourisme-monteregie.qc.ca\/en\/author\/rtheriault\/"},"comments_num_v2":"0 comments","yoast_head":"<!-- This site is optimized with the Yoast SEO plugin v27.5 - https:\/\/yoast.com\/product\/yoast-seo-wordpress\/ -->\n<title>Pick-your-own | Tourisme Mont\u00e9r\u00e9gie<\/title>\n<meta name=\"robots\" content=\"index, follow, max-snippet:-1, max-image-preview:large, max-video-preview:-1\" \/>\n<link rel=\"canonical\" href=\"https:\/\/www.tourisme-monteregie.qc.ca\/en\/inspirations\/pick-your-own\/\" \/>\n<meta property=\"og:locale\" content=\"en_US\" \/>\n<meta property=\"og:type\" content=\"article\" \/>\n<meta property=\"og:title\" content=\"Pick-your-own | Tourisme Mont\u00e9r\u00e9gie\" \/>\n<meta property=\"og:url\" content=\"https:\/\/www.tourisme-monteregie.qc.ca\/en\/inspirations\/pick-your-own\/\" \/>\n<meta property=\"og:site_name\" content=\"Tourisme Mont\u00e9r\u00e9gie\" \/>\n<meta property=\"article:publisher\" content=\"https:\/\/www.facebook.com\/tourisme.monteregie\" \/>\n<meta property=\"article:modified_time\" content=\"2025-06-06T17:27:16+00:00\" \/>\n<meta property=\"og:image\" content=\"https:\/\/www.tourisme-monteregie.qc.ca\/wp-content\/uploads\/2025\/06\/Haut-Saint-Laurent_Vallees-des-3-Lacs_480x697-480x630.jpg\" \/>\n\t<meta property=\"og:image:width\" content=\"480\" \/>\n\t<meta property=\"og:image:height\" content=\"720\" \/>\n\t<meta property=\"og:image:type\" content=\"image\/jpeg\" \/>\n<meta name=\"twitter:card\" content=\"summary_large_image\" \/>\n<meta name=\"twitter:site\" content=\"@tourmonteregie\" \/>\n<meta name=\"twitter:label1\" content=\"Est. reading time\" \/>\n\t<meta name=\"twitter:data1\" content=\"6 minutes\" \/>\n<script type=\"application\/ld+json\" class=\"yoast-schema-graph\">{\"@context\":\"https:\\\/\\\/schema.org\",\"@graph\":[{\"@type\":\"WebPage\",\"@id\":\"https:\\\/\\\/www.tourisme-monteregie.qc.ca\\\/en\\\/inspirations\\\/pick-your-own\\\/\",\"url\":\"https:\\\/\\\/www.tourisme-monteregie.qc.ca\\\/en\\\/inspirations\\\/pick-your-own\\\/\",\"name\":\"Pick-your-own | Tourisme Mont\u00e9r\u00e9gie\",\"isPartOf\":{\"@id\":\"https:\\\/\\\/www.tourisme-monteregie.qc.ca\\\/en\\\/#website\"},\"primaryImageOfPage\":{\"@id\":\"https:\\\/\\\/www.tourisme-monteregie.qc.ca\\\/en\\\/inspirations\\\/pick-your-own\\\/#primaryimage\"},\"image\":{\"@id\":\"https:\\\/\\\/www.tourisme-monteregie.qc.ca\\\/en\\\/inspirations\\\/pick-your-own\\\/#primaryimage\"},\"thumbnailUrl\":\"https:\\\/\\\/www.tourisme-monteregie.qc.ca\\\/wp-content\\\/uploads\\\/2025\\\/06\\\/Haut-Saint-Laurent_Vallees-des-3-Lacs_480x697.jpg\",\"datePublished\":\"2021-07-26T17:43:39+00:00\",\"dateModified\":\"2025-06-06T17:27:16+00:00\",\"breadcrumb\":{\"@id\":\"https:\\\/\\\/www.tourisme-monteregie.qc.ca\\\/en\\\/inspirations\\\/pick-your-own\\\/#breadcrumb\"},\"inLanguage\":\"en-CA\",\"potentialAction\":[{\"@type\":\"ReadAction\",\"target\":[\"https:\\\/\\\/www.tourisme-monteregie.qc.ca\\\/en\\\/inspirations\\\/pick-your-own\\\/\"]}]},{\"@type\":\"ImageObject\",\"inLanguage\":\"en-CA\",\"@id\":\"https:\\\/\\\/www.tourisme-monteregie.qc.ca\\\/en\\\/inspirations\\\/pick-your-own\\\/#primaryimage\",\"url\":\"https:\\\/\\\/www.tourisme-monteregie.qc.ca\\\/wp-content\\\/uploads\\\/2025\\\/06\\\/Haut-Saint-Laurent_Vallees-des-3-Lacs_480x697.jpg\",\"contentUrl\":\"https:\\\/\\\/www.tourisme-monteregie.qc.ca\\\/wp-content\\\/uploads\\\/2025\\\/06\\\/Haut-Saint-Laurent_Vallees-des-3-Lacs_480x697.jpg\",\"width\":480,\"height\":720,\"caption\":\"Haut-Saint-Laurent,_Vall\u00e9es des 3 Lacs_480x697\"},{\"@type\":\"BreadcrumbList\",\"@id\":\"https:\\\/\\\/www.tourisme-monteregie.qc.ca\\\/en\\\/inspirations\\\/pick-your-own\\\/#breadcrumb\",\"itemListElement\":[{\"@type\":\"ListItem\",\"position\":1,\"name\":\"Accueil\",\"item\":\"https:\\\/\\\/www.tourisme-monteregie.qc.ca\\\/en\\\/accueil\\\/\"},{\"@type\":\"ListItem\",\"position\":2,\"name\":\"Inspirations\",\"item\":\"https:\\\/\\\/www.tourisme-monteregie.qc.ca\\\/en\\\/inspirations\\\/?season=fall\"},{\"@type\":\"ListItem\",\"position\":3,\"name\":\"Pick-your-own\"}]},{\"@type\":\"WebSite\",\"@id\":\"https:\\\/\\\/www.tourisme-monteregie.qc.ca\\\/en\\\/#website\",\"url\":\"https:\\\/\\\/www.tourisme-monteregie.qc.ca\\\/en\\\/\",\"name\":\"Tourisme Mont\u00e9r\u00e9gie\",\"description\":\"\",\"publisher\":{\"@id\":\"https:\\\/\\\/www.tourisme-monteregie.qc.ca\\\/en\\\/#organization\"},\"potentialAction\":[{\"@type\":\"SearchAction\",\"target\":{\"@type\":\"EntryPoint\",\"urlTemplate\":\"https:\\\/\\\/www.tourisme-monteregie.qc.ca\\\/en\\\/?s={search_term_string}\"},\"query-input\":{\"@type\":\"PropertyValueSpecification\",\"valueRequired\":true,\"valueName\":\"search_term_string\"}}],\"inLanguage\":\"en-CA\"},{\"@type\":\"Organization\",\"@id\":\"https:\\\/\\\/www.tourisme-monteregie.qc.ca\\\/en\\\/#organization\",\"name\":\"Tourisme Mont\u00e9r\u00e9gie\",\"url\":\"https:\\\/\\\/www.tourisme-monteregie.qc.ca\\\/en\\\/\",\"logo\":{\"@type\":\"ImageObject\",\"inLanguage\":\"en-CA\",\"@id\":\"https:\\\/\\\/www.tourisme-monteregie.qc.ca\\\/en\\\/#\\\/schema\\\/logo\\\/image\\\/\",\"url\":\"https:\\\/\\\/www.tourisme-monteregie.qc.ca\\\/wp-content\\\/uploads\\\/2025\\\/02\\\/cropped-android-chrome-256x256-1.png\",\"contentUrl\":\"https:\\\/\\\/www.tourisme-monteregie.qc.ca\\\/wp-content\\\/uploads\\\/2025\\\/02\\\/cropped-android-chrome-256x256-1.png\",\"width\":512,\"height\":512,\"caption\":\"Tourisme Mont\u00e9r\u00e9gie\"},\"image\":{\"@id\":\"https:\\\/\\\/www.tourisme-monteregie.qc.ca\\\/en\\\/#\\\/schema\\\/logo\\\/image\\\/\"},\"sameAs\":[\"https:\\\/\\\/www.facebook.com\\\/tourisme.monteregie\",\"https:\\\/\\\/x.com\\\/tourmonteregie\",\"https:\\\/\\\/www.instagram.com\\\/tourismemonteregie\\\/\",\"https:\\\/\\\/www.pinterest.ca\\\/tourmonteregie\",\"https:\\\/\\\/www.youtube.com\\\/user\\\/tourismemonteregie\",\"https:\\\/\\\/www.linkedin.com\\\/company\\\/tourisme-monteregie\\\/\"]}]}<\/script>\n<!-- \/ Yoast SEO plugin. -->","yoast_head_json":{"title":"Pick-your-own | Tourisme Mont\u00e9r\u00e9gie","robots":{"index":"index","follow":"follow","max-snippet":"max-snippet:-1","max-image-preview":"max-image-preview:large","max-video-preview":"max-video-preview:-1"},"canonical":"https:\/\/www.tourisme-monteregie.qc.ca\/en\/inspirations\/pick-your-own\/","og_locale":"en_US","og_type":"article","og_title":"Pick-your-own | Tourisme Mont\u00e9r\u00e9gie","og_url":"https:\/\/www.tourisme-monteregie.qc.ca\/en\/inspirations\/pick-your-own\/","og_site_name":"Tourisme Mont\u00e9r\u00e9gie","article_publisher":"https:\/\/www.facebook.com\/tourisme.monteregie","article_modified_time":"2025-06-06T17:27:16+00:00","og_image":[{"width":480,"height":720,"url":"https:\/\/www.tourisme-monteregie.qc.ca\/wp-content\/uploads\/2025\/06\/Haut-Saint-Laurent_Vallees-des-3-Lacs_480x697-480x630.jpg","type":"image\/jpeg"}],"twitter_card":"summary_large_image","twitter_site":"@tourmonteregie","twitter_misc":{"Est. reading time":"6 minutes"},"schema":{"@context":"https:\/\/schema.org","@graph":[{"@type":"WebPage","@id":"https:\/\/www.tourisme-monteregie.qc.ca\/en\/inspirations\/pick-your-own\/","url":"https:\/\/www.tourisme-monteregie.qc.ca\/en\/inspirations\/pick-your-own\/","name":"Pick-your-own | Tourisme Mont\u00e9r\u00e9gie","isPartOf":{"@id":"https:\/\/www.tourisme-monteregie.qc.ca\/en\/#website"},"primaryImageOfPage":{"@id":"https:\/\/www.tourisme-monteregie.qc.ca\/en\/inspirations\/pick-your-own\/#primaryimage"},"image":{"@id":"https:\/\/www.tourisme-monteregie.qc.ca\/en\/inspirations\/pick-your-own\/#primaryimage"},"thumbnailUrl":"https:\/\/www.tourisme-monteregie.qc.ca\/wp-content\/uploads\/2025\/06\/Haut-Saint-Laurent_Vallees-des-3-Lacs_480x697.jpg","datePublished":"2021-07-26T17:43:39+00:00","dateModified":"2025-06-06T17:27:16+00:00","breadcrumb":{"@id":"https:\/\/www.tourisme-monteregie.qc.ca\/en\/inspirations\/pick-your-own\/#breadcrumb"},"inLanguage":"en-CA","potentialAction":[{"@type":"ReadAction","target":["https:\/\/www.tourisme-monteregie.qc.ca\/en\/inspirations\/pick-your-own\/"]}]},{"@type":"ImageObject","inLanguage":"en-CA","@id":"https:\/\/www.tourisme-monteregie.qc.ca\/en\/inspirations\/pick-your-own\/#primaryimage","url":"https:\/\/www.tourisme-monteregie.qc.ca\/wp-content\/uploads\/2025\/06\/Haut-Saint-Laurent_Vallees-des-3-Lacs_480x697.jpg","contentUrl":"https:\/\/www.tourisme-monteregie.qc.ca\/wp-content\/uploads\/2025\/06\/Haut-Saint-Laurent_Vallees-des-3-Lacs_480x697.jpg","width":480,"height":720,"caption":"Haut-Saint-Laurent,_Vall\u00e9es des 3 Lacs_480x697"},{"@type":"BreadcrumbList","@id":"https:\/\/www.tourisme-monteregie.qc.ca\/en\/inspirations\/pick-your-own\/#breadcrumb","itemListElement":[{"@type":"ListItem","position":1,"name":"Accueil","item":"https:\/\/www.tourisme-monteregie.qc.ca\/en\/accueil\/"},{"@type":"ListItem","position":2,"name":"Inspirations","item":"https:\/\/www.tourisme-monteregie.qc.ca\/en\/inspirations\/?season=fall"},{"@type":"ListItem","position":3,"name":"Pick-your-own"}]},{"@type":"WebSite","@id":"https:\/\/www.tourisme-monteregie.qc.ca\/en\/#website","url":"https:\/\/www.tourisme-monteregie.qc.ca\/en\/","name":"Tourisme Mont\u00e9r\u00e9gie","description":"","publisher":{"@id":"https:\/\/www.tourisme-monteregie.qc.ca\/en\/#organization"},"potentialAction":[{"@type":"SearchAction","target":{"@type":"EntryPoint","urlTemplate":"https:\/\/www.tourisme-monteregie.qc.ca\/en\/?s={search_term_string}"},"query-input":{"@type":"PropertyValueSpecification","valueRequired":true,"valueName":"search_term_string"}}],"inLanguage":"en-CA"},{"@type":"Organization","@id":"https:\/\/www.tourisme-monteregie.qc.ca\/en\/#organization","name":"Tourisme Mont\u00e9r\u00e9gie","url":"https:\/\/www.tourisme-monteregie.qc.ca\/en\/","logo":{"@type":"ImageObject","inLanguage":"en-CA","@id":"https:\/\/www.tourisme-monteregie.qc.ca\/en\/#\/schema\/logo\/image\/","url":"https:\/\/www.tourisme-monteregie.qc.ca\/wp-content\/uploads\/2025\/02\/cropped-android-chrome-256x256-1.png","contentUrl":"https:\/\/www.tourisme-monteregie.qc.ca\/wp-content\/uploads\/2025\/02\/cropped-android-chrome-256x256-1.png","width":512,"height":512,"caption":"Tourisme Mont\u00e9r\u00e9gie"},"image":{"@id":"https:\/\/www.tourisme-monteregie.qc.ca\/en\/#\/schema\/logo\/image\/"},"sameAs":["https:\/\/www.facebook.com\/tourisme.monteregie","https:\/\/x.com\/tourmonteregie","https:\/\/www.instagram.com\/tourismemonteregie\/","https:\/\/www.pinterest.ca\/tourmonteregie","https:\/\/www.youtube.com\/user\/tourismemonteregie","https:\/\/www.linkedin.com\/company\/tourisme-monteregie\/"]}]}},"_links":{"self":[{"href":"https:\/\/www.tourisme-monteregie.qc.ca\/en\/wp-json\/wp\/v2\/pages\/44794","targetHints":{"allow":["GET"]}}],"collection":[{"href":"https:\/\/www.tourisme-monteregie.qc.ca\/en\/wp-json\/wp\/v2\/pages"}],"about":[{"href":"https:\/\/www.tourisme-monteregie.qc.ca\/en\/wp-json\/wp\/v2\/types\/page"}],"author":[{"embeddable":true,"href":"https:\/\/www.tourisme-monteregie.qc.ca\/en\/wp-json\/wp\/v2\/users\/10"}],"replies":[{"embeddable":true,"href":"https:\/\/www.tourisme-monteregie.qc.ca\/en\/wp-json\/wp\/v2\/comments?post=44794"}],"version-history":[{"count":5,"href":"https:\/\/www.tourisme-monteregie.qc.ca\/en\/wp-json\/wp\/v2\/pages\/44794\/revisions"}],"predecessor-version":[{"id":93716,"href":"https:\/\/www.tourisme-monteregie.qc.ca\/en\/wp-json\/wp\/v2\/pages\/44794\/revisions\/93716"}],"up":[{"embeddable":true,"href":"https:\/\/www.tourisme-monteregie.qc.ca\/en\/wp-json\/wp\/v2\/pages\/47275"}],"wp:featuredmedia":[{"embeddable":true,"href":"https:\/\/www.tourisme-monteregie.qc.ca\/en\/wp-json\/wp\/v2\/media\/93610"}],"wp:attachment":[{"href":"https:\/\/www.tourisme-monteregie.qc.ca\/en\/wp-json\/wp\/v2\/media?parent=44794"}],"curies":[{"name":"wp","href":"https:\/\/api.w.org\/{rel}","templated":true}]}}