{"id":50211,"date":"2025-03-10T13:12:31","date_gmt":"2025-03-10T17:12:31","guid":{"rendered":"https:\/\/www.tourisme-monteregie.qc.ca\/inspirations\/foodies-sucres\/"},"modified":"2026-02-26T14:15:22","modified_gmt":"2026-02-26T19:15:22","slug":"sugar-season-monteregie-sugar-shacks-to-visit","status":"publish","type":"page","link":"https:\/\/www.tourisme-monteregie.qc.ca\/en\/inspirations\/sugar-season-monteregie-sugar-shacks-to-visit\/","title":{"rendered":"Sugar shack season"},"content":{"rendered":"","protected":false},"excerpt":{"rendered":"","protected":false},"author":10,"featured_media":83270,"parent":47275,"menu_order":6,"comment_status":"closed","ping_status":"closed","template":"templates\/tpl_landing.php","meta":{"_acf_changed":false,"inline_featured_image":false,"footnotes":""},"class_list":["post-50211","page","type-page","status-publish","has-post-thumbnail","hentry"],"acf":{"couleurs":{"couleur_principal":"#553a29"},"type_dentete":"head1","en-tete_1":{"image_de_gauche":"https:\/\/www.tourisme-monteregie.qc.ca\/wp-content\/uploads\/2023\/02\/MG_4995-scaled-e1677535393799.jpg","image_du_centre":"https:\/\/www.tourisme-monteregie.qc.ca\/wp-content\/uploads\/2022\/03\/entete-foodie-sucres_679x964.jpg","image_de_droite":"https:\/\/www.tourisme-monteregie.qc.ca\/wp-content\/uploads\/2026\/02\/erabliere_cabane_sucre_700x482.png","video_replace_img_droite":false,"couleur_du_fond_du_lien_transparent":false,"texte_du_lien":"Discover all our sugar shacks!","lien":"https:\/\/www.tourisme-monteregie.qc.ca\/en\/member\/category\/things-to-do\/regional-delights\/sugar-shacks\/","couleur_de_fond_transparent":false,"couleur_du_fond_du_texte":"#553a29","bloc_de_texte":"<p><strong>Sugar season is finally back!<\/strong> A true Quebec tradition, this time of year is the perfect opportunity to indulge in maple taffy, hearty meals, and a festive atmosphere in the great outdoors. Whether with family, friends, or your significant other, a visit to a sugar shack is an experience you won\u2019t want to miss.<\/p>\n<p>&nbsp;<\/p>\n"},"bloc_dimages":[{"acf_fc_layout":"bloc_1","ancre":"","image_de_gauche":{"image":"https:\/\/www.tourisme-monteregie.qc.ca\/wp-content\/uploads\/2022\/02\/sucrerie-de-la-montagne_405x545.jpg","texte_du_lien":"Sucrerie de la Montagne - Rigaud","lien":"https:\/\/www.tourisme-monteregie.qc.ca\/en\/member\/sucrerie-de-la-montagne\/","fond_transparent":true},"bloc_texte_principal":{"titre":"For a 100% authentic experience","texte":"<p>A great choice for those of you who want to relive the old sugaring traditions dating back hundreds of years.<\/p>\n","couleur_du_texte":"#000000"},"image_de_droite":{"image":"https:\/\/www.tourisme-monteregie.qc.ca\/wp-content\/uploads\/2022\/02\/Erabliere-Charbonneau_405x545.jpg","texte_du_lien":"\u00c9rabli\u00e8re Charbonneau - Mont-Saint-Gr\u00e9goire","lien":"https:\/\/www.tourisme-monteregie.qc.ca\/en\/member\/erabliere-charbonneau\/","fond_transparent":false},"bloc_titre_bas":{"titre":"Hiking, musical performances, horse-drawn wagon rides, petting zoos and animals: you\u2019ll have no trouble finding it all at Mont\u00e9r\u00e9gie\u2019s sugar shacks.","couleur_du_texte":"#553a29"},"image_du_bas":{"image":"https:\/\/www.tourisme-monteregie.qc.ca\/wp-content\/uploads\/2025\/03\/Sucrerie-Gallant.png","texte_du_lien":"Sucrerie des Gallant - Sainte-Marthe","lien":"https:\/\/www.tourisme-monteregie.qc.ca\/en\/member\/sucrerie-des-gallant\/","fond_transparent":false}},{"acf_fc_layout":"bloc_4","ancre":"","image_de_gauche":{"image":"https:\/\/www.tourisme-monteregie.qc.ca\/wp-content\/uploads\/2026\/02\/Cabane-a-sucre-Hillspring-780x593-1.png","texte_du_lien":"Cabane \u00e0 sucre Hillspring - Franklin","lien":"https:\/\/www.tourisme-monteregie.qc.ca\/membre\/cabane-a-sucre-hillspring\/","fond_transparent":false},"bloc_texte_principal":{"titre":"For an experience off the beaten path","texte":"<p>Like all culinary trends, sugar shacks are constantly evolving, offering new takes on old classics with the same delicious sweet taste.<\/p>\n","couleur_du_texte":"#000000"},"image_de_droite":{"image":"https:\/\/www.tourisme-monteregie.qc.ca\/wp-content\/uploads\/2022\/02\/LACABANEDUCOUREUR_480x697.jpg","texte_du_lien":"La Cabane du Coureur - Saint-Marc-sur-Richelieu","lien":"https:\/\/www.tourisme-monteregie.qc.ca\/en\/member\/la-cabane-du-coureur\/","fond_transparent":false}},{"acf_fc_layout":"bloc_3","ancre":"","image_de_gauche":{"image":"https:\/\/www.tourisme-monteregie.qc.ca\/wp-content\/uploads\/2026\/02\/erabliere_meunier_538x429.png","texte_du_lien":"\u00c9rabli\u00e8re Raymond Meunier et fils - Richelieu","lien":"https:\/\/www.tourisme-monteregie.qc.ca\/en\/member\/erabliere-raymond-meunier-et-fils\/","fond_transparent":false},"bloc_titre_centre":{"titre":"For a family day trip experience","couleur_du_texte":"#553a29"},"image_de_droite":{"image":"https:\/\/www.tourisme-monteregie.qc.ca\/wp-content\/uploads\/2026\/02\/tire_erable-330x408-1.png","texte_du_lien":"","lien":"","fond_transparent":false},"image_du_bas":{"image":"https:\/\/www.tourisme-monteregie.qc.ca\/wp-content\/uploads\/2024\/02\/Campagne-1_Auberge_Handfield_cabane-a-sucre-custom-e1708620484169.jpg","texte_du_lien":"Cabane \u00e0 sucre Handfield - Saint-Marc-sur-Richelieu","lien":"https:\/\/www.tourisme-monteregie.qc.ca\/en\/member\/cabane-a-sucre-handfield\/","fond_transparent":false}},{"acf_fc_layout":"bloc_4","ancre":"","image_de_gauche":{"image":"https:\/\/www.tourisme-monteregie.qc.ca\/wp-content\/uploads\/2022\/03\/La-Goudrelle_780x593.jpg","texte_du_lien":"\u00c9rabli\u00e8re La Goudrelle - Mont-Saint-Gr\u00e9goire","lien":"https:\/\/lagoudrelle.order-online.ai\/","fond_transparent":false},"bloc_texte_principal":{"titre":"For the sugar shack experience at home","texte":"<p>Enjoy the sugaring season experience from home with the <strong>Ma cabane \u00e0 la maison<\/strong> kit. Select a sugar shack and pick-up point <a href=\"https:\/\/www.macabanealamaison.com\/en\/\" target=\"_blank\" rel=\"noopener\"><strong>here<\/strong><\/a> to make home sweet home even sweeter.<\/p>\n","couleur_du_texte":"#000000"},"image_de_droite":{"image":"https:\/\/www.tourisme-monteregie.qc.ca\/wp-content\/uploads\/2022\/02\/maurice-jeannotte_480x697-1.jpg","texte_du_lien":"\u00c9rabli\u00e8re Maurice Jeannotte - Saint-Marc-sur-Richelieu","lien":"https:\/\/jeannotte.order-online.ai\/","fond_transparent":false}},{"acf_fc_layout":"bloc_5","ancre":"","nouveau_visuel":false,"titre":"Get inspired","couleur_du_titre":"#000000","images":[{"couleur":"","image":"https:\/\/www.tourisme-monteregie.qc.ca\/wp-content\/uploads\/2023\/11\/Flotel_hiver_PPLR_credit-photo-Alexandre-Gregoire_Tourisme-Monteregie-custom-e1701116615122.jpg","texte":"Winter getaway","lien":"https:\/\/www.tourisme-monteregie.qc.ca\/en\/inspirations\/getaway-hiver\/"},{"couleur":"","image":"https:\/\/www.tourisme-monteregie.qc.ca\/wp-content\/uploads\/2023\/11\/FAIT-DENOISE_R006_A009_0228WY-custom-1-e1701116820546.jpg","texte":"Outdoor activities","lien":"https:\/\/www.tourisme-monteregie.qc.ca\/en\/inspirations\/outdoor-activities-hiver\/"},{"couleur":"","image":"https:\/\/www.tourisme-monteregie.qc.ca\/wp-content\/uploads\/2023\/11\/2FATBI1-small-1-e1701116877581.jpg","texte":"cyclo-tourism","lien":"https:\/\/www.tourisme-monteregie.qc.ca\/en\/inspirations\/cyclo-tourism\/"},{"couleur":"","image":"https:\/\/www.tourisme-monteregie.qc.ca\/wp-content\/uploads\/2023\/11\/Dorchester_Vieux-Saint-Jean_PPLR_credit-photo-Alexandre-Gregoire_Tourisme-Monteregie-custom-1-e1701117434542.jpg","texte":"Local flavors","lien":"https:\/\/www.tourisme-monteregie.qc.ca\/en\/inspirations\/saveurs-locales\/?season=winter"}]}],"title_banner":false,"title_banner_bg_bleed":false,"fullwidth_page":false,"active_ga4_event":false,"google_ads_key":""},"featured_image_urls_v2":{"full":["https:\/\/www.tourisme-monteregie.qc.ca\/wp-content\/uploads\/2025\/03\/Repas-Cabane_sucre_370x315.png",370,315,false],"thumbnail":["https:\/\/www.tourisme-monteregie.qc.ca\/wp-content\/uploads\/2025\/03\/Repas-Cabane_sucre_370x315-150x150.png",150,150,true],"medium":["https:\/\/www.tourisme-monteregie.qc.ca\/wp-content\/uploads\/2025\/03\/Repas-Cabane_sucre_370x315-300x255.png",300,255,true],"medium_large":["https:\/\/www.tourisme-monteregie.qc.ca\/wp-content\/uploads\/2025\/03\/Repas-Cabane_sucre_370x315.png",370,315,false],"large":["https:\/\/www.tourisme-monteregie.qc.ca\/wp-content\/uploads\/2025\/03\/Repas-Cabane_sucre_370x315.png",370,315,false],"1536x1536":["https:\/\/www.tourisme-monteregie.qc.ca\/wp-content\/uploads\/2025\/03\/Repas-Cabane_sucre_370x315.png",370,315,false],"2048x2048":["https:\/\/www.tourisme-monteregie.qc.ca\/wp-content\/uploads\/2025\/03\/Repas-Cabane_sucre_370x315.png",370,315,false],"post-thumb":["https:\/\/www.tourisme-monteregie.qc.ca\/wp-content\/uploads\/2025\/03\/Repas-Cabane_sucre_370x315-275x234.png",275,234,true],"imgBannerPopup":["https:\/\/www.tourisme-monteregie.qc.ca\/wp-content\/uploads\/2025\/03\/Repas-Cabane_sucre_370x315.png",370,315,false],"imgBanner":["https:\/\/www.tourisme-monteregie.qc.ca\/wp-content\/uploads\/2025\/03\/Repas-Cabane_sucre_370x315.png",370,315,false],"imgBannerFull":["https:\/\/www.tourisme-monteregie.qc.ca\/wp-content\/uploads\/2025\/03\/Repas-Cabane_sucre_370x315.png",370,315,false],"imgBannerMobile":["https:\/\/www.tourisme-monteregie.qc.ca\/wp-content\/uploads\/2025\/03\/Repas-Cabane_sucre_370x315.png",370,315,false],"imgBannerMobileSmall":["https:\/\/www.tourisme-monteregie.qc.ca\/wp-content\/uploads\/2025\/03\/Repas-Cabane_sucre_370x315.png",370,315,false],"imgMember":["https:\/\/www.tourisme-monteregie.qc.ca\/wp-content\/uploads\/2025\/03\/Repas-Cabane_sucre_370x315.png",370,315,false],"imgMemberSmall":["https:\/\/www.tourisme-monteregie.qc.ca\/wp-content\/uploads\/2025\/03\/Repas-Cabane_sucre_370x315-331x282.png",331,282,true],"imgTeam":["https:\/\/www.tourisme-monteregie.qc.ca\/wp-content\/uploads\/2025\/03\/Repas-Cabane_sucre_370x315.png",370,315,false],"imgTeamSmall":["https:\/\/www.tourisme-monteregie.qc.ca\/wp-content\/uploads\/2025\/03\/Repas-Cabane_sucre_370x315-235x200.png",235,200,true],"gform-image-choice-sm":["https:\/\/www.tourisme-monteregie.qc.ca\/wp-content\/uploads\/2025\/03\/Repas-Cabane_sucre_370x315.png",300,255,false],"gform-image-choice-md":["https:\/\/www.tourisme-monteregie.qc.ca\/wp-content\/uploads\/2025\/03\/Repas-Cabane_sucre_370x315.png",370,315,false],"gform-image-choice-lg":["https:\/\/www.tourisme-monteregie.qc.ca\/wp-content\/uploads\/2025\/03\/Repas-Cabane_sucre_370x315.png",370,315,false]},"post_excerpt_stackable_v2":"","category_list_v2":"","author_info_v2":{"name":"Rose-Line Th\u00e9riault","url":"https:\/\/www.tourisme-monteregie.qc.ca\/en\/author\/rtheriault\/"},"comments_num_v2":"0 comments","yoast_head":"<!-- This site is optimized with the Yoast SEO plugin v27.1.1 - https:\/\/yoast.com\/product\/yoast-seo-wordpress\/ -->\n<title>Sugar shack season | Tourisme Mont\u00e9r\u00e9gie %<\/title>\n<meta name=\"description\" content=\"Discover the must-visit sugar shacks in Mont\u00e9r\u00e9gie to enjoy sugar season. Traditional meals, maple taffy on snow, and a festive atmosphere await you!\" \/>\n<meta name=\"robots\" content=\"index, follow, max-snippet:-1, max-image-preview:large, max-video-preview:-1\" \/>\n<link rel=\"canonical\" href=\"https:\/\/www.tourisme-monteregie.qc.ca\/en\/inspirations\/sugar-season-monteregie-sugar-shacks-to-visit\/\" \/>\n<meta property=\"og:locale\" content=\"en_US\" \/>\n<meta property=\"og:type\" content=\"article\" \/>\n<meta property=\"og:title\" content=\"Sugar shack season | Tourisme Mont\u00e9r\u00e9gie %\" \/>\n<meta property=\"og:description\" content=\"Discover the must-visit sugar shacks in Mont\u00e9r\u00e9gie to enjoy sugar season. Traditional meals, maple taffy on snow, and a festive atmosphere await you!\" \/>\n<meta property=\"og:url\" content=\"https:\/\/www.tourisme-monteregie.qc.ca\/en\/inspirations\/sugar-season-monteregie-sugar-shacks-to-visit\/\" \/>\n<meta property=\"og:site_name\" content=\"Tourisme Mont\u00e9r\u00e9gie\" \/>\n<meta property=\"article:publisher\" content=\"https:\/\/www.facebook.com\/tourisme.monteregie\" \/>\n<meta property=\"article:modified_time\" content=\"2026-02-26T19:15:22+00:00\" \/>\n<meta property=\"og:image\" content=\"https:\/\/www.tourisme-monteregie.qc.ca\/wp-content\/uploads\/2025\/03\/Repas-Cabane_sucre_370x315.png\" \/>\n\t<meta property=\"og:image:width\" content=\"370\" \/>\n\t<meta property=\"og:image:height\" content=\"315\" \/>\n\t<meta property=\"og:image:type\" content=\"image\/png\" \/>\n<meta name=\"twitter:card\" content=\"summary_large_image\" \/>\n<meta name=\"twitter:site\" content=\"@tourmonteregie\" \/>\n<meta name=\"twitter:label1\" content=\"Est. reading time\" \/>\n\t<meta name=\"twitter:data1\" content=\"5 minutes\" \/>\n<script type=\"application\/ld+json\" class=\"yoast-schema-graph\">{\"@context\":\"https:\/\/schema.org\",\"@graph\":[{\"@type\":\"WebPage\",\"@id\":\"https:\/\/www.tourisme-monteregie.qc.ca\/en\/inspirations\/sugar-season-monteregie-sugar-shacks-to-visit\/\",\"url\":\"https:\/\/www.tourisme-monteregie.qc.ca\/en\/inspirations\/sugar-season-monteregie-sugar-shacks-to-visit\/\",\"name\":\"Sugar shack season | Tourisme Mont\u00e9r\u00e9gie %\",\"isPartOf\":{\"@id\":\"https:\/\/www.tourisme-monteregie.qc.ca\/en\/#website\"},\"primaryImageOfPage\":{\"@id\":\"https:\/\/www.tourisme-monteregie.qc.ca\/en\/inspirations\/sugar-season-monteregie-sugar-shacks-to-visit\/#primaryimage\"},\"image\":{\"@id\":\"https:\/\/www.tourisme-monteregie.qc.ca\/en\/inspirations\/sugar-season-monteregie-sugar-shacks-to-visit\/#primaryimage\"},\"thumbnailUrl\":\"https:\/\/www.tourisme-monteregie.qc.ca\/wp-content\/uploads\/2025\/03\/Repas-Cabane_sucre_370x315.png\",\"datePublished\":\"2025-03-10T17:12:31+00:00\",\"dateModified\":\"2026-02-26T19:15:22+00:00\",\"description\":\"Discover the must-visit sugar shacks in Mont\u00e9r\u00e9gie to enjoy sugar season. Traditional meals, maple taffy on snow, and a festive atmosphere await you!\",\"breadcrumb\":{\"@id\":\"https:\/\/www.tourisme-monteregie.qc.ca\/en\/inspirations\/sugar-season-monteregie-sugar-shacks-to-visit\/#breadcrumb\"},\"inLanguage\":\"en-CA\",\"potentialAction\":[{\"@type\":\"ReadAction\",\"target\":[\"https:\/\/www.tourisme-monteregie.qc.ca\/en\/inspirations\/sugar-season-monteregie-sugar-shacks-to-visit\/\"]}]},{\"@type\":\"ImageObject\",\"inLanguage\":\"en-CA\",\"@id\":\"https:\/\/www.tourisme-monteregie.qc.ca\/en\/inspirations\/sugar-season-monteregie-sugar-shacks-to-visit\/#primaryimage\",\"url\":\"https:\/\/www.tourisme-monteregie.qc.ca\/wp-content\/uploads\/2025\/03\/Repas-Cabane_sucre_370x315.png\",\"contentUrl\":\"https:\/\/www.tourisme-monteregie.qc.ca\/wp-content\/uploads\/2025\/03\/Repas-Cabane_sucre_370x315.png\",\"width\":370,\"height\":315},{\"@type\":\"BreadcrumbList\",\"@id\":\"https:\/\/www.tourisme-monteregie.qc.ca\/en\/inspirations\/sugar-season-monteregie-sugar-shacks-to-visit\/#breadcrumb\",\"itemListElement\":[{\"@type\":\"ListItem\",\"position\":1,\"name\":\"Accueil\",\"item\":\"https:\/\/www.tourisme-monteregie.qc.ca\/en\/accueil\/\"},{\"@type\":\"ListItem\",\"position\":2,\"name\":\"Inspirations\",\"item\":\"https:\/\/www.tourisme-monteregie.qc.ca\/en\/inspirations\/?season=fall\"},{\"@type\":\"ListItem\",\"position\":3,\"name\":\"Sugar shack season\"}]},{\"@type\":\"WebSite\",\"@id\":\"https:\/\/www.tourisme-monteregie.qc.ca\/en\/#website\",\"url\":\"https:\/\/www.tourisme-monteregie.qc.ca\/en\/\",\"name\":\"Tourisme Mont\u00e9r\u00e9gie\",\"description\":\"\",\"publisher\":{\"@id\":\"https:\/\/www.tourisme-monteregie.qc.ca\/en\/#organization\"},\"potentialAction\":[{\"@type\":\"SearchAction\",\"target\":{\"@type\":\"EntryPoint\",\"urlTemplate\":\"https:\/\/www.tourisme-monteregie.qc.ca\/en\/?s={search_term_string}\"},\"query-input\":{\"@type\":\"PropertyValueSpecification\",\"valueRequired\":true,\"valueName\":\"search_term_string\"}}],\"inLanguage\":\"en-CA\"},{\"@type\":\"Organization\",\"@id\":\"https:\/\/www.tourisme-monteregie.qc.ca\/en\/#organization\",\"name\":\"Tourisme Mont\u00e9r\u00e9gie\",\"url\":\"https:\/\/www.tourisme-monteregie.qc.ca\/en\/\",\"logo\":{\"@type\":\"ImageObject\",\"inLanguage\":\"en-CA\",\"@id\":\"https:\/\/www.tourisme-monteregie.qc.ca\/en\/#\/schema\/logo\/image\/\",\"url\":\"https:\/\/www.tourisme-monteregie.qc.ca\/wp-content\/uploads\/2025\/02\/cropped-android-chrome-256x256-1.png\",\"contentUrl\":\"https:\/\/www.tourisme-monteregie.qc.ca\/wp-content\/uploads\/2025\/02\/cropped-android-chrome-256x256-1.png\",\"width\":512,\"height\":512,\"caption\":\"Tourisme Mont\u00e9r\u00e9gie\"},\"image\":{\"@id\":\"https:\/\/www.tourisme-monteregie.qc.ca\/en\/#\/schema\/logo\/image\/\"},\"sameAs\":[\"https:\/\/www.facebook.com\/tourisme.monteregie\",\"https:\/\/x.com\/tourmonteregie\",\"https:\/\/www.instagram.com\/tourismemonteregie\/\",\"https:\/\/www.pinterest.ca\/tourmonteregie\",\"https:\/\/www.youtube.com\/user\/tourismemonteregie\",\"https:\/\/www.linkedin.com\/company\/tourisme-monteregie\/\"]}]}<\/script>\n<!-- \/ Yoast SEO plugin. -->","yoast_head_json":{"title":"Sugar shack season | Tourisme Mont\u00e9r\u00e9gie %","description":"Discover the must-visit sugar shacks in Mont\u00e9r\u00e9gie to enjoy sugar season. Traditional meals, maple taffy on snow, and a festive atmosphere await you!","robots":{"index":"index","follow":"follow","max-snippet":"max-snippet:-1","max-image-preview":"max-image-preview:large","max-video-preview":"max-video-preview:-1"},"canonical":"https:\/\/www.tourisme-monteregie.qc.ca\/en\/inspirations\/sugar-season-monteregie-sugar-shacks-to-visit\/","og_locale":"en_US","og_type":"article","og_title":"Sugar shack season | Tourisme Mont\u00e9r\u00e9gie %","og_description":"Discover the must-visit sugar shacks in Mont\u00e9r\u00e9gie to enjoy sugar season. Traditional meals, maple taffy on snow, and a festive atmosphere await you!","og_url":"https:\/\/www.tourisme-monteregie.qc.ca\/en\/inspirations\/sugar-season-monteregie-sugar-shacks-to-visit\/","og_site_name":"Tourisme Mont\u00e9r\u00e9gie","article_publisher":"https:\/\/www.facebook.com\/tourisme.monteregie","article_modified_time":"2026-02-26T19:15:22+00:00","og_image":[{"width":370,"height":315,"url":"https:\/\/www.tourisme-monteregie.qc.ca\/wp-content\/uploads\/2025\/03\/Repas-Cabane_sucre_370x315.png","type":"image\/png"}],"twitter_card":"summary_large_image","twitter_site":"@tourmonteregie","twitter_misc":{"Est. reading time":"5 minutes"},"schema":{"@context":"https:\/\/schema.org","@graph":[{"@type":"WebPage","@id":"https:\/\/www.tourisme-monteregie.qc.ca\/en\/inspirations\/sugar-season-monteregie-sugar-shacks-to-visit\/","url":"https:\/\/www.tourisme-monteregie.qc.ca\/en\/inspirations\/sugar-season-monteregie-sugar-shacks-to-visit\/","name":"Sugar shack season | Tourisme Mont\u00e9r\u00e9gie %","isPartOf":{"@id":"https:\/\/www.tourisme-monteregie.qc.ca\/en\/#website"},"primaryImageOfPage":{"@id":"https:\/\/www.tourisme-monteregie.qc.ca\/en\/inspirations\/sugar-season-monteregie-sugar-shacks-to-visit\/#primaryimage"},"image":{"@id":"https:\/\/www.tourisme-monteregie.qc.ca\/en\/inspirations\/sugar-season-monteregie-sugar-shacks-to-visit\/#primaryimage"},"thumbnailUrl":"https:\/\/www.tourisme-monteregie.qc.ca\/wp-content\/uploads\/2025\/03\/Repas-Cabane_sucre_370x315.png","datePublished":"2025-03-10T17:12:31+00:00","dateModified":"2026-02-26T19:15:22+00:00","description":"Discover the must-visit sugar shacks in Mont\u00e9r\u00e9gie to enjoy sugar season. Traditional meals, maple taffy on snow, and a festive atmosphere await you!","breadcrumb":{"@id":"https:\/\/www.tourisme-monteregie.qc.ca\/en\/inspirations\/sugar-season-monteregie-sugar-shacks-to-visit\/#breadcrumb"},"inLanguage":"en-CA","potentialAction":[{"@type":"ReadAction","target":["https:\/\/www.tourisme-monteregie.qc.ca\/en\/inspirations\/sugar-season-monteregie-sugar-shacks-to-visit\/"]}]},{"@type":"ImageObject","inLanguage":"en-CA","@id":"https:\/\/www.tourisme-monteregie.qc.ca\/en\/inspirations\/sugar-season-monteregie-sugar-shacks-to-visit\/#primaryimage","url":"https:\/\/www.tourisme-monteregie.qc.ca\/wp-content\/uploads\/2025\/03\/Repas-Cabane_sucre_370x315.png","contentUrl":"https:\/\/www.tourisme-monteregie.qc.ca\/wp-content\/uploads\/2025\/03\/Repas-Cabane_sucre_370x315.png","width":370,"height":315},{"@type":"BreadcrumbList","@id":"https:\/\/www.tourisme-monteregie.qc.ca\/en\/inspirations\/sugar-season-monteregie-sugar-shacks-to-visit\/#breadcrumb","itemListElement":[{"@type":"ListItem","position":1,"name":"Accueil","item":"https:\/\/www.tourisme-monteregie.qc.ca\/en\/accueil\/"},{"@type":"ListItem","position":2,"name":"Inspirations","item":"https:\/\/www.tourisme-monteregie.qc.ca\/en\/inspirations\/?season=fall"},{"@type":"ListItem","position":3,"name":"Sugar shack season"}]},{"@type":"WebSite","@id":"https:\/\/www.tourisme-monteregie.qc.ca\/en\/#website","url":"https:\/\/www.tourisme-monteregie.qc.ca\/en\/","name":"Tourisme Mont\u00e9r\u00e9gie","description":"","publisher":{"@id":"https:\/\/www.tourisme-monteregie.qc.ca\/en\/#organization"},"potentialAction":[{"@type":"SearchAction","target":{"@type":"EntryPoint","urlTemplate":"https:\/\/www.tourisme-monteregie.qc.ca\/en\/?s={search_term_string}"},"query-input":{"@type":"PropertyValueSpecification","valueRequired":true,"valueName":"search_term_string"}}],"inLanguage":"en-CA"},{"@type":"Organization","@id":"https:\/\/www.tourisme-monteregie.qc.ca\/en\/#organization","name":"Tourisme Mont\u00e9r\u00e9gie","url":"https:\/\/www.tourisme-monteregie.qc.ca\/en\/","logo":{"@type":"ImageObject","inLanguage":"en-CA","@id":"https:\/\/www.tourisme-monteregie.qc.ca\/en\/#\/schema\/logo\/image\/","url":"https:\/\/www.tourisme-monteregie.qc.ca\/wp-content\/uploads\/2025\/02\/cropped-android-chrome-256x256-1.png","contentUrl":"https:\/\/www.tourisme-monteregie.qc.ca\/wp-content\/uploads\/2025\/02\/cropped-android-chrome-256x256-1.png","width":512,"height":512,"caption":"Tourisme Mont\u00e9r\u00e9gie"},"image":{"@id":"https:\/\/www.tourisme-monteregie.qc.ca\/en\/#\/schema\/logo\/image\/"},"sameAs":["https:\/\/www.facebook.com\/tourisme.monteregie","https:\/\/x.com\/tourmonteregie","https:\/\/www.instagram.com\/tourismemonteregie\/","https:\/\/www.pinterest.ca\/tourmonteregie","https:\/\/www.youtube.com\/user\/tourismemonteregie","https:\/\/www.linkedin.com\/company\/tourisme-monteregie\/"]}]}},"_links":{"self":[{"href":"https:\/\/www.tourisme-monteregie.qc.ca\/en\/wp-json\/wp\/v2\/pages\/50211","targetHints":{"allow":["GET"]}}],"collection":[{"href":"https:\/\/www.tourisme-monteregie.qc.ca\/en\/wp-json\/wp\/v2\/pages"}],"about":[{"href":"https:\/\/www.tourisme-monteregie.qc.ca\/en\/wp-json\/wp\/v2\/types\/page"}],"author":[{"embeddable":true,"href":"https:\/\/www.tourisme-monteregie.qc.ca\/en\/wp-json\/wp\/v2\/users\/10"}],"replies":[{"embeddable":true,"href":"https:\/\/www.tourisme-monteregie.qc.ca\/en\/wp-json\/wp\/v2\/comments?post=50211"}],"version-history":[{"count":4,"href":"https:\/\/www.tourisme-monteregie.qc.ca\/en\/wp-json\/wp\/v2\/pages\/50211\/revisions"}],"predecessor-version":[{"id":102610,"href":"https:\/\/www.tourisme-monteregie.qc.ca\/en\/wp-json\/wp\/v2\/pages\/50211\/revisions\/102610"}],"up":[{"embeddable":true,"href":"https:\/\/www.tourisme-monteregie.qc.ca\/en\/wp-json\/wp\/v2\/pages\/47275"}],"wp:featuredmedia":[{"embeddable":true,"href":"https:\/\/www.tourisme-monteregie.qc.ca\/en\/wp-json\/wp\/v2\/media\/83270"}],"wp:attachment":[{"href":"https:\/\/www.tourisme-monteregie.qc.ca\/en\/wp-json\/wp\/v2\/media?parent=50211"}],"curies":[{"name":"wp","href":"https:\/\/api.w.org\/{rel}","templated":true}]}}