{"id":69648,"date":"2023-12-13T13:44:49","date_gmt":"2023-12-13T18:44:49","guid":{"rendered":"https:\/\/www.tourisme-monteregie.qc.ca\/?page_id=69648"},"modified":"2023-12-15T14:26:41","modified_gmt":"2023-12-15T19:26:41","slug":"transport","status":"publish","type":"page","link":"https:\/\/www.tourisme-monteregie.qc.ca\/en\/meetings\/transport\/","title":{"rendered":"Transport"},"content":{"rendered":"\n<div class=\"wp-block-stackable-text stk-block-text stk-block stk-4455567\" data-block-id=\"4455567\"><p class=\"stk-block-text__text\">The Mont\u00e9r\u00e9gie Region is easily accessible in so many ways! Its road network, with major arteries such as highways 10, 15, 20, 30, 35 and 40, makes it easier to get to Montreal, Ottawa and even the United States. The region also boasts a highly developed public transit network that allows people to get to major urban centres without having to use their own vehicle. This network includes bus lines, commuter trains, the metro, the R\u00e9seau express m\u00e9tropolitain (REM) and an airport offering flights across Canada.<\/p><\/div>\n","protected":false},"excerpt":{"rendered":"<p>The Mont\u00e9r\u00e9gie Region is easily accessible in so many ways! Its road network, with major arteries such as highways 10, 15, 20, 30, 35 and 40, makes it easier to get to Montreal, Ottawa and even&#8230;<\/p>\n","protected":false},"author":2,"featured_media":0,"parent":43046,"menu_order":0,"comment_status":"closed","ping_status":"closed","template":"templates\/tpl_transport.php","meta":{"_acf_changed":false,"inline_featured_image":false,"footnotes":""},"class_list":["post-69648","page","type-page","status-publish","hentry"],"acf":{"title_banner":false,"title_banner_bg_bleed":false,"fullwidth_page":false,"banner_text_cta_show_banner":false,"transports_mode_content":[{"mode":{"value":"bus","label":"Autobus"},"text":"The Mont\u00e9r\u00e9gie Region is served by a network of more than 500 bus lines covering the Longueuil area and the South Shore. These lines are accessible via the terminals of Montarville, Panama, Brossard and Longueuil, with access to the metro just a few steps away! In addition, several cities also offer urban public transit services.","links":[{"link":{"title":"R\u00e9seau de transport de Longueuil","url":"https:\/\/www.rtl-longueuil.qc.ca\/en-CA\/home-page\/","target":"_blank"}},{"link":{"title":"Exo","url":"https:\/\/exo.quebec\/en\/trip-planner\/bus","target":"_blank"}}]},{"mode":{"value":"metro","label":"M\u00e9tro"},"text":"The \u201cLongueuil-Universit\u00e9-de-sherbrooke\u201d metro station is part of the yellow line, which connects the South Shore to downtown Montreal, with a stop at \u00cele-Sainte-H\u00e9l\u00e8ne. It is located five minutes from a connection between the orange and green metro lines, which cover a large part of Montreal and provide a gateway to the North Shore, including Laval.","links":[{"link":{"title":"Metro","url":"https:\/\/www.stm.info\/en\/info\/networks\/metro\/longueuil-universite-de-sherbrooke-%28zone-b%29","target":"_blank"}}]},{"mode":{"value":"train","label":"Train"},"text":"The Mont\u00e9r\u00e9gie Region is served by four train lines covering Saint-Lambert to Saint-Hyacinthe, including a stop at Mont-Saint-Hilaire, Sainte-Catherine to Candiac and Vaudreuil-Dorion to Hudson. All departures for these lines are from the Montreal Central Station, and they run in both directions.","links":[{"link":{"title":"Exo","url":"https:\/\/exo.quebec\/en\/trip-planner\/train","target":"_blank"}},{"link":{"title":"VIA Rail Canada","url":"https:\/\/www.viarail.ca\/en\/explore-our-destinations\/stations\/quebec\/saint-hyacinthe","target":"_blank"}}]},{"mode":{"value":"rem","label":"REM"},"text":"his new service is an automated light rail transit system composed of 26 universally accessible stations in the Greater Montreal area. Five REM stations from Brossard to Central Station are in operation. It runs seven days a week and operates 20 hours a day.\r\n","links":[{"link":{"title":"REM","url":"https:\/\/rem.info\/en\/travelling\/stations","target":"_blank"}}]},{"mode":{"value":"airport","label":"A\u00e9roport"},"text":"The Montr\u00e9al-Saint-Hubert Airport is located 15 minutes from downtown Montreal and offers flights throughout Quebec and Canada. ","links":[{"link":{"title":"Airport Montr\u00e9al-Saint-Hubert","url":"\/en\/member\/aeroport-montreal-saint-hubert\/","target":"_blank"}}]},{"mode":{"value":"ferry","label":"Navette fluviale"},"text":"River shuttles allow people to move about the area\u2019s waterways. These ferries provide an essential road link between the two shores of the St. Lawrence River and provide direct access to the Montr\u00e9al, Lanaudi\u00e8re and Laurentides regions.","links":false}],"transports":[{"title":"Longueuil-Universit\u00e9-de-Sherbrooke Station","mode":"metro","train_type":false,"pin":"metro-1"},{"title":"Longueuil Terminal","mode":"bus","train_type":false,"pin":"bus-1"},{"title":"Montarville Terminal ","mode":"bus","train_type":false,"pin":"bus-2"},{"title":"Panama Terminal","mode":"bus","train_type":false,"pin":"bus-3"},{"title":"St-Hyacinthe Terminal","mode":"bus","train_type":false,"pin":"bus-4"},{"title":"Montr\u00e9al-Saint-Hubert Airport","mode":"airport","train_type":false,"pin":"airport-1"},{"title":"Soci\u00e9t\u00e9 des traversiers du Qu\u00e9bec - Traverse Sorel-Tracy \u2013 Saint-Ignace-de-Loyola","mode":"ferry","train_type":false,"pin":"ferry-1"},{"title":"Traversier Le Passeur \u2013 Travers Pointe-Fortune - Saint-Andr\u00e9-d'Argenteuil:","mode":"ferry","train_type":false,"pin":"ferry-2"},{"title":"Traverse Oka","mode":"ferry","train_type":false,"pin":"ferry-3"},{"title":"Hudson Station","mode":"train","train_type":"red","pin":"train-11-1"},{"title":"Vaudreuil Station","mode":"train","train_type":"red","pin":"train-11-2"},{"title":"Dorion Station","mode":"train","train_type":"red","pin":"train-11-3"},{"title":"Pincourt Station","mode":"train","train_type":"red","pin":"train-11-4"},{"title":"\u00cele-Perrot Station","mode":"train","train_type":"red","pin":"train-11-5"},{"title":"Saint-Lambert Station","mode":"train","train_type":"pink","pin":"train-13-1"},{"title":"Longueuil-Saint-Hubert Station","mode":"train","train_type":"pink","pin":"train-13-2"},{"title":"Saint-Bruno Station","mode":"train","train_type":"pink","pin":"train-13-3"},{"title":"Saint-Basile-le-Grand Station","mode":"train","train_type":"pink","pin":"train-13-4"},{"title":"McMasterville Station","mode":"train","train_type":"pink","pin":"train-13-5"},{"title":"Mont-Saint-Hilaire Station","mode":"train","train_type":"pink","pin":"train-13-6"},{"title":"Candiac Station","mode":"train","train_type":"yellow","pin":"train-14-1"},{"title":"Delson Station","mode":"train","train_type":"yellow","pin":"train-14-2"},{"title":"Saint-Constant Station","mode":"train","train_type":"yellow","pin":"train-14-3"},{"title":"Sainte-Catherine Station","mode":"train","train_type":"yellow","pin":"train-14-4"},{"title":"Brossard Station","mode":"rem","train_type":false,"pin":"rem-1"},{"title":"Du Quartier Station","mode":"rem","train_type":false,"pin":"rem-2"},{"title":"Panama Station","mode":"rem","train_type":false,"pin":"rem-3"}],"title":"Near Montreal","text":"Whether by bus, train or airplane, it is easy to get around the Mont\u00e9r\u00e9gie Region. In addition, these modes of transportation are accessible to people with reduced mobility. You can also take your bike on trains and many bus lines.\r\n","banner_image":{"ID":69613,"id":69613,"title":"Quartier-DX30-REM_Credit-photo-Tourisme-Monteregie-large-e1701429338353","filename":"Quartier-DX30-REM_Credit-photo-Tourisme-Monteregie-large-e1704742048665.jpg","filesize":297403,"url":"https:\/\/www.tourisme-monteregie.qc.ca\/wp-content\/uploads\/2023\/12\/Quartier-DX30-REM_Credit-photo-Tourisme-Monteregie-large-e1704742048665.jpg","link":"https:\/\/www.tourisme-monteregie.qc.ca\/en\/meetings\/transport\/attachment\/quartier-dx30-rem_credit-photo-tourisme-monteregie-large-e1701429338353-2\/","alt":"","author":"2","description":"","caption":"","name":"quartier-dx30-rem_credit-photo-tourisme-monteregie-large-e1701429338353-2","status":"inherit","uploaded_to":69648,"date":"2023-12-13 18:18:17","modified":"2023-12-13 18:44:55","menu_order":0,"mime_type":"image\/jpeg","type":"image","subtype":"jpeg","icon":"https:\/\/www.tourisme-monteregie.qc.ca\/wp-includes\/images\/media\/default.png","width":1920,"height":998,"sizes":{"thumbnail":"https:\/\/www.tourisme-monteregie.qc.ca\/wp-content\/uploads\/2023\/12\/Quartier-DX30-REM_Credit-photo-Tourisme-Monteregie-large-e1701429338353-150x150.jpg","thumbnail-width":150,"thumbnail-height":150,"medium":"https:\/\/www.tourisme-monteregie.qc.ca\/wp-content\/uploads\/2023\/12\/Quartier-DX30-REM_Credit-photo-Tourisme-Monteregie-large-e1701429338353-300x156.jpg","medium-width":300,"medium-height":156,"medium_large":"https:\/\/www.tourisme-monteregie.qc.ca\/wp-content\/uploads\/2023\/12\/Quartier-DX30-REM_Credit-photo-Tourisme-Monteregie-large-e1701429338353-768x399.jpg","medium_large-width":768,"medium_large-height":399,"large":"https:\/\/www.tourisme-monteregie.qc.ca\/wp-content\/uploads\/2023\/12\/Quartier-DX30-REM_Credit-photo-Tourisme-Monteregie-large-e1701429338353-1024x532.jpg","large-width":1024,"large-height":532,"1536x1536":"https:\/\/www.tourisme-monteregie.qc.ca\/wp-content\/uploads\/2023\/12\/Quartier-DX30-REM_Credit-photo-Tourisme-Monteregie-large-e1701429338353-1536x798.jpg","1536x1536-width":1536,"1536x1536-height":798,"2048x2048":"https:\/\/www.tourisme-monteregie.qc.ca\/wp-content\/uploads\/2023\/12\/Quartier-DX30-REM_Credit-photo-Tourisme-Monteregie-large-e1704742048665.jpg","2048x2048-width":1920,"2048x2048-height":998,"post-thumb":"https:\/\/www.tourisme-monteregie.qc.ca\/wp-content\/uploads\/2023\/12\/Quartier-DX30-REM_Credit-photo-Tourisme-Monteregie-large-e1701429338353-275x143.jpg","post-thumb-width":275,"post-thumb-height":143,"imgBannerPopup":"https:\/\/www.tourisme-monteregie.qc.ca\/wp-content\/uploads\/2023\/12\/Quartier-DX30-REM_Credit-photo-Tourisme-Monteregie-large-e1701429338353-1200x634.jpg","imgBannerPopup-width":1200,"imgBannerPopup-height":634,"imgBanner":"https:\/\/www.tourisme-monteregie.qc.ca\/wp-content\/uploads\/2023\/12\/Quartier-DX30-REM_Credit-photo-Tourisme-Monteregie-large-e1701429338353-1920x630.jpg","imgBanner-width":1920,"imgBanner-height":630,"imgBannerFull":"https:\/\/www.tourisme-monteregie.qc.ca\/wp-content\/uploads\/2023\/12\/Quartier-DX30-REM_Credit-photo-Tourisme-Monteregie-large-e1701429338353-1920x720.jpg","imgBannerFull-width":1920,"imgBannerFull-height":720,"imgBannerMobile":"https:\/\/www.tourisme-monteregie.qc.ca\/wp-content\/uploads\/2023\/12\/Quartier-DX30-REM_Credit-photo-Tourisme-Monteregie-large-e1701429338353-650x650.jpg","imgBannerMobile-width":650,"imgBannerMobile-height":650,"imgBannerMobileSmall":"https:\/\/www.tourisme-monteregie.qc.ca\/wp-content\/uploads\/2023\/12\/Quartier-DX30-REM_Credit-photo-Tourisme-Monteregie-large-e1701429338353-400x400.jpg","imgBannerMobileSmall-width":400,"imgBannerMobileSmall-height":400,"imgMember":"https:\/\/www.tourisme-monteregie.qc.ca\/wp-content\/uploads\/2023\/12\/Quartier-DX30-REM_Credit-photo-Tourisme-Monteregie-large-e1701429338353-750x562.jpg","imgMember-width":750,"imgMember-height":562,"imgMemberSmall":"https:\/\/www.tourisme-monteregie.qc.ca\/wp-content\/uploads\/2023\/12\/Quartier-DX30-REM_Credit-photo-Tourisme-Monteregie-large-e1701429338353-400x208.jpg","imgMemberSmall-width":400,"imgMemberSmall-height":208,"imgTeam":"https:\/\/www.tourisme-monteregie.qc.ca\/wp-content\/uploads\/2023\/12\/Quartier-DX30-REM_Credit-photo-Tourisme-Monteregie-large-e1701429338353-540x400.jpg","imgTeam-width":540,"imgTeam-height":400,"imgTeamSmall":"https:\/\/www.tourisme-monteregie.qc.ca\/wp-content\/uploads\/2023\/12\/Quartier-DX30-REM_Credit-photo-Tourisme-Monteregie-large-e1701429338353-270x140.jpg","imgTeamSmall-width":270,"imgTeamSmall-height":140,"gform-image-choice-sm":"https:\/\/www.tourisme-monteregie.qc.ca\/wp-content\/uploads\/2023\/12\/Quartier-DX30-REM_Credit-photo-Tourisme-Monteregie-large-e1704742048665.jpg","gform-image-choice-sm-width":300,"gform-image-choice-sm-height":156,"gform-image-choice-md":"https:\/\/www.tourisme-monteregie.qc.ca\/wp-content\/uploads\/2023\/12\/Quartier-DX30-REM_Credit-photo-Tourisme-Monteregie-large-e1704742048665.jpg","gform-image-choice-md-width":400,"gform-image-choice-md-height":208,"gform-image-choice-lg":"https:\/\/www.tourisme-monteregie.qc.ca\/wp-content\/uploads\/2023\/12\/Quartier-DX30-REM_Credit-photo-Tourisme-Monteregie-large-e1704742048665.jpg","gform-image-choice-lg-width":600,"gform-image-choice-lg-height":312}},"banner_title":"Transport","banner_teaser":"","banner_image_mobile":false},"featured_image_urls_v2":{"full":"","thumbnail":"","medium":"","medium_large":"","large":"","1536x1536":"","2048x2048":"","post-thumb":"","imgBannerPopup":"","imgBanner":"","imgBannerFull":"","imgBannerMobile":"","imgBannerMobileSmall":"","imgMember":"","imgMemberSmall":"","imgTeam":"","imgTeamSmall":"","gform-image-choice-sm":"","gform-image-choice-md":"","gform-image-choice-lg":""},"post_excerpt_stackable_v2":"<p>The Mont\u00e9r\u00e9gie Region is easily accessible in so many ways! Its road network, with major arteries such as highways 10, 15, 20, 30, 35 and 40, makes it easier to get to Montreal, Ottawa and even the United States. The region also boasts a highly developed public transit network that allows people to get to major urban centres without having to use their own vehicle. This network includes bus lines, commuter trains, the metro, the R\u00e9seau express m\u00e9tropolitain (REM) and an airport offering flights across Canada.<\/p>\n","category_list_v2":"","author_info_v2":{"name":"mxo","url":"https:\/\/www.tourisme-monteregie.qc.ca\/en\/author\/mxo\/"},"comments_num_v2":"0 comments","yoast_head":"<!-- This site is optimized with the Yoast SEO plugin v27.4 - https:\/\/yoast.com\/product\/yoast-seo-wordpress\/ -->\n<title>Transport | Tourisme Mont\u00e9r\u00e9gie<\/title>\n<meta name=\"robots\" content=\"index, follow, max-snippet:-1, max-image-preview:large, max-video-preview:-1\" \/>\n<link rel=\"canonical\" href=\"https:\/\/www.tourisme-monteregie.qc.ca\/en\/meetings\/transport\/\" \/>\n<meta property=\"og:locale\" content=\"en_US\" \/>\n<meta property=\"og:type\" content=\"article\" \/>\n<meta property=\"og:title\" content=\"Transport | Tourisme Mont\u00e9r\u00e9gie\" \/>\n<meta property=\"og:description\" content=\"The Mont\u00e9r\u00e9gie Region is easily accessible in so many ways! Its road network, with major arteries such as highways 10, 15, 20, 30, 35 and 40, makes it easier to get to Montreal, Ottawa and even...\" \/>\n<meta property=\"og:url\" content=\"https:\/\/www.tourisme-monteregie.qc.ca\/en\/meetings\/transport\/\" \/>\n<meta property=\"og:site_name\" content=\"Tourisme Mont\u00e9r\u00e9gie\" \/>\n<meta property=\"article:publisher\" content=\"https:\/\/www.facebook.com\/tourisme.monteregie\" \/>\n<meta property=\"article:modified_time\" content=\"2023-12-15T19:26:41+00:00\" \/>\n<meta property=\"og:image\" content=\"https:\/\/www.tourisme-monteregie.qc.ca\/wp-content\/uploads\/2025\/02\/share-facebook.png\" \/>\n\t<meta property=\"og:image:width\" content=\"1200\" \/>\n\t<meta property=\"og:image:height\" content=\"630\" \/>\n\t<meta property=\"og:image:type\" content=\"image\/png\" \/>\n<meta name=\"twitter:card\" content=\"summary_large_image\" \/>\n<meta name=\"twitter:site\" content=\"@tourmonteregie\" \/>\n<meta name=\"twitter:label1\" content=\"Est. reading time\" \/>\n\t<meta name=\"twitter:data1\" content=\"1 minute\" \/>\n<script type=\"application\/ld+json\" class=\"yoast-schema-graph\">{\"@context\":\"https:\\\/\\\/schema.org\",\"@graph\":[{\"@type\":\"WebPage\",\"@id\":\"https:\\\/\\\/www.tourisme-monteregie.qc.ca\\\/en\\\/meetings\\\/transport\\\/\",\"url\":\"https:\\\/\\\/www.tourisme-monteregie.qc.ca\\\/en\\\/meetings\\\/transport\\\/\",\"name\":\"Transport | Tourisme Mont\u00e9r\u00e9gie\",\"isPartOf\":{\"@id\":\"https:\\\/\\\/www.tourisme-monteregie.qc.ca\\\/en\\\/#website\"},\"datePublished\":\"2023-12-13T18:44:49+00:00\",\"dateModified\":\"2023-12-15T19:26:41+00:00\",\"breadcrumb\":{\"@id\":\"https:\\\/\\\/www.tourisme-monteregie.qc.ca\\\/en\\\/meetings\\\/transport\\\/#breadcrumb\"},\"inLanguage\":\"en-CA\",\"potentialAction\":[{\"@type\":\"ReadAction\",\"target\":[\"https:\\\/\\\/www.tourisme-monteregie.qc.ca\\\/en\\\/meetings\\\/transport\\\/\"]}]},{\"@type\":\"BreadcrumbList\",\"@id\":\"https:\\\/\\\/www.tourisme-monteregie.qc.ca\\\/en\\\/meetings\\\/transport\\\/#breadcrumb\",\"itemListElement\":[{\"@type\":\"ListItem\",\"position\":1,\"name\":\"Accueil\",\"item\":\"https:\\\/\\\/www.tourisme-monteregie.qc.ca\\\/en\\\/accueil\\\/\"},{\"@type\":\"ListItem\",\"position\":2,\"name\":\"Meetings\",\"item\":\"https:\\\/\\\/www.tourisme-monteregie.qc.ca\\\/en\\\/meetings\\\/\"},{\"@type\":\"ListItem\",\"position\":3,\"name\":\"Transport\"}]},{\"@type\":\"WebSite\",\"@id\":\"https:\\\/\\\/www.tourisme-monteregie.qc.ca\\\/en\\\/#website\",\"url\":\"https:\\\/\\\/www.tourisme-monteregie.qc.ca\\\/en\\\/\",\"name\":\"Tourisme Mont\u00e9r\u00e9gie\",\"description\":\"\",\"publisher\":{\"@id\":\"https:\\\/\\\/www.tourisme-monteregie.qc.ca\\\/en\\\/#organization\"},\"potentialAction\":[{\"@type\":\"SearchAction\",\"target\":{\"@type\":\"EntryPoint\",\"urlTemplate\":\"https:\\\/\\\/www.tourisme-monteregie.qc.ca\\\/en\\\/?s={search_term_string}\"},\"query-input\":{\"@type\":\"PropertyValueSpecification\",\"valueRequired\":true,\"valueName\":\"search_term_string\"}}],\"inLanguage\":\"en-CA\"},{\"@type\":\"Organization\",\"@id\":\"https:\\\/\\\/www.tourisme-monteregie.qc.ca\\\/en\\\/#organization\",\"name\":\"Tourisme Mont\u00e9r\u00e9gie\",\"url\":\"https:\\\/\\\/www.tourisme-monteregie.qc.ca\\\/en\\\/\",\"logo\":{\"@type\":\"ImageObject\",\"inLanguage\":\"en-CA\",\"@id\":\"https:\\\/\\\/www.tourisme-monteregie.qc.ca\\\/en\\\/#\\\/schema\\\/logo\\\/image\\\/\",\"url\":\"https:\\\/\\\/www.tourisme-monteregie.qc.ca\\\/wp-content\\\/uploads\\\/2025\\\/02\\\/cropped-android-chrome-256x256-1.png\",\"contentUrl\":\"https:\\\/\\\/www.tourisme-monteregie.qc.ca\\\/wp-content\\\/uploads\\\/2025\\\/02\\\/cropped-android-chrome-256x256-1.png\",\"width\":512,\"height\":512,\"caption\":\"Tourisme Mont\u00e9r\u00e9gie\"},\"image\":{\"@id\":\"https:\\\/\\\/www.tourisme-monteregie.qc.ca\\\/en\\\/#\\\/schema\\\/logo\\\/image\\\/\"},\"sameAs\":[\"https:\\\/\\\/www.facebook.com\\\/tourisme.monteregie\",\"https:\\\/\\\/x.com\\\/tourmonteregie\",\"https:\\\/\\\/www.instagram.com\\\/tourismemonteregie\\\/\",\"https:\\\/\\\/www.pinterest.ca\\\/tourmonteregie\",\"https:\\\/\\\/www.youtube.com\\\/user\\\/tourismemonteregie\",\"https:\\\/\\\/www.linkedin.com\\\/company\\\/tourisme-monteregie\\\/\"]}]}<\/script>\n<!-- \/ Yoast SEO plugin. -->","yoast_head_json":{"title":"Transport | Tourisme Mont\u00e9r\u00e9gie","robots":{"index":"index","follow":"follow","max-snippet":"max-snippet:-1","max-image-preview":"max-image-preview:large","max-video-preview":"max-video-preview:-1"},"canonical":"https:\/\/www.tourisme-monteregie.qc.ca\/en\/meetings\/transport\/","og_locale":"en_US","og_type":"article","og_title":"Transport | Tourisme Mont\u00e9r\u00e9gie","og_description":"The Mont\u00e9r\u00e9gie Region is easily accessible in so many ways! Its road network, with major arteries such as highways 10, 15, 20, 30, 35 and 40, makes it easier to get to Montreal, Ottawa and even...","og_url":"https:\/\/www.tourisme-monteregie.qc.ca\/en\/meetings\/transport\/","og_site_name":"Tourisme Mont\u00e9r\u00e9gie","article_publisher":"https:\/\/www.facebook.com\/tourisme.monteregie","article_modified_time":"2023-12-15T19:26:41+00:00","og_image":[{"width":1200,"height":630,"url":"https:\/\/www.tourisme-monteregie.qc.ca\/wp-content\/uploads\/2025\/02\/share-facebook.png","type":"image\/png"}],"twitter_card":"summary_large_image","twitter_site":"@tourmonteregie","twitter_misc":{"Est. reading time":"1 minute"},"schema":{"@context":"https:\/\/schema.org","@graph":[{"@type":"WebPage","@id":"https:\/\/www.tourisme-monteregie.qc.ca\/en\/meetings\/transport\/","url":"https:\/\/www.tourisme-monteregie.qc.ca\/en\/meetings\/transport\/","name":"Transport | Tourisme Mont\u00e9r\u00e9gie","isPartOf":{"@id":"https:\/\/www.tourisme-monteregie.qc.ca\/en\/#website"},"datePublished":"2023-12-13T18:44:49+00:00","dateModified":"2023-12-15T19:26:41+00:00","breadcrumb":{"@id":"https:\/\/www.tourisme-monteregie.qc.ca\/en\/meetings\/transport\/#breadcrumb"},"inLanguage":"en-CA","potentialAction":[{"@type":"ReadAction","target":["https:\/\/www.tourisme-monteregie.qc.ca\/en\/meetings\/transport\/"]}]},{"@type":"BreadcrumbList","@id":"https:\/\/www.tourisme-monteregie.qc.ca\/en\/meetings\/transport\/#breadcrumb","itemListElement":[{"@type":"ListItem","position":1,"name":"Accueil","item":"https:\/\/www.tourisme-monteregie.qc.ca\/en\/accueil\/"},{"@type":"ListItem","position":2,"name":"Meetings","item":"https:\/\/www.tourisme-monteregie.qc.ca\/en\/meetings\/"},{"@type":"ListItem","position":3,"name":"Transport"}]},{"@type":"WebSite","@id":"https:\/\/www.tourisme-monteregie.qc.ca\/en\/#website","url":"https:\/\/www.tourisme-monteregie.qc.ca\/en\/","name":"Tourisme Mont\u00e9r\u00e9gie","description":"","publisher":{"@id":"https:\/\/www.tourisme-monteregie.qc.ca\/en\/#organization"},"potentialAction":[{"@type":"SearchAction","target":{"@type":"EntryPoint","urlTemplate":"https:\/\/www.tourisme-monteregie.qc.ca\/en\/?s={search_term_string}"},"query-input":{"@type":"PropertyValueSpecification","valueRequired":true,"valueName":"search_term_string"}}],"inLanguage":"en-CA"},{"@type":"Organization","@id":"https:\/\/www.tourisme-monteregie.qc.ca\/en\/#organization","name":"Tourisme Mont\u00e9r\u00e9gie","url":"https:\/\/www.tourisme-monteregie.qc.ca\/en\/","logo":{"@type":"ImageObject","inLanguage":"en-CA","@id":"https:\/\/www.tourisme-monteregie.qc.ca\/en\/#\/schema\/logo\/image\/","url":"https:\/\/www.tourisme-monteregie.qc.ca\/wp-content\/uploads\/2025\/02\/cropped-android-chrome-256x256-1.png","contentUrl":"https:\/\/www.tourisme-monteregie.qc.ca\/wp-content\/uploads\/2025\/02\/cropped-android-chrome-256x256-1.png","width":512,"height":512,"caption":"Tourisme Mont\u00e9r\u00e9gie"},"image":{"@id":"https:\/\/www.tourisme-monteregie.qc.ca\/en\/#\/schema\/logo\/image\/"},"sameAs":["https:\/\/www.facebook.com\/tourisme.monteregie","https:\/\/x.com\/tourmonteregie","https:\/\/www.instagram.com\/tourismemonteregie\/","https:\/\/www.pinterest.ca\/tourmonteregie","https:\/\/www.youtube.com\/user\/tourismemonteregie","https:\/\/www.linkedin.com\/company\/tourisme-monteregie\/"]}]}},"_links":{"self":[{"href":"https:\/\/www.tourisme-monteregie.qc.ca\/en\/wp-json\/wp\/v2\/pages\/69648","targetHints":{"allow":["GET"]}}],"collection":[{"href":"https:\/\/www.tourisme-monteregie.qc.ca\/en\/wp-json\/wp\/v2\/pages"}],"about":[{"href":"https:\/\/www.tourisme-monteregie.qc.ca\/en\/wp-json\/wp\/v2\/types\/page"}],"author":[{"embeddable":true,"href":"https:\/\/www.tourisme-monteregie.qc.ca\/en\/wp-json\/wp\/v2\/users\/2"}],"replies":[{"embeddable":true,"href":"https:\/\/www.tourisme-monteregie.qc.ca\/en\/wp-json\/wp\/v2\/comments?post=69648"}],"version-history":[{"count":5,"href":"https:\/\/www.tourisme-monteregie.qc.ca\/en\/wp-json\/wp\/v2\/pages\/69648\/revisions"}],"predecessor-version":[{"id":69756,"href":"https:\/\/www.tourisme-monteregie.qc.ca\/en\/wp-json\/wp\/v2\/pages\/69648\/revisions\/69756"}],"up":[{"embeddable":true,"href":"https:\/\/www.tourisme-monteregie.qc.ca\/en\/wp-json\/wp\/v2\/pages\/43046"}],"wp:attachment":[{"href":"https:\/\/www.tourisme-monteregie.qc.ca\/en\/wp-json\/wp\/v2\/media?parent=69648"}],"curies":[{"name":"wp","href":"https:\/\/api.w.org\/{rel}","templated":true}]}}