{"id":96814,"date":"2025-08-25T15:58:33","date_gmt":"2025-08-25T19:58:33","guid":{"rendered":"https:\/\/www.tourisme-monteregie.qc.ca\/?page_id=96814"},"modified":"2025-08-28T15:17:40","modified_gmt":"2025-08-28T19:17:40","slug":"pick-your-own-autumn","status":"publish","type":"page","link":"https:\/\/www.tourisme-monteregie.qc.ca\/en\/inspirations\/pick-your-own-autumn\/","title":{"rendered":"Pick-your-own"},"content":{"rendered":"","protected":false},"excerpt":{"rendered":"","protected":false},"author":23,"featured_media":96823,"parent":47275,"menu_order":7,"comment_status":"closed","ping_status":"closed","template":"templates\/tpl_landing.php","meta":{"_acf_changed":false,"inline_featured_image":false,"footnotes":""},"class_list":["post-96814","page","type-page","status-publish","has-post-thumbnail","hentry"],"acf":{"bloc_dimages":[{"acf_fc_layout":"bloc_4","ancre":"","image_de_gauche":{"image":"https:\/\/www.tourisme-monteregie.qc.ca\/wp-content\/uploads\/2025\/08\/Verger-Labonte.jpg","texte_du_lien":"Where to pick your apples?","lien":"https:\/\/www.tourisme-monteregie.qc.ca\/blogue\/agrement\/articles\/ou-cueillir-vos-pommes\/","fond_transparent":false},"bloc_texte_principal":{"titre":"Enjoy Mont\u00e9r\u00e9gie!","texte":"<p>Starting in June, the Mont\u00e9r\u00e9gie region becomes a gourmet playground with its fields of ripe strawberries, followed in July by raspberries, blueberries, and haskap berries. In August, the orchards slowly open up to the first apples, and the gardens are overflowing with crisp vegetables that you can pick yourself. To see a list of places offering pick-your-own, horticultural tours, and farm visits, click <a href=\"https:\/\/www.tourisme-monteregie.qc.ca\/en\/member\/category\/things-to-do\/regional-delights\/pick-your-own-horticultural-visits-and-farm-tour\/\" target=\"_blank\" rel=\"noopener\">here<\/a>.<\/p>\n<p>&nbsp;<\/p>\n","couleur_du_texte":""},"image_de_droite":{"image":"https:\/\/www.tourisme-monteregie.qc.ca\/wp-content\/uploads\/2025\/08\/Citrouilles_verger_labonte.jpg","texte_du_lien":"Where to pick pumpkins?","lien":"https:\/\/www.tourisme-monteregie.qc.ca\/blogue\/agrement\/articles\/ou-cueillir-vos-citrouilles\/","fond_transparent":false}},{"acf_fc_layout":"bloc_2","ancre":"","image_de_gauche":{"image":"https:\/\/www.tourisme-monteregie.qc.ca\/wp-content\/uploads\/2025\/08\/Potager-Mont-Rouge-Halte-Gourmande_piments.jpg","texte_du_lien":"Where to stock up on fall vegetables","lien":"https:\/\/www.tourisme-monteregie.qc.ca\/blogue\/agrement\/articles\/legumes-automne-monteregie\/","fond_transparent":true},"image_du_centre":{"image":"https:\/\/www.tourisme-monteregie.qc.ca\/wp-content\/uploads\/2025\/08\/poires.jpg","texte_du_lien":"Vergers \u00e9cologiques Philion","lien":"https:\/\/www.tourisme-monteregie.qc.ca\/en\/member\/vergers-ecologiques-philion\/","fond_transparent":true},"image_de_droite":{"image":"https:\/\/www.tourisme-monteregie.qc.ca\/wp-content\/uploads\/2025\/08\/Potager-Mont-Rouge-Halte-Gourmande_pommes.jpg","texte_du_lien":"Verger de la Savane","lien":"https:\/\/www.tourisme-monteregie.qc.ca\/en\/member\/verger-de-la-savane-legumes-charbonneau\/","fond_transparent":true}},{"acf_fc_layout":"bloc_1","ancre":"","image_de_gauche":{"image":"https:\/\/www.tourisme-monteregie.qc.ca\/wp-content\/uploads\/2021\/07\/Potager-mont-rouge_405x545.jpg","texte_du_lien":"Potager Mont-Rouge Halte Gourmande","lien":"https:\/\/www.tourisme-monteregie.qc.ca\/en\/member\/potager-mont-rouge-halte-gourmande-2\/","fond_transparent":true},"bloc_texte_principal":{"titre":"Guaranteed fun!","texte":"<p>\nJust a few miles from the city, the Mont\u00e9r\u00e9gie region offers an accessible, lively, and delicious rural getaway.<\/p>\n","couleur_du_texte":"#183324"},"image_de_droite":{"image":"https:\/\/www.tourisme-monteregie.qc.ca\/wp-content\/uploads\/2025\/06\/Ferme_Mihouli_405x545.png","texte_du_lien":"Ferme du Mihouli, culture du kiwi","lien":"https:\/\/www.tourisme-monteregie.qc.ca\/en\/member\/ferme-du-mihouli-culture-du-kiwi\/","fond_transparent":true},"bloc_titre_bas":{"titre":" There are wonderful discoveries to be made in Mont\u00e9r\u00e9gie! Be impressed by the diversity of the region's agrotourism offerings.","couleur_du_texte":"#667d41"},"image_du_bas":{"image":"https:\/\/www.tourisme-monteregie.qc.ca\/wp-content\/uploads\/2025\/08\/Verger-et-cidrerie-Petch.jpg","texte_du_lien":"Verger Petch","lien":"https:\/\/www.tourisme-monteregie.qc.ca\/en\/member\/vergers-petch-cidrerie-et-distillerie-c-e-petch\/","fond_transparent":true}},{"acf_fc_layout":"bloc_3","ancre":"","image_de_gauche":{"image":"https:\/\/www.tourisme-monteregie.qc.ca\/wp-content\/uploads\/2025\/08\/Citrouilleville.jpg","texte_du_lien":"Citrouilleville","lien":"https:\/\/www.tourisme-monteregie.qc.ca\/en\/member\/citrouilleville\/","fond_transparent":true},"bloc_titre_centre":{"titre":" Activities for the whole family!","couleur_du_texte":"#183324"},"image_de_droite":{"image":"https:\/\/www.tourisme-monteregie.qc.ca\/wp-content\/uploads\/2025\/08\/Verger-et-cidrerie-Denis-Charbonneau-citrouille.jpg","texte_du_lien":"Verger et cidrerie Denis Charbonneau","lien":"https:\/\/www.tourisme-monteregie.qc.ca\/en\/member\/les-vergers-denis-charbonneau-inc\/","fond_transparent":true},"image_du_bas":{"image":"https:\/\/www.tourisme-monteregie.qc.ca\/wp-content\/uploads\/2025\/08\/verger-labonte-1.jpg","texte_du_lien":"Verger Labont\u00e9","lien":"https:\/\/www.tourisme-monteregie.qc.ca\/en\/member\/verger-labonte\/","fond_transparent":true}},{"acf_fc_layout":"bloc_2","ancre":"","image_de_gauche":{"image":"https:\/\/www.tourisme-monteregie.qc.ca\/wp-content\/uploads\/2025\/08\/atichauts.jpg","texte_du_lien":"\u200b La ferme \u00ab La Fille du Roy \u00bb","lien":"https:\/\/www.tourisme-monteregie.qc.ca\/en\/member\/ferme-la-fille-du-roy\/","fond_transparent":false},"image_du_centre":{"image":"https:\/\/www.tourisme-monteregie.qc.ca\/wp-content\/uploads\/2025\/08\/Verger-Petch_credit-photo-Tourisme-Monteregie-custom.jpg","texte_du_lien":"Pick-your-own, horticultural tour, and farm tour","lien":"https:\/\/www.tourisme-monteregie.qc.ca\/en\/member\/category\/things-to-do\/regional-delights\/pick-your-own-horticultural-visits-and-farm-tour\/","fond_transparent":false},"image_de_droite":{"image":"https:\/\/www.tourisme-monteregie.qc.ca\/wp-content\/uploads\/2025\/08\/pommes.jpg","texte_du_lien":"Our regional delights","lien":"https:\/\/www.tourisme-monteregie.qc.ca\/en\/member\/category\/things-to-do\/regional-delights\/","fond_transparent":false}},{"acf_fc_layout":"bloc_5","ancre":"","nouveau_visuel":false,"titre":"Get inspired!","couleur_du_titre":"#000000","images":[{"couleur":"","image":"https:\/\/www.tourisme-monteregie.qc.ca\/wp-content\/uploads\/2025\/04\/Escapades_ete_376x282.jpg","texte":"Gateway","lien":"https:\/\/www.tourisme-monteregie.qc.ca\/en\/inspirations\/getaway\/"},{"couleur":"","image":"https:\/\/www.tourisme-monteregie.qc.ca\/wp-content\/uploads\/2025\/05\/slider-velo-370x315-1.jpg","texte":"Cyclo-tourism","lien":"https:\/\/www.tourisme-monteregie.qc.ca\/en\/inspirations\/cyclo-tourism\/"},{"couleur":"","image":"https:\/\/www.tourisme-monteregie.qc.ca\/wp-content\/uploads\/2025\/04\/Plein_air_ete_376x282.jpg","texte":"Outdoor activities","lien":"https:\/\/www.tourisme-monteregie.qc.ca\/en\/inspirations\/outdoor-activities-summer\/"},{"couleur":"","image":"https:\/\/www.tourisme-monteregie.qc.ca\/wp-content\/uploads\/2025\/06\/slidder_376x282_gout_Monteregie.png","texte":"A Taste of Mont\u00e9r\u00e9gie","lien":"https:\/\/www.tourisme-monteregie.qc.ca\/en\/inspirations\/a-taste-of-monteregie\/"},{"couleur":"","image":"https:\/\/www.tourisme-monteregie.qc.ca\/wp-content\/uploads\/2021\/07\/vireesdenosinvites_370x315.jpg","texte":"Our guests' trips","lien":"https:\/\/www.tourisme-monteregie.qc.ca\/en\/course\/category\/our-guests-trips\/"},{"couleur":"","image":"https:\/\/www.tourisme-monteregie.qc.ca\/wp-content\/uploads\/2025\/04\/Slider_Foodies-e1745240402986.jpg","texte":"Local flavours","lien":"https:\/\/www.tourisme-monteregie.qc.ca\/en\/inspirations\/saveurs-locales\/"},{"couleur":"","image":"https:\/\/www.tourisme-monteregie.qc.ca\/wp-content\/uploads\/2025\/05\/traditions-autochtones-370x315-1.jpg","texte":"Indigenous traditions","lien":"https:\/\/www.tourisme-monteregie.qc.ca\/en\/inspirations\/traditions-autochtones\/"}]}],"en-tete_1":{"image_de_gauche":"https:\/\/www.tourisme-monteregie.qc.ca\/wp-content\/uploads\/2025\/05\/artichauds-464x668-1.jpg","image_du_centre":"https:\/\/www.tourisme-monteregie.qc.ca\/wp-content\/uploads\/2025\/08\/Coteau-Rougemont-Vignoble-Cidrerie.jpg","image_de_droite":"https:\/\/www.tourisme-monteregie.qc.ca\/wp-content\/uploads\/2025\/08\/Verger-du-Flanc-Nord.jpg","video_replace_img_droite":false,"couleur_du_fond_du_lien_transparent":true,"texte_du_lien":"Apples as early as August","lien":"https:\/\/www.tourisme-monteregie.qc.ca\/en\/member\/category\/things-to-do\/regional-delights\/orchards-and-cider-mills\/","couleur_de_fond_transparent":false,"couleur_du_fond_du_texte":"#667d41","bloc_de_texte":"<p>A true paradise for pick-your-own fruit lovers, the region is renowned for the diversity of its crops and the warm welcome offered by its producers. Whether for a family outing, a romantic getaway, or an impromptu trip, it&#8217;s the perfect opportunity to get some fresh air, savor the moment, and fill your basket with local produce.<\/p>\n"},"type_dentete":"head1","couleurs":{"couleur_principal":"#667d41"},"title_banner":false,"title_banner_bg_bleed":false,"fullwidth_page":false,"google_ads_key":"","active_ga4_event":false},"featured_image_urls_v2":{"full":["https:\/\/www.tourisme-monteregie.qc.ca\/wp-content\/uploads\/2025\/08\/Verger-Labonte.jpg",780,512,false],"thumbnail":["https:\/\/www.tourisme-monteregie.qc.ca\/wp-content\/uploads\/2025\/08\/Verger-Labonte-150x150.jpg",150,150,true],"medium":["https:\/\/www.tourisme-monteregie.qc.ca\/wp-content\/uploads\/2025\/08\/Verger-Labonte-300x197.jpg",300,197,true],"medium_large":["https:\/\/www.tourisme-monteregie.qc.ca\/wp-content\/uploads\/2025\/08\/Verger-Labonte-768x504.jpg",768,504,true],"large":["https:\/\/www.tourisme-monteregie.qc.ca\/wp-content\/uploads\/2025\/08\/Verger-Labonte.jpg",780,512,false],"1536x1536":["https:\/\/www.tourisme-monteregie.qc.ca\/wp-content\/uploads\/2025\/08\/Verger-Labonte.jpg",780,512,false],"2048x2048":["https:\/\/www.tourisme-monteregie.qc.ca\/wp-content\/uploads\/2025\/08\/Verger-Labonte.jpg",780,512,false],"post-thumb":["https:\/\/www.tourisme-monteregie.qc.ca\/wp-content\/uploads\/2025\/08\/Verger-Labonte-275x181.jpg",275,181,true],"imgBannerPopup":["https:\/\/www.tourisme-monteregie.qc.ca\/wp-content\/uploads\/2025\/08\/Verger-Labonte.jpg",780,512,false],"imgBanner":["https:\/\/www.tourisme-monteregie.qc.ca\/wp-content\/uploads\/2025\/08\/Verger-Labonte.jpg",780,512,false],"imgBannerFull":["https:\/\/www.tourisme-monteregie.qc.ca\/wp-content\/uploads\/2025\/08\/Verger-Labonte.jpg",780,512,false],"imgBannerMobile":["https:\/\/www.tourisme-monteregie.qc.ca\/wp-content\/uploads\/2025\/08\/Verger-Labonte-650x512.jpg",650,512,true],"imgBannerMobileSmall":["https:\/\/www.tourisme-monteregie.qc.ca\/wp-content\/uploads\/2025\/08\/Verger-Labonte-400x400.jpg",400,400,true],"imgMember":["https:\/\/www.tourisme-monteregie.qc.ca\/wp-content\/uploads\/2025\/08\/Verger-Labonte-750x512.jpg",750,512,true],"imgMemberSmall":["https:\/\/www.tourisme-monteregie.qc.ca\/wp-content\/uploads\/2025\/08\/Verger-Labonte-400x263.jpg",400,263,true],"imgTeam":["https:\/\/www.tourisme-monteregie.qc.ca\/wp-content\/uploads\/2025\/08\/Verger-Labonte-540x400.jpg",540,400,true],"imgTeamSmall":["https:\/\/www.tourisme-monteregie.qc.ca\/wp-content\/uploads\/2025\/08\/Verger-Labonte-270x177.jpg",270,177,true],"gform-image-choice-sm":["https:\/\/www.tourisme-monteregie.qc.ca\/wp-content\/uploads\/2025\/08\/Verger-Labonte.jpg",300,197,false],"gform-image-choice-md":["https:\/\/www.tourisme-monteregie.qc.ca\/wp-content\/uploads\/2025\/08\/Verger-Labonte.jpg",400,263,false],"gform-image-choice-lg":["https:\/\/www.tourisme-monteregie.qc.ca\/wp-content\/uploads\/2025\/08\/Verger-Labonte.jpg",600,394,false]},"post_excerpt_stackable_v2":"","category_list_v2":"","author_info_v2":{"name":"Marie-Eve Fontaine","url":"https:\/\/www.tourisme-monteregie.qc.ca\/en\/author\/mefontaine\/"},"comments_num_v2":"0 comments","yoast_head":"<!-- This site is optimized with the Yoast SEO plugin v27.5 - https:\/\/yoast.com\/product\/yoast-seo-wordpress\/ -->\n<title>Pick-your-own | Tourisme Mont\u00e9r\u00e9gie<\/title>\n<meta name=\"robots\" content=\"index, follow, max-snippet:-1, max-image-preview:large, max-video-preview:-1\" \/>\n<link rel=\"canonical\" href=\"https:\/\/www.tourisme-monteregie.qc.ca\/en\/inspirations\/pick-your-own-autumn\/\" \/>\n<meta property=\"og:locale\" content=\"en_US\" \/>\n<meta property=\"og:type\" content=\"article\" \/>\n<meta property=\"og:title\" content=\"Pick-your-own | Tourisme Mont\u00e9r\u00e9gie\" \/>\n<meta property=\"og:url\" content=\"https:\/\/www.tourisme-monteregie.qc.ca\/en\/inspirations\/pick-your-own-autumn\/\" \/>\n<meta property=\"og:site_name\" content=\"Tourisme Mont\u00e9r\u00e9gie\" \/>\n<meta property=\"article:publisher\" content=\"https:\/\/www.facebook.com\/tourisme.monteregie\" \/>\n<meta property=\"article:modified_time\" content=\"2025-08-28T19:17:40+00:00\" \/>\n<meta property=\"og:image\" content=\"https:\/\/www.tourisme-monteregie.qc.ca\/wp-content\/uploads\/2025\/08\/Verger-Labonte.jpg\" \/>\n\t<meta property=\"og:image:width\" content=\"780\" \/>\n\t<meta property=\"og:image:height\" content=\"512\" \/>\n\t<meta property=\"og:image:type\" content=\"image\/jpeg\" \/>\n<meta name=\"twitter:card\" content=\"summary_large_image\" \/>\n<meta name=\"twitter:site\" content=\"@tourmonteregie\" \/>\n<meta name=\"twitter:label1\" content=\"Est. reading time\" \/>\n\t<meta name=\"twitter:data1\" content=\"7 minutes\" \/>\n<script type=\"application\/ld+json\" class=\"yoast-schema-graph\">{\"@context\":\"https:\\\/\\\/schema.org\",\"@graph\":[{\"@type\":\"WebPage\",\"@id\":\"https:\\\/\\\/www.tourisme-monteregie.qc.ca\\\/en\\\/inspirations\\\/pick-your-own-autumn\\\/\",\"url\":\"https:\\\/\\\/www.tourisme-monteregie.qc.ca\\\/en\\\/inspirations\\\/pick-your-own-autumn\\\/\",\"name\":\"Pick-your-own | Tourisme Mont\u00e9r\u00e9gie\",\"isPartOf\":{\"@id\":\"https:\\\/\\\/www.tourisme-monteregie.qc.ca\\\/en\\\/#website\"},\"primaryImageOfPage\":{\"@id\":\"https:\\\/\\\/www.tourisme-monteregie.qc.ca\\\/en\\\/inspirations\\\/pick-your-own-autumn\\\/#primaryimage\"},\"image\":{\"@id\":\"https:\\\/\\\/www.tourisme-monteregie.qc.ca\\\/en\\\/inspirations\\\/pick-your-own-autumn\\\/#primaryimage\"},\"thumbnailUrl\":\"https:\\\/\\\/www.tourisme-monteregie.qc.ca\\\/wp-content\\\/uploads\\\/2025\\\/08\\\/Verger-Labonte.jpg\",\"datePublished\":\"2025-08-25T19:58:33+00:00\",\"dateModified\":\"2025-08-28T19:17:40+00:00\",\"breadcrumb\":{\"@id\":\"https:\\\/\\\/www.tourisme-monteregie.qc.ca\\\/en\\\/inspirations\\\/pick-your-own-autumn\\\/#breadcrumb\"},\"inLanguage\":\"en-CA\",\"potentialAction\":[{\"@type\":\"ReadAction\",\"target\":[\"https:\\\/\\\/www.tourisme-monteregie.qc.ca\\\/en\\\/inspirations\\\/pick-your-own-autumn\\\/\"]}]},{\"@type\":\"ImageObject\",\"inLanguage\":\"en-CA\",\"@id\":\"https:\\\/\\\/www.tourisme-monteregie.qc.ca\\\/en\\\/inspirations\\\/pick-your-own-autumn\\\/#primaryimage\",\"url\":\"https:\\\/\\\/www.tourisme-monteregie.qc.ca\\\/wp-content\\\/uploads\\\/2025\\\/08\\\/Verger-Labonte.jpg\",\"contentUrl\":\"https:\\\/\\\/www.tourisme-monteregie.qc.ca\\\/wp-content\\\/uploads\\\/2025\\\/08\\\/Verger-Labonte.jpg\",\"width\":780,\"height\":512},{\"@type\":\"BreadcrumbList\",\"@id\":\"https:\\\/\\\/www.tourisme-monteregie.qc.ca\\\/en\\\/inspirations\\\/pick-your-own-autumn\\\/#breadcrumb\",\"itemListElement\":[{\"@type\":\"ListItem\",\"position\":1,\"name\":\"Accueil\",\"item\":\"https:\\\/\\\/www.tourisme-monteregie.qc.ca\\\/en\\\/accueil\\\/\"},{\"@type\":\"ListItem\",\"position\":2,\"name\":\"Inspirations\",\"item\":\"https:\\\/\\\/www.tourisme-monteregie.qc.ca\\\/en\\\/inspirations\\\/?season=fall\"},{\"@type\":\"ListItem\",\"position\":3,\"name\":\"Pick-your-own\"}]},{\"@type\":\"WebSite\",\"@id\":\"https:\\\/\\\/www.tourisme-monteregie.qc.ca\\\/en\\\/#website\",\"url\":\"https:\\\/\\\/www.tourisme-monteregie.qc.ca\\\/en\\\/\",\"name\":\"Tourisme Mont\u00e9r\u00e9gie\",\"description\":\"\",\"publisher\":{\"@id\":\"https:\\\/\\\/www.tourisme-monteregie.qc.ca\\\/en\\\/#organization\"},\"potentialAction\":[{\"@type\":\"SearchAction\",\"target\":{\"@type\":\"EntryPoint\",\"urlTemplate\":\"https:\\\/\\\/www.tourisme-monteregie.qc.ca\\\/en\\\/?s={search_term_string}\"},\"query-input\":{\"@type\":\"PropertyValueSpecification\",\"valueRequired\":true,\"valueName\":\"search_term_string\"}}],\"inLanguage\":\"en-CA\"},{\"@type\":\"Organization\",\"@id\":\"https:\\\/\\\/www.tourisme-monteregie.qc.ca\\\/en\\\/#organization\",\"name\":\"Tourisme Mont\u00e9r\u00e9gie\",\"url\":\"https:\\\/\\\/www.tourisme-monteregie.qc.ca\\\/en\\\/\",\"logo\":{\"@type\":\"ImageObject\",\"inLanguage\":\"en-CA\",\"@id\":\"https:\\\/\\\/www.tourisme-monteregie.qc.ca\\\/en\\\/#\\\/schema\\\/logo\\\/image\\\/\",\"url\":\"https:\\\/\\\/www.tourisme-monteregie.qc.ca\\\/wp-content\\\/uploads\\\/2025\\\/02\\\/cropped-android-chrome-256x256-1.png\",\"contentUrl\":\"https:\\\/\\\/www.tourisme-monteregie.qc.ca\\\/wp-content\\\/uploads\\\/2025\\\/02\\\/cropped-android-chrome-256x256-1.png\",\"width\":512,\"height\":512,\"caption\":\"Tourisme Mont\u00e9r\u00e9gie\"},\"image\":{\"@id\":\"https:\\\/\\\/www.tourisme-monteregie.qc.ca\\\/en\\\/#\\\/schema\\\/logo\\\/image\\\/\"},\"sameAs\":[\"https:\\\/\\\/www.facebook.com\\\/tourisme.monteregie\",\"https:\\\/\\\/x.com\\\/tourmonteregie\",\"https:\\\/\\\/www.instagram.com\\\/tourismemonteregie\\\/\",\"https:\\\/\\\/www.pinterest.ca\\\/tourmonteregie\",\"https:\\\/\\\/www.youtube.com\\\/user\\\/tourismemonteregie\",\"https:\\\/\\\/www.linkedin.com\\\/company\\\/tourisme-monteregie\\\/\"]}]}<\/script>\n<!-- \/ Yoast SEO plugin. -->","yoast_head_json":{"title":"Pick-your-own | Tourisme Mont\u00e9r\u00e9gie","robots":{"index":"index","follow":"follow","max-snippet":"max-snippet:-1","max-image-preview":"max-image-preview:large","max-video-preview":"max-video-preview:-1"},"canonical":"https:\/\/www.tourisme-monteregie.qc.ca\/en\/inspirations\/pick-your-own-autumn\/","og_locale":"en_US","og_type":"article","og_title":"Pick-your-own | Tourisme Mont\u00e9r\u00e9gie","og_url":"https:\/\/www.tourisme-monteregie.qc.ca\/en\/inspirations\/pick-your-own-autumn\/","og_site_name":"Tourisme Mont\u00e9r\u00e9gie","article_publisher":"https:\/\/www.facebook.com\/tourisme.monteregie","article_modified_time":"2025-08-28T19:17:40+00:00","og_image":[{"width":780,"height":512,"url":"https:\/\/www.tourisme-monteregie.qc.ca\/wp-content\/uploads\/2025\/08\/Verger-Labonte.jpg","type":"image\/jpeg"}],"twitter_card":"summary_large_image","twitter_site":"@tourmonteregie","twitter_misc":{"Est. reading time":"7 minutes"},"schema":{"@context":"https:\/\/schema.org","@graph":[{"@type":"WebPage","@id":"https:\/\/www.tourisme-monteregie.qc.ca\/en\/inspirations\/pick-your-own-autumn\/","url":"https:\/\/www.tourisme-monteregie.qc.ca\/en\/inspirations\/pick-your-own-autumn\/","name":"Pick-your-own | Tourisme Mont\u00e9r\u00e9gie","isPartOf":{"@id":"https:\/\/www.tourisme-monteregie.qc.ca\/en\/#website"},"primaryImageOfPage":{"@id":"https:\/\/www.tourisme-monteregie.qc.ca\/en\/inspirations\/pick-your-own-autumn\/#primaryimage"},"image":{"@id":"https:\/\/www.tourisme-monteregie.qc.ca\/en\/inspirations\/pick-your-own-autumn\/#primaryimage"},"thumbnailUrl":"https:\/\/www.tourisme-monteregie.qc.ca\/wp-content\/uploads\/2025\/08\/Verger-Labonte.jpg","datePublished":"2025-08-25T19:58:33+00:00","dateModified":"2025-08-28T19:17:40+00:00","breadcrumb":{"@id":"https:\/\/www.tourisme-monteregie.qc.ca\/en\/inspirations\/pick-your-own-autumn\/#breadcrumb"},"inLanguage":"en-CA","potentialAction":[{"@type":"ReadAction","target":["https:\/\/www.tourisme-monteregie.qc.ca\/en\/inspirations\/pick-your-own-autumn\/"]}]},{"@type":"ImageObject","inLanguage":"en-CA","@id":"https:\/\/www.tourisme-monteregie.qc.ca\/en\/inspirations\/pick-your-own-autumn\/#primaryimage","url":"https:\/\/www.tourisme-monteregie.qc.ca\/wp-content\/uploads\/2025\/08\/Verger-Labonte.jpg","contentUrl":"https:\/\/www.tourisme-monteregie.qc.ca\/wp-content\/uploads\/2025\/08\/Verger-Labonte.jpg","width":780,"height":512},{"@type":"BreadcrumbList","@id":"https:\/\/www.tourisme-monteregie.qc.ca\/en\/inspirations\/pick-your-own-autumn\/#breadcrumb","itemListElement":[{"@type":"ListItem","position":1,"name":"Accueil","item":"https:\/\/www.tourisme-monteregie.qc.ca\/en\/accueil\/"},{"@type":"ListItem","position":2,"name":"Inspirations","item":"https:\/\/www.tourisme-monteregie.qc.ca\/en\/inspirations\/?season=fall"},{"@type":"ListItem","position":3,"name":"Pick-your-own"}]},{"@type":"WebSite","@id":"https:\/\/www.tourisme-monteregie.qc.ca\/en\/#website","url":"https:\/\/www.tourisme-monteregie.qc.ca\/en\/","name":"Tourisme Mont\u00e9r\u00e9gie","description":"","publisher":{"@id":"https:\/\/www.tourisme-monteregie.qc.ca\/en\/#organization"},"potentialAction":[{"@type":"SearchAction","target":{"@type":"EntryPoint","urlTemplate":"https:\/\/www.tourisme-monteregie.qc.ca\/en\/?s={search_term_string}"},"query-input":{"@type":"PropertyValueSpecification","valueRequired":true,"valueName":"search_term_string"}}],"inLanguage":"en-CA"},{"@type":"Organization","@id":"https:\/\/www.tourisme-monteregie.qc.ca\/en\/#organization","name":"Tourisme Mont\u00e9r\u00e9gie","url":"https:\/\/www.tourisme-monteregie.qc.ca\/en\/","logo":{"@type":"ImageObject","inLanguage":"en-CA","@id":"https:\/\/www.tourisme-monteregie.qc.ca\/en\/#\/schema\/logo\/image\/","url":"https:\/\/www.tourisme-monteregie.qc.ca\/wp-content\/uploads\/2025\/02\/cropped-android-chrome-256x256-1.png","contentUrl":"https:\/\/www.tourisme-monteregie.qc.ca\/wp-content\/uploads\/2025\/02\/cropped-android-chrome-256x256-1.png","width":512,"height":512,"caption":"Tourisme Mont\u00e9r\u00e9gie"},"image":{"@id":"https:\/\/www.tourisme-monteregie.qc.ca\/en\/#\/schema\/logo\/image\/"},"sameAs":["https:\/\/www.facebook.com\/tourisme.monteregie","https:\/\/x.com\/tourmonteregie","https:\/\/www.instagram.com\/tourismemonteregie\/","https:\/\/www.pinterest.ca\/tourmonteregie","https:\/\/www.youtube.com\/user\/tourismemonteregie","https:\/\/www.linkedin.com\/company\/tourisme-monteregie\/"]}]}},"_links":{"self":[{"href":"https:\/\/www.tourisme-monteregie.qc.ca\/en\/wp-json\/wp\/v2\/pages\/96814","targetHints":{"allow":["GET"]}}],"collection":[{"href":"https:\/\/www.tourisme-monteregie.qc.ca\/en\/wp-json\/wp\/v2\/pages"}],"about":[{"href":"https:\/\/www.tourisme-monteregie.qc.ca\/en\/wp-json\/wp\/v2\/types\/page"}],"author":[{"embeddable":true,"href":"https:\/\/www.tourisme-monteregie.qc.ca\/en\/wp-json\/wp\/v2\/users\/23"}],"replies":[{"embeddable":true,"href":"https:\/\/www.tourisme-monteregie.qc.ca\/en\/wp-json\/wp\/v2\/comments?post=96814"}],"version-history":[{"count":4,"href":"https:\/\/www.tourisme-monteregie.qc.ca\/en\/wp-json\/wp\/v2\/pages\/96814\/revisions"}],"predecessor-version":[{"id":97223,"href":"https:\/\/www.tourisme-monteregie.qc.ca\/en\/wp-json\/wp\/v2\/pages\/96814\/revisions\/97223"}],"up":[{"embeddable":true,"href":"https:\/\/www.tourisme-monteregie.qc.ca\/en\/wp-json\/wp\/v2\/pages\/47275"}],"wp:featuredmedia":[{"embeddable":true,"href":"https:\/\/www.tourisme-monteregie.qc.ca\/en\/wp-json\/wp\/v2\/media\/96823"}],"wp:attachment":[{"href":"https:\/\/www.tourisme-monteregie.qc.ca\/en\/wp-json\/wp\/v2\/media?parent=96814"}],"curies":[{"name":"wp","href":"https:\/\/api.w.org\/{rel}","templated":true}]}}