{"id":98205,"date":"2026-04-07T14:05:37","date_gmt":"2026-04-07T18:05:37","guid":{"rendered":"https:\/\/www.tourisme-monteregie.qc.ca\/?page_id=98205"},"modified":"2026-04-07T14:05:40","modified_gmt":"2026-04-07T18:05:40","slug":"one-region-four-seasons","status":"publish","type":"page","link":"https:\/\/www.tourisme-monteregie.qc.ca\/en\/meetings\/one-region-four-seasons\/","title":{"rendered":"One region, four seasons"},"content":{"rendered":"","protected":false},"excerpt":{"rendered":"","protected":false},"author":23,"featured_media":0,"parent":43046,"menu_order":0,"comment_status":"closed","ping_status":"closed","template":"templates\/tpl_base_affaires.php","meta":{"_acf_changed":false,"inline_featured_image":false,"footnotes":""},"class_list":["post-98205","page","type-page","status-publish","hentry"],"acf":{"title_banner":false,"title_banner_bg_bleed":false,"fullwidth_page":false,"banner_text_cta_show_banner":true,"blocks_image_content":[{"image":98237,"content":"<h3>Mont\u00e9r\u00e9gie: A Spring Business Destination<\/h3>\n<p>In the spring, Mont\u00e9r\u00e9gie comes alive with the return of greenery, blooming flowers, and mild temperatures\u2014creating an atmosphere that fosters collaboration and new ideas. It\u2019s the perfect season to host business meetings in inspiring venues and enjoy spring activities\u2014here are a few suggestions to help you make the most of it.<\/p>\n","bouton":{"title":"Read the article","url":"https:\/\/www.tourisme-monteregie.qc.ca\/en\/blog\/meetings\/monteregie-destination-affaires-printemps\/?section=meeting","target":"_blank"}},{"image":98247,"content":"<h3 id=\"monteregie-has-first-class-venues\">Mont\u00e9r\u00e9gie: A Summer Business Destination<\/h3>\n","bouton":""},{"image":98234,"content":"<h3>Mont\u00e9r\u00e9gie: An Autumn Business Destination<\/h3>\n<p>Mont\u00e9r\u00e9gie is a business destination that moves to the rhythm of the four seasons. Autumn brings a special touch with its vibrant landscapes and seasonal experiences, offering an inspiring setting right next to venues perfect for corporate events. Here are a few suggestions that combine autumn activities with meeting venues.<\/p>\n","bouton":{"title":"Read the article","url":"https:\/\/www.tourisme-monteregie.qc.ca\/blogue\/affaires\/monteregie-destination-affaires-automne\/?section=meeting","target":"_blank"}},{"image":98243,"content":"<h3>Mont\u00e9r\u00e9gie: A Winter Business Destination<\/h3>\n<p>Winter in Mont\u00e9r\u00e9gie transforms the region into a bright and serene playground, perfect for combining professional meetings with rejuvenating activities. Easily accessible from Montreal, it offers a range of options where business and relaxation come together against a snowy backdrop. Here are a few suggestions for a successful winter corporate retreat.<\/p>\n","bouton":{"title":"Read the article","url":"https:\/\/www.tourisme-monteregie.qc.ca\/blogue\/affaires\/monteregie-destination-affaires-hiver\/?section=meeting","target":"_blank"}}],"banner_image":{"ID":98220,"id":98220,"title":"Parc r\u00e9gional des \u00celes de Saint-Timoth\u00e9e","filename":"Parc-regional-des-Iles-de-Saint-Timothee.png","filesize":3538671,"url":"https:\/\/www.tourisme-monteregie.qc.ca\/wp-content\/uploads\/2025\/09\/Parc-regional-des-Iles-de-Saint-Timothee.png","link":"https:\/\/www.tourisme-monteregie.qc.ca\/en\/meetings\/one-region-four-seasons\/attachment\/parc-regional-des-iles-de-saint-timothee-2-2\/","alt":"","author":"23","description":"","caption":"","name":"parc-regional-des-iles-de-saint-timothee-2-2","status":"inherit","uploaded_to":98205,"date":"2025-09-23 21:06:16","modified":"2025-09-23 21:06:16","menu_order":0,"mime_type":"image\/png","type":"image","subtype":"png","icon":"https:\/\/www.tourisme-monteregie.qc.ca\/wp-includes\/images\/media\/default.png","width":2000,"height":1200,"sizes":{"thumbnail":"https:\/\/www.tourisme-monteregie.qc.ca\/wp-content\/uploads\/2025\/09\/Parc-regional-des-Iles-de-Saint-Timothee-150x150.png","thumbnail-width":150,"thumbnail-height":150,"medium":"https:\/\/www.tourisme-monteregie.qc.ca\/wp-content\/uploads\/2025\/09\/Parc-regional-des-Iles-de-Saint-Timothee-300x180.png","medium-width":300,"medium-height":180,"medium_large":"https:\/\/www.tourisme-monteregie.qc.ca\/wp-content\/uploads\/2025\/09\/Parc-regional-des-Iles-de-Saint-Timothee-768x461.png","medium_large-width":768,"medium_large-height":461,"large":"https:\/\/www.tourisme-monteregie.qc.ca\/wp-content\/uploads\/2025\/09\/Parc-regional-des-Iles-de-Saint-Timothee-1024x614.png","large-width":1024,"large-height":614,"1536x1536":"https:\/\/www.tourisme-monteregie.qc.ca\/wp-content\/uploads\/2025\/09\/Parc-regional-des-Iles-de-Saint-Timothee-1536x922.png","1536x1536-width":1536,"1536x1536-height":922,"2048x2048":"https:\/\/www.tourisme-monteregie.qc.ca\/wp-content\/uploads\/2025\/09\/Parc-regional-des-Iles-de-Saint-Timothee.png","2048x2048-width":2000,"2048x2048-height":1200,"post-thumb":"https:\/\/www.tourisme-monteregie.qc.ca\/wp-content\/uploads\/2025\/09\/Parc-regional-des-Iles-de-Saint-Timothee-275x165.png","post-thumb-width":275,"post-thumb-height":165,"imgBannerPopup":"https:\/\/www.tourisme-monteregie.qc.ca\/wp-content\/uploads\/2025\/09\/Parc-regional-des-Iles-de-Saint-Timothee-1200x634.png","imgBannerPopup-width":1200,"imgBannerPopup-height":634,"imgBanner":"https:\/\/www.tourisme-monteregie.qc.ca\/wp-content\/uploads\/2025\/09\/Parc-regional-des-Iles-de-Saint-Timothee-1920x630.png","imgBanner-width":1920,"imgBanner-height":630,"imgBannerFull":"https:\/\/www.tourisme-monteregie.qc.ca\/wp-content\/uploads\/2025\/09\/Parc-regional-des-Iles-de-Saint-Timothee-2000x720.png","imgBannerFull-width":2000,"imgBannerFull-height":720,"imgBannerMobile":"https:\/\/www.tourisme-monteregie.qc.ca\/wp-content\/uploads\/2025\/09\/Parc-regional-des-Iles-de-Saint-Timothee-650x650.png","imgBannerMobile-width":650,"imgBannerMobile-height":650,"imgBannerMobileSmall":"https:\/\/www.tourisme-monteregie.qc.ca\/wp-content\/uploads\/2025\/09\/Parc-regional-des-Iles-de-Saint-Timothee-400x400.png","imgBannerMobileSmall-width":400,"imgBannerMobileSmall-height":400,"imgMember":"https:\/\/www.tourisme-monteregie.qc.ca\/wp-content\/uploads\/2025\/09\/Parc-regional-des-Iles-de-Saint-Timothee-750x562.png","imgMember-width":750,"imgMember-height":562,"imgMemberSmall":"https:\/\/www.tourisme-monteregie.qc.ca\/wp-content\/uploads\/2025\/09\/Parc-regional-des-Iles-de-Saint-Timothee-400x240.png","imgMemberSmall-width":400,"imgMemberSmall-height":240,"imgTeam":"https:\/\/www.tourisme-monteregie.qc.ca\/wp-content\/uploads\/2025\/09\/Parc-regional-des-Iles-de-Saint-Timothee-540x400.png","imgTeam-width":540,"imgTeam-height":400,"imgTeamSmall":"https:\/\/www.tourisme-monteregie.qc.ca\/wp-content\/uploads\/2025\/09\/Parc-regional-des-Iles-de-Saint-Timothee-270x162.png","imgTeamSmall-width":270,"imgTeamSmall-height":162,"gform-image-choice-sm":"https:\/\/www.tourisme-monteregie.qc.ca\/wp-content\/uploads\/2025\/09\/Parc-regional-des-Iles-de-Saint-Timothee.png","gform-image-choice-sm-width":300,"gform-image-choice-sm-height":180,"gform-image-choice-md":"https:\/\/www.tourisme-monteregie.qc.ca\/wp-content\/uploads\/2025\/09\/Parc-regional-des-Iles-de-Saint-Timothee.png","gform-image-choice-md-width":400,"gform-image-choice-md-height":240,"gform-image-choice-lg":"https:\/\/www.tourisme-monteregie.qc.ca\/wp-content\/uploads\/2025\/09\/Parc-regional-des-Iles-de-Saint-Timothee.png","gform-image-choice-lg-width":600,"gform-image-choice-lg-height":360}},"banner_image_mobile":{"ID":98220,"id":98220,"title":"Parc r\u00e9gional des \u00celes de Saint-Timoth\u00e9e","filename":"Parc-regional-des-Iles-de-Saint-Timothee.png","filesize":3538671,"url":"https:\/\/www.tourisme-monteregie.qc.ca\/wp-content\/uploads\/2025\/09\/Parc-regional-des-Iles-de-Saint-Timothee.png","link":"https:\/\/www.tourisme-monteregie.qc.ca\/en\/meetings\/one-region-four-seasons\/attachment\/parc-regional-des-iles-de-saint-timothee-2-2\/","alt":"","author":"23","description":"","caption":"","name":"parc-regional-des-iles-de-saint-timothee-2-2","status":"inherit","uploaded_to":98205,"date":"2025-09-23 21:06:16","modified":"2025-09-23 21:06:16","menu_order":0,"mime_type":"image\/png","type":"image","subtype":"png","icon":"https:\/\/www.tourisme-monteregie.qc.ca\/wp-includes\/images\/media\/default.png","width":2000,"height":1200,"sizes":{"thumbnail":"https:\/\/www.tourisme-monteregie.qc.ca\/wp-content\/uploads\/2025\/09\/Parc-regional-des-Iles-de-Saint-Timothee-150x150.png","thumbnail-width":150,"thumbnail-height":150,"medium":"https:\/\/www.tourisme-monteregie.qc.ca\/wp-content\/uploads\/2025\/09\/Parc-regional-des-Iles-de-Saint-Timothee-300x180.png","medium-width":300,"medium-height":180,"medium_large":"https:\/\/www.tourisme-monteregie.qc.ca\/wp-content\/uploads\/2025\/09\/Parc-regional-des-Iles-de-Saint-Timothee-768x461.png","medium_large-width":768,"medium_large-height":461,"large":"https:\/\/www.tourisme-monteregie.qc.ca\/wp-content\/uploads\/2025\/09\/Parc-regional-des-Iles-de-Saint-Timothee-1024x614.png","large-width":1024,"large-height":614,"1536x1536":"https:\/\/www.tourisme-monteregie.qc.ca\/wp-content\/uploads\/2025\/09\/Parc-regional-des-Iles-de-Saint-Timothee-1536x922.png","1536x1536-width":1536,"1536x1536-height":922,"2048x2048":"https:\/\/www.tourisme-monteregie.qc.ca\/wp-content\/uploads\/2025\/09\/Parc-regional-des-Iles-de-Saint-Timothee.png","2048x2048-width":2000,"2048x2048-height":1200,"post-thumb":"https:\/\/www.tourisme-monteregie.qc.ca\/wp-content\/uploads\/2025\/09\/Parc-regional-des-Iles-de-Saint-Timothee-275x165.png","post-thumb-width":275,"post-thumb-height":165,"imgBannerPopup":"https:\/\/www.tourisme-monteregie.qc.ca\/wp-content\/uploads\/2025\/09\/Parc-regional-des-Iles-de-Saint-Timothee-1200x634.png","imgBannerPopup-width":1200,"imgBannerPopup-height":634,"imgBanner":"https:\/\/www.tourisme-monteregie.qc.ca\/wp-content\/uploads\/2025\/09\/Parc-regional-des-Iles-de-Saint-Timothee-1920x630.png","imgBanner-width":1920,"imgBanner-height":630,"imgBannerFull":"https:\/\/www.tourisme-monteregie.qc.ca\/wp-content\/uploads\/2025\/09\/Parc-regional-des-Iles-de-Saint-Timothee-2000x720.png","imgBannerFull-width":2000,"imgBannerFull-height":720,"imgBannerMobile":"https:\/\/www.tourisme-monteregie.qc.ca\/wp-content\/uploads\/2025\/09\/Parc-regional-des-Iles-de-Saint-Timothee-650x650.png","imgBannerMobile-width":650,"imgBannerMobile-height":650,"imgBannerMobileSmall":"https:\/\/www.tourisme-monteregie.qc.ca\/wp-content\/uploads\/2025\/09\/Parc-regional-des-Iles-de-Saint-Timothee-400x400.png","imgBannerMobileSmall-width":400,"imgBannerMobileSmall-height":400,"imgMember":"https:\/\/www.tourisme-monteregie.qc.ca\/wp-content\/uploads\/2025\/09\/Parc-regional-des-Iles-de-Saint-Timothee-750x562.png","imgMember-width":750,"imgMember-height":562,"imgMemberSmall":"https:\/\/www.tourisme-monteregie.qc.ca\/wp-content\/uploads\/2025\/09\/Parc-regional-des-Iles-de-Saint-Timothee-400x240.png","imgMemberSmall-width":400,"imgMemberSmall-height":240,"imgTeam":"https:\/\/www.tourisme-monteregie.qc.ca\/wp-content\/uploads\/2025\/09\/Parc-regional-des-Iles-de-Saint-Timothee-540x400.png","imgTeam-width":540,"imgTeam-height":400,"imgTeamSmall":"https:\/\/www.tourisme-monteregie.qc.ca\/wp-content\/uploads\/2025\/09\/Parc-regional-des-Iles-de-Saint-Timothee-270x162.png","imgTeamSmall-width":270,"imgTeamSmall-height":162,"gform-image-choice-sm":"https:\/\/www.tourisme-monteregie.qc.ca\/wp-content\/uploads\/2025\/09\/Parc-regional-des-Iles-de-Saint-Timothee.png","gform-image-choice-sm-width":300,"gform-image-choice-sm-height":180,"gform-image-choice-md":"https:\/\/www.tourisme-monteregie.qc.ca\/wp-content\/uploads\/2025\/09\/Parc-regional-des-Iles-de-Saint-Timothee.png","gform-image-choice-md-width":400,"gform-image-choice-md-height":240,"gform-image-choice-lg":"https:\/\/www.tourisme-monteregie.qc.ca\/wp-content\/uploads\/2025\/09\/Parc-regional-des-Iles-de-Saint-Timothee.png","gform-image-choice-lg-width":600,"gform-image-choice-lg-height":360}},"banner_title":"One region, four seasons","banner_teaser":"Near Montreal, Mont\u00e9r\u00e9gie is a four-season business destination ideal for meetings, conferences and team-building activities. Accessible and diverse, it offers quality venues and over 600 activities to turn your corporate events into memorable experiences.","active_ga4_event":false,"google_ads_key":""},"featured_image_urls_v2":{"full":"","thumbnail":"","medium":"","medium_large":"","large":"","1536x1536":"","2048x2048":"","post-thumb":"","imgBannerPopup":"","imgBanner":"","imgBannerFull":"","imgBannerMobile":"","imgBannerMobileSmall":"","imgMember":"","imgMemberSmall":"","imgTeam":"","imgTeamSmall":"","gform-image-choice-sm":"","gform-image-choice-md":"","gform-image-choice-lg":""},"post_excerpt_stackable_v2":"","category_list_v2":"","author_info_v2":{"name":"Marie-Eve Fontaine","url":"https:\/\/www.tourisme-monteregie.qc.ca\/en\/author\/mefontaine\/"},"comments_num_v2":"0 comments","yoast_head":"<!-- This site is optimized with the Yoast SEO plugin v27.5 - https:\/\/yoast.com\/product\/yoast-seo-wordpress\/ -->\n<title>Mont\u00e9r\u00e9gie Business Destination - A Four-Season Destination for Meetings and Corporate Events<\/title>\n<meta name=\"description\" content=\"Plan your meetings, conferences and corporate events in Mont\u00e9r\u00e9gie, just outside Montreal. Discover a four-season business destination with venues, accommodations and inspiring team-building activities.\" \/>\n<meta name=\"robots\" content=\"index, follow, max-snippet:-1, max-image-preview:large, max-video-preview:-1\" \/>\n<link rel=\"canonical\" href=\"https:\/\/www.tourisme-monteregie.qc.ca\/en\/meetings\/one-region-four-seasons\/\" \/>\n<meta property=\"og:locale\" content=\"en_US\" \/>\n<meta property=\"og:type\" content=\"article\" \/>\n<meta property=\"og:title\" content=\"Mont\u00e9r\u00e9gie Business Destination - A Four-Season Destination for Meetings and Corporate Events\" \/>\n<meta property=\"og:description\" content=\"Plan your meetings, conferences and corporate events in Mont\u00e9r\u00e9gie, just outside Montreal. Discover a four-season business destination with venues, accommodations and inspiring team-building activities.\" \/>\n<meta property=\"og:url\" content=\"https:\/\/www.tourisme-monteregie.qc.ca\/en\/meetings\/one-region-four-seasons\/\" \/>\n<meta property=\"og:site_name\" content=\"Tourisme Mont\u00e9r\u00e9gie\" \/>\n<meta property=\"article:publisher\" content=\"https:\/\/www.facebook.com\/tourisme.monteregie\" \/>\n<meta property=\"article:modified_time\" content=\"2026-04-07T18:05:40+00:00\" \/>\n<meta property=\"og:image\" content=\"https:\/\/www.tourisme-monteregie.qc.ca\/wp-content\/uploads\/2025\/02\/share-facebook.png\" \/>\n\t<meta property=\"og:image:width\" content=\"1200\" \/>\n\t<meta property=\"og:image:height\" content=\"630\" \/>\n\t<meta property=\"og:image:type\" content=\"image\/png\" \/>\n<meta name=\"twitter:card\" content=\"summary_large_image\" \/>\n<meta name=\"twitter:site\" content=\"@tourmonteregie\" \/>\n<meta name=\"twitter:label1\" content=\"Est. reading time\" \/>\n\t<meta name=\"twitter:data1\" content=\"3 minutes\" \/>\n<script type=\"application\/ld+json\" class=\"yoast-schema-graph\">{\"@context\":\"https:\\\/\\\/schema.org\",\"@graph\":[{\"@type\":\"WebPage\",\"@id\":\"https:\\\/\\\/www.tourisme-monteregie.qc.ca\\\/en\\\/meetings\\\/one-region-four-seasons\\\/\",\"url\":\"https:\\\/\\\/www.tourisme-monteregie.qc.ca\\\/en\\\/meetings\\\/one-region-four-seasons\\\/\",\"name\":\"Mont\u00e9r\u00e9gie Business Destination - A Four-Season Destination for Meetings and Corporate Events\",\"isPartOf\":{\"@id\":\"https:\\\/\\\/www.tourisme-monteregie.qc.ca\\\/en\\\/#website\"},\"datePublished\":\"2026-04-07T18:05:37+00:00\",\"dateModified\":\"2026-04-07T18:05:40+00:00\",\"description\":\"Plan your meetings, conferences and corporate events in Mont\u00e9r\u00e9gie, just outside Montreal. Discover a four-season business destination with venues, accommodations and inspiring team-building activities.\",\"breadcrumb\":{\"@id\":\"https:\\\/\\\/www.tourisme-monteregie.qc.ca\\\/en\\\/meetings\\\/one-region-four-seasons\\\/#breadcrumb\"},\"inLanguage\":\"en-CA\",\"potentialAction\":[{\"@type\":\"ReadAction\",\"target\":[\"https:\\\/\\\/www.tourisme-monteregie.qc.ca\\\/en\\\/meetings\\\/one-region-four-seasons\\\/\"]}]},{\"@type\":\"BreadcrumbList\",\"@id\":\"https:\\\/\\\/www.tourisme-monteregie.qc.ca\\\/en\\\/meetings\\\/one-region-four-seasons\\\/#breadcrumb\",\"itemListElement\":[{\"@type\":\"ListItem\",\"position\":1,\"name\":\"Accueil\",\"item\":\"https:\\\/\\\/www.tourisme-monteregie.qc.ca\\\/en\\\/accueil\\\/\"},{\"@type\":\"ListItem\",\"position\":2,\"name\":\"Meetings\",\"item\":\"https:\\\/\\\/www.tourisme-monteregie.qc.ca\\\/en\\\/meetings\\\/\"},{\"@type\":\"ListItem\",\"position\":3,\"name\":\"One region, four seasons\"}]},{\"@type\":\"WebSite\",\"@id\":\"https:\\\/\\\/www.tourisme-monteregie.qc.ca\\\/en\\\/#website\",\"url\":\"https:\\\/\\\/www.tourisme-monteregie.qc.ca\\\/en\\\/\",\"name\":\"Tourisme Mont\u00e9r\u00e9gie\",\"description\":\"\",\"publisher\":{\"@id\":\"https:\\\/\\\/www.tourisme-monteregie.qc.ca\\\/en\\\/#organization\"},\"potentialAction\":[{\"@type\":\"SearchAction\",\"target\":{\"@type\":\"EntryPoint\",\"urlTemplate\":\"https:\\\/\\\/www.tourisme-monteregie.qc.ca\\\/en\\\/?s={search_term_string}\"},\"query-input\":{\"@type\":\"PropertyValueSpecification\",\"valueRequired\":true,\"valueName\":\"search_term_string\"}}],\"inLanguage\":\"en-CA\"},{\"@type\":\"Organization\",\"@id\":\"https:\\\/\\\/www.tourisme-monteregie.qc.ca\\\/en\\\/#organization\",\"name\":\"Tourisme Mont\u00e9r\u00e9gie\",\"url\":\"https:\\\/\\\/www.tourisme-monteregie.qc.ca\\\/en\\\/\",\"logo\":{\"@type\":\"ImageObject\",\"inLanguage\":\"en-CA\",\"@id\":\"https:\\\/\\\/www.tourisme-monteregie.qc.ca\\\/en\\\/#\\\/schema\\\/logo\\\/image\\\/\",\"url\":\"https:\\\/\\\/www.tourisme-monteregie.qc.ca\\\/wp-content\\\/uploads\\\/2025\\\/02\\\/cropped-android-chrome-256x256-1.png\",\"contentUrl\":\"https:\\\/\\\/www.tourisme-monteregie.qc.ca\\\/wp-content\\\/uploads\\\/2025\\\/02\\\/cropped-android-chrome-256x256-1.png\",\"width\":512,\"height\":512,\"caption\":\"Tourisme Mont\u00e9r\u00e9gie\"},\"image\":{\"@id\":\"https:\\\/\\\/www.tourisme-monteregie.qc.ca\\\/en\\\/#\\\/schema\\\/logo\\\/image\\\/\"},\"sameAs\":[\"https:\\\/\\\/www.facebook.com\\\/tourisme.monteregie\",\"https:\\\/\\\/x.com\\\/tourmonteregie\",\"https:\\\/\\\/www.instagram.com\\\/tourismemonteregie\\\/\",\"https:\\\/\\\/www.pinterest.ca\\\/tourmonteregie\",\"https:\\\/\\\/www.youtube.com\\\/user\\\/tourismemonteregie\",\"https:\\\/\\\/www.linkedin.com\\\/company\\\/tourisme-monteregie\\\/\"]}]}<\/script>\n<!-- \/ Yoast SEO plugin. -->","yoast_head_json":{"title":"Mont\u00e9r\u00e9gie Business Destination - A Four-Season Destination for Meetings and Corporate Events","description":"Plan your meetings, conferences and corporate events in Mont\u00e9r\u00e9gie, just outside Montreal. Discover a four-season business destination with venues, accommodations and inspiring team-building activities.","robots":{"index":"index","follow":"follow","max-snippet":"max-snippet:-1","max-image-preview":"max-image-preview:large","max-video-preview":"max-video-preview:-1"},"canonical":"https:\/\/www.tourisme-monteregie.qc.ca\/en\/meetings\/one-region-four-seasons\/","og_locale":"en_US","og_type":"article","og_title":"Mont\u00e9r\u00e9gie Business Destination - A Four-Season Destination for Meetings and Corporate Events","og_description":"Plan your meetings, conferences and corporate events in Mont\u00e9r\u00e9gie, just outside Montreal. Discover a four-season business destination with venues, accommodations and inspiring team-building activities.","og_url":"https:\/\/www.tourisme-monteregie.qc.ca\/en\/meetings\/one-region-four-seasons\/","og_site_name":"Tourisme Mont\u00e9r\u00e9gie","article_publisher":"https:\/\/www.facebook.com\/tourisme.monteregie","article_modified_time":"2026-04-07T18:05:40+00:00","og_image":[{"width":1200,"height":630,"url":"https:\/\/www.tourisme-monteregie.qc.ca\/wp-content\/uploads\/2025\/02\/share-facebook.png","type":"image\/png"}],"twitter_card":"summary_large_image","twitter_site":"@tourmonteregie","twitter_misc":{"Est. reading time":"3 minutes"},"schema":{"@context":"https:\/\/schema.org","@graph":[{"@type":"WebPage","@id":"https:\/\/www.tourisme-monteregie.qc.ca\/en\/meetings\/one-region-four-seasons\/","url":"https:\/\/www.tourisme-monteregie.qc.ca\/en\/meetings\/one-region-four-seasons\/","name":"Mont\u00e9r\u00e9gie Business Destination - A Four-Season Destination for Meetings and Corporate Events","isPartOf":{"@id":"https:\/\/www.tourisme-monteregie.qc.ca\/en\/#website"},"datePublished":"2026-04-07T18:05:37+00:00","dateModified":"2026-04-07T18:05:40+00:00","description":"Plan your meetings, conferences and corporate events in Mont\u00e9r\u00e9gie, just outside Montreal. Discover a four-season business destination with venues, accommodations and inspiring team-building activities.","breadcrumb":{"@id":"https:\/\/www.tourisme-monteregie.qc.ca\/en\/meetings\/one-region-four-seasons\/#breadcrumb"},"inLanguage":"en-CA","potentialAction":[{"@type":"ReadAction","target":["https:\/\/www.tourisme-monteregie.qc.ca\/en\/meetings\/one-region-four-seasons\/"]}]},{"@type":"BreadcrumbList","@id":"https:\/\/www.tourisme-monteregie.qc.ca\/en\/meetings\/one-region-four-seasons\/#breadcrumb","itemListElement":[{"@type":"ListItem","position":1,"name":"Accueil","item":"https:\/\/www.tourisme-monteregie.qc.ca\/en\/accueil\/"},{"@type":"ListItem","position":2,"name":"Meetings","item":"https:\/\/www.tourisme-monteregie.qc.ca\/en\/meetings\/"},{"@type":"ListItem","position":3,"name":"One region, four seasons"}]},{"@type":"WebSite","@id":"https:\/\/www.tourisme-monteregie.qc.ca\/en\/#website","url":"https:\/\/www.tourisme-monteregie.qc.ca\/en\/","name":"Tourisme Mont\u00e9r\u00e9gie","description":"","publisher":{"@id":"https:\/\/www.tourisme-monteregie.qc.ca\/en\/#organization"},"potentialAction":[{"@type":"SearchAction","target":{"@type":"EntryPoint","urlTemplate":"https:\/\/www.tourisme-monteregie.qc.ca\/en\/?s={search_term_string}"},"query-input":{"@type":"PropertyValueSpecification","valueRequired":true,"valueName":"search_term_string"}}],"inLanguage":"en-CA"},{"@type":"Organization","@id":"https:\/\/www.tourisme-monteregie.qc.ca\/en\/#organization","name":"Tourisme Mont\u00e9r\u00e9gie","url":"https:\/\/www.tourisme-monteregie.qc.ca\/en\/","logo":{"@type":"ImageObject","inLanguage":"en-CA","@id":"https:\/\/www.tourisme-monteregie.qc.ca\/en\/#\/schema\/logo\/image\/","url":"https:\/\/www.tourisme-monteregie.qc.ca\/wp-content\/uploads\/2025\/02\/cropped-android-chrome-256x256-1.png","contentUrl":"https:\/\/www.tourisme-monteregie.qc.ca\/wp-content\/uploads\/2025\/02\/cropped-android-chrome-256x256-1.png","width":512,"height":512,"caption":"Tourisme Mont\u00e9r\u00e9gie"},"image":{"@id":"https:\/\/www.tourisme-monteregie.qc.ca\/en\/#\/schema\/logo\/image\/"},"sameAs":["https:\/\/www.facebook.com\/tourisme.monteregie","https:\/\/x.com\/tourmonteregie","https:\/\/www.instagram.com\/tourismemonteregie\/","https:\/\/www.pinterest.ca\/tourmonteregie","https:\/\/www.youtube.com\/user\/tourismemonteregie","https:\/\/www.linkedin.com\/company\/tourisme-monteregie\/"]}]}},"_links":{"self":[{"href":"https:\/\/www.tourisme-monteregie.qc.ca\/en\/wp-json\/wp\/v2\/pages\/98205","targetHints":{"allow":["GET"]}}],"collection":[{"href":"https:\/\/www.tourisme-monteregie.qc.ca\/en\/wp-json\/wp\/v2\/pages"}],"about":[{"href":"https:\/\/www.tourisme-monteregie.qc.ca\/en\/wp-json\/wp\/v2\/types\/page"}],"author":[{"embeddable":true,"href":"https:\/\/www.tourisme-monteregie.qc.ca\/en\/wp-json\/wp\/v2\/users\/23"}],"replies":[{"embeddable":true,"href":"https:\/\/www.tourisme-monteregie.qc.ca\/en\/wp-json\/wp\/v2\/comments?post=98205"}],"version-history":[{"count":2,"href":"https:\/\/www.tourisme-monteregie.qc.ca\/en\/wp-json\/wp\/v2\/pages\/98205\/revisions"}],"predecessor-version":[{"id":103934,"href":"https:\/\/www.tourisme-monteregie.qc.ca\/en\/wp-json\/wp\/v2\/pages\/98205\/revisions\/103934"}],"up":[{"embeddable":true,"href":"https:\/\/www.tourisme-monteregie.qc.ca\/en\/wp-json\/wp\/v2\/pages\/43046"}],"wp:attachment":[{"href":"https:\/\/www.tourisme-monteregie.qc.ca\/en\/wp-json\/wp\/v2\/media?parent=98205"}],"curies":[{"name":"wp","href":"https:\/\/api.w.org\/{rel}","templated":true}]}}